{"id":85497,"date":"2021-12-28T11:41:56","date_gmt":"2021-12-28T10:41:56","guid":{"rendered":"https:\/\/www.seaflowerstore.com\/nl\/aquamedic-reefdoser-evo-1\/"},"modified":"2024-03-19T15:50:44","modified_gmt":"2024-03-19T14:50:44","slug":"aquamedic-reefdoser-evo-1","status":"publish","type":"product","link":"https:\/\/www.seaflowerstore.com\/de\/aquamedic-reefdoser-evo-1\/","title":{"rendered":"Aquamedic Reefdoser EVO 1"},"content":{"rendered":"<h2>Aquamedic Reefdoser EVO 1<\/h2>\n<p>Wir stellen die Aqua Medic <strong>reefdoser EVO Serie 1, 3 und 5<\/strong> vor, bei denen jede integrierte Dosierpumpe einzeln gesteuert werden kann. Sie haben die Flexibilit\u00e4t, manuell oder automatisch zu dosieren, und jeder Kanal kann separat kalibriert werden. Die \u00fcber die App erreichbare Intervallsteuerung bietet vielf\u00e4ltige Einstellm\u00f6glichkeiten von einer Sekunde bis hin zur Tagesdosis.<\/p>\n<p><img loading=\"lazy\" decoding=\"async\" src=\"https:\/\/www.aqua-medic.de\/downloads\/onlinepicture\/App_picture_REEFDOSERevo.png\" alt=\"\" width=\"587\" height=\"306\" \/><\/p>\n<p>Zur bequemen Steuerung k\u00f6nnen Sie die App herunterladen:<\/p>\n<p><a href=\"https:\/\/apps.apple.com\/de\/app\/aqua-medic\/id1540718954\" target=\"_blank\" rel=\"noopener nofollow\"><br \/>\n<img loading=\"lazy\" decoding=\"async\" src=\"https:\/\/www.aqua-medic.de\/downloads\/onlinepicture\/Downloadbutton_grau_100px.png\" alt=\"\" width=\"100\" height=\"28\" \/><br \/>\n<\/a><br \/>\n<a href=\"https:\/\/play.google.com\/store\/apps\/details?id=com.jebao.AquaMedic\" target=\"_blank\" rel=\"noopener nofollow\"><br \/>\n<img loading=\"lazy\" decoding=\"async\" src=\"https:\/\/www.aqua-medic.de\/downloads\/onlinepicture\/Downloadbutton_grau_100px.png\" alt=\"\" width=\"100\" height=\"28\" \/><br \/>\n<\/a> <\/p>\n<p>(Verf\u00fcgbar im Apple iTunes Store und Google Play Store)<\/p>\n<p><strong>Features:<\/strong><\/p>\n<ul>\n<li>App-Steuerung erm\u00f6glicht vielf\u00e4ltige Dosierszenarien<\/li>\n<li>Flexible Montagem\u00f6glichkeiten mit Wandhalterung oder Standfu\u00df<\/li>\n<li>Aktive Signal-LED zur Anzeige des Pumpenbetriebs<\/li>\n<li>Bedienfeld mit Touch-Sensoren<\/li>\n<li>Integration weiterer reefdoser EVO 1, 3 oder 5 \u00fcber die App<\/li>\n<\/ul>\n<p><strong>Anwendungsbeispiele:<\/strong><\/p>\n<ul>\n<li>Regelm\u00e4\u00dfige Dosierung von Fl\u00fcssigkeiten, wie Spurenelemente und D\u00fcngemittel<\/li>\n<li>Calcium- und Hydrogencarbonat-Zugabe in Korallenriffaquarien<\/li>\n<li>Zugabe von Kalkwasser<\/li>\n<li>Automatische F\u00fctterung mit lebendem Plankton<\/li>\n<\/ul>\n<p><strong>Abmessungen des reefdoser EVO 1:<\/strong> ca. 97 x 105 x 127 mm (L\u00e4nge x Breite x H\u00f6he)<\/p>\n<p><strong>Technische Daten (Stromversorgung):<\/strong><\/p>\n<p>Eingang: 100 &#8211; 240 V AC \/ 50 &#8211; 60 Hz<br \/>\nAusgang: 12 V DC<\/p>\n","protected":false},"excerpt":{"rendered":"<p>Aquamedic Reefdoser EVO 1 channel dosingpump<\/p>\n","protected":false},"featured_media":83991,"template":"","meta":[],"pwb-brand":[2149],"product_cat":[1421,1537,741],"product_tag":[],"class_list":{"0":"post-85497","1":"product","2":"type-product","3":"status-publish","4":"has-post-thumbnail","6":"pwb-brand-aqua-medic","7":"product_cat-aqua-medic-de","8":"product_cat-aquarientechnik","9":"product_cat-brands","11":"first","12":"outofstock","13":"taxable","14":"shipping-taxable","15":"purchasable","16":"product-type-simple"},"acf":[],"brands":[{"id":2149,"name":"Aqua Medic","slug":"aqua-medic"}],"_links":{"self":[{"href":"https:\/\/www.seaflowerstore.com\/de\/wp-json\/wp\/v2\/product\/85497","targetHints":{"allow":["GET"]}}],"collection":[{"href":"https:\/\/www.seaflowerstore.com\/de\/wp-json\/wp\/v2\/product"}],"about":[{"href":"https:\/\/www.seaflowerstore.com\/de\/wp-json\/wp\/v2\/types\/product"}],"wp:featuredmedia":[{"embeddable":true,"href":"https:\/\/www.seaflowerstore.com\/de\/wp-json\/wp\/v2\/media\/83991"}],"wp:attachment":[{"href":"https:\/\/www.seaflowerstore.com\/de\/wp-json\/wp\/v2\/media?parent=85497"}],"wp:term":[{"taxonomy":"pwb-brand","embeddable":true,"href":"https:\/\/www.seaflowerstore.com\/de\/wp-json\/wp\/v2\/pwb-brand?post=85497"},{"taxonomy":"product_cat","embeddable":true,"href":"https:\/\/www.seaflowerstore.com\/de\/wp-json\/wp\/v2\/product_cat?post=85497"},{"taxonomy":"product_tag","embeddable":true,"href":"https:\/\/www.seaflowerstore.com\/de\/wp-json\/wp\/v2\/product_tag?post=85497"}],"curies":[{"name":"wp","href":"https:\/\/api.w.org\/{rel}","templated":true}]}}