{"id":85499,"date":"2021-12-27T16:53:08","date_gmt":"2021-12-27T15:53:08","guid":{"rendered":"https:\/\/www.seaflowerstore.com\/nl\/mastertronic-pump-abc-inner-hose\/"},"modified":"2025-08-30T13:52:51","modified_gmt":"2025-08-30T11:52:51","slug":"mastertronic-pump-abc-inner-hose","status":"publish","type":"product","link":"https:\/\/www.seaflowerstore.com\/de\/mastertronic-pump-abc-inner-hose\/","title":{"rendered":"Mastertronic Pump ABC inner hose"},"content":{"rendered":"<h2>Mastertronic Pump ABC inner hose which are in the blue small dosing heads<\/h2>\n<p>Der Innenschlauch der Mastertronic Pump ABC ist als Einzelst\u00fcck pro Pumpe lieferbar. Dieser Schlauch ist speziell f\u00fcr die blauen kleinen Dosierk\u00f6pfe konzipiert.<\/p>\n<p>Wenn Sie Fragen haben oder weitere Informationen ben\u00f6tigen, k\u00f6nnen Sie sich jederzeit an uns wenden. Wir helfen Ihnen gerne weiter!<\/p>\n","protected":false},"excerpt":{"rendered":"<p>Mastertronic Pump ABC inner hose which are in the blue small dosing heads<\/p>\n","protected":false},"featured_media":83989,"template":"","meta":[],"pwb-brand":[2261],"product_cat":[1387,1407],"product_tag":[],"class_list":{"0":"post-85499","1":"product","2":"type-product","3":"status-publish","4":"has-post-thumbnail","6":"pwb-brand-focustronic","7":"product_cat-messsysteme","8":"product_cat-focustronic-de","10":"first","11":"instock","12":"taxable","13":"shipping-taxable","14":"purchasable","15":"product-type-simple"},"acf":[],"brands":[{"id":2261,"name":"Focustronic","slug":"focustronic"}],"_links":{"self":[{"href":"https:\/\/www.seaflowerstore.com\/de\/wp-json\/wp\/v2\/product\/85499","targetHints":{"allow":["GET"]}}],"collection":[{"href":"https:\/\/www.seaflowerstore.com\/de\/wp-json\/wp\/v2\/product"}],"about":[{"href":"https:\/\/www.seaflowerstore.com\/de\/wp-json\/wp\/v2\/types\/product"}],"wp:featuredmedia":[{"embeddable":true,"href":"https:\/\/www.seaflowerstore.com\/de\/wp-json\/wp\/v2\/media\/83989"}],"wp:attachment":[{"href":"https:\/\/www.seaflowerstore.com\/de\/wp-json\/wp\/v2\/media?parent=85499"}],"wp:term":[{"taxonomy":"pwb-brand","embeddable":true,"href":"https:\/\/www.seaflowerstore.com\/de\/wp-json\/wp\/v2\/pwb-brand?post=85499"},{"taxonomy":"product_cat","embeddable":true,"href":"https:\/\/www.seaflowerstore.com\/de\/wp-json\/wp\/v2\/product_cat?post=85499"},{"taxonomy":"product_tag","embeddable":true,"href":"https:\/\/www.seaflowerstore.com\/de\/wp-json\/wp\/v2\/product_tag?post=85499"}],"curies":[{"name":"wp","href":"https:\/\/api.w.org\/{rel}","templated":true}]}}