{"id":85501,"date":"2021-12-15T18:29:16","date_gmt":"2021-12-15T17:29:16","guid":{"rendered":"https:\/\/www.seaflowerstore.com\/nl\/vca-1in-rfg-nozzle-w-1in-mondular-hose\/"},"modified":"2024-03-19T15:50:35","modified_gmt":"2024-03-19T14:50:35","slug":"vca-1in-rfg-nozzle-w-1in-mondular-hose","status":"publish","type":"product","link":"https:\/\/www.seaflowerstore.com\/de\/vca-1in-rfg-nozzle-w-1in-mondular-hose\/","title":{"rendered":"VCA 1in RFG Nozzle w\/1in Mondular Hose"},"content":{"rendered":"<h2>1in RFG-S Nozzle with 1&#8243; Mondular Hose fitting- RFGS100LL<\/h2>\n<p>Die 1-Zoll-RFG-S-D\u00fcse ist eine hervorragende Erg\u00e4nzung f\u00fcr Ihr Riffaquarium. Hier sind einige ihrer wichtigsten Funktionen:<\/p>\n<ul>\n<li>Erzeugt ein zuf\u00e4lliges Str\u00f6mungsmuster in Ihrem Riffaquarium ohne bewegliche Teile!<\/li>\n<li>Enth\u00e4lt ein 1-Zoll-NPT-Teil und ist daher mit standardm\u00e4\u00dfigen 1-Zoll-Gewindeschotten kompatibel.<\/li>\n<li><strong>Perfekt f\u00fcr den 1-Zoll-Sea Swirl!<\/strong><\/li>\n<li>Entworfen mit einem 1-Zoll-Modulschlauchanschluss.<\/li>\n<li>Hergestellt aus riffsicherem PETG-Kunststoff.<\/li>\n<\/ul>\n<p><strong>Durchflussempfehlungen:<\/strong> Die RFG-D\u00fcse kann deutlich mehr Durchfluss bew\u00e4ltigen als die \u201eoptimalen\u201c GPH-Empfehlungen. Wir empfehlen Ihnen, zu experimentieren und die Grenzen der RFG-D\u00fcsen zu testen, um herauszufinden, was f\u00fcr Ihr Setup am besten funktioniert.<\/p>\n<div id=\"tablepress-4-no-2_wrapper\" class=\"dataTables_wrapper no-footer\">\n<table id=\"tablepress-4-no-2\" class=\"tablepress tablepress-id-4 flow_numbers dataTable no-footer\" role=\"grid\" aria-describedby=\"tablepress-4-no-2-description\">\n<thead>\n<tr class=\"row-1 odd\" role=\"row\">\n<th class=\"column-1 sorting_disabled\" colspan=\"1\" rowspan=\"1\">Modell<\/th>\n<th class=\"column-2 sorting_disabled\" colspan=\"1\" rowspan=\"1\">Minimale LPH<\/th>\n<th class=\"column-3 sorting_disabled\" colspan=\"1\" rowspan=\"1\">Optimale LPH<\/th>\n<\/tr>\n<\/thead>\n<tbody class=\"row-hover\">\n<tr class=\"row-2 even\">\n<td class=\"column-1\">1in RFG<\/td>\n<td class=\"column-2\">1200-1500<\/td>\n<td class=\"column-3\">2700-3750<\/td>\n<\/tr>\n<\/tbody>\n<\/table>\n<\/div>\n","protected":false},"excerpt":{"rendered":"<p>1in RFG-S Nozzle w\/1in Mondular Hose &#8211; RFGS100LL<\/p>\n","protected":false},"featured_media":83980,"template":"","meta":[],"pwb-brand":[2269],"product_cat":[1451],"product_tag":[],"class_list":{"0":"post-85501","1":"product","2":"type-product","3":"status-publish","4":"has-post-thumbnail","6":"pwb-brand-vca","7":"product_cat-zubehoer","9":"first","10":"instock","11":"taxable","12":"shipping-taxable","13":"purchasable","14":"product-type-simple"},"acf":[],"brands":[{"id":2269,"name":"VCA","slug":"vca"}],"_links":{"self":[{"href":"https:\/\/www.seaflowerstore.com\/de\/wp-json\/wp\/v2\/product\/85501","targetHints":{"allow":["GET"]}}],"collection":[{"href":"https:\/\/www.seaflowerstore.com\/de\/wp-json\/wp\/v2\/product"}],"about":[{"href":"https:\/\/www.seaflowerstore.com\/de\/wp-json\/wp\/v2\/types\/product"}],"wp:featuredmedia":[{"embeddable":true,"href":"https:\/\/www.seaflowerstore.com\/de\/wp-json\/wp\/v2\/media\/83980"}],"wp:attachment":[{"href":"https:\/\/www.seaflowerstore.com\/de\/wp-json\/wp\/v2\/media?parent=85501"}],"wp:term":[{"taxonomy":"pwb-brand","embeddable":true,"href":"https:\/\/www.seaflowerstore.com\/de\/wp-json\/wp\/v2\/pwb-brand?post=85501"},{"taxonomy":"product_cat","embeddable":true,"href":"https:\/\/www.seaflowerstore.com\/de\/wp-json\/wp\/v2\/product_cat?post=85501"},{"taxonomy":"product_tag","embeddable":true,"href":"https:\/\/www.seaflowerstore.com\/de\/wp-json\/wp\/v2\/product_tag?post=85501"}],"curies":[{"name":"wp","href":"https:\/\/api.w.org\/{rel}","templated":true}]}}