{"id":85503,"date":"2021-11-23T13:46:23","date_gmt":"2021-11-23T12:46:23","guid":{"rendered":"https:\/\/www.seaflowerstore.com\/nl\/dsr-crs-trace\/"},"modified":"2024-03-19T15:50:58","modified_gmt":"2024-03-19T14:50:58","slug":"dsr-crs-trace","status":"publish","type":"product","link":"https:\/\/www.seaflowerstore.com\/de\/dsr-crs-trace\/","title":{"rendered":"DSR CRS Trace"},"content":{"rendered":"<h2>DSR CRS Trace solution for use when creating new saltwater<\/h2>\n<p>DSR CRS Trace ist ein innovatives Produkt, das Ihnen dabei hilft, Ihr eigenes Salzwasser herzustellen. Es ist besonders wirksam bei Problemen im Zusammenhang mit Schwermetallkontamination und schwankenden Wasserwerten. Dieses Produkt weist hervorragende Eigenschaften auf, ohne Schwermetalle zu enthalten.<\/p>\n<p>Sie werden feststellen, dass DSR CRS Trace genaue Werte liefert und eine einzigartige, individuelle Kontrolle \u00fcber Ihre Wasserqualit\u00e4t bietet, sodass Sie die gew\u00fcnschten Parameter beibehalten k\u00f6nnen. Zu Ihrer Bequemlichkeit steht auf der Website DSRREEFING.com der <a href=\"https:\/\/dsrreefing.com\/crscalc\/\" target=\"_blank\" rel=\"noopener nofollow\">CRS-Rechner<\/a> zur Verf\u00fcgung, mit dem Sie Ihre gew\u00fcnschten Werte ganz einfach festlegen k\u00f6nnen.<\/p>\n<p>Zur Herstellung Ihres Salzwassers ben\u00f6tigen Sie au\u00dferdem die folgenden Produkte:<\/p>\n<ul>\n<li>DSR KH<\/li>\n<li>DSR CA<\/li>\n<li>DSR Mg<\/li>\n<li>DSR MgSO4<\/li>\n<li>DSR NaCl oder lokal erh\u00e4ltliches Natriumchloridsalz, z. B. Broxo-Enth\u00e4rtungssalz<\/li>\n<\/ul>\n<p>F\u00fcr insgesamt 100 Liter ben\u00f6tigen Sie die folgenden Mengen:<\/p>\n<ul>\n<li>Ziele: Sal=33ppt<\/li>\n<li>KH=9<\/li>\n<li>Ca=440<\/li>\n<li>Mg=1350<\/li>\n<li>K=390<\/li>\n<li>Sr=8<\/li>\n<li>B=4<\/li>\n<li>I=0,06<\/li>\n<\/ul>\n<ul>\n<li>CRS Trace \u2013 400 ml<\/li>\n<li>DSR NaCl oder \u00e4hnliches \u2013 2688 g<\/li>\n<li>DSR KH+ \u2013 26 g<\/li>\n<li>DSR Ca+ \u2013 155 g<\/li>\n<li>DSR Mg+ \u2013 556 g<\/li>\n<li>DSR MgSO4 \u2013 695 g<\/li>\n<\/ul>\n<p><strong>**Nicht zur Dosierung geeignet**<\/strong><\/p>\n","protected":false},"excerpt":{"rendered":"<p>DSR CRS Trace solution for use when creating new saltwater<\/p>\n","protected":false},"featured_media":83970,"template":"","meta":[],"pwb-brand":[2183],"product_cat":[1443,1409],"product_tag":[],"class_list":{"0":"post-85503","1":"product","2":"type-product","3":"status-publish","4":"has-post-thumbnail","6":"pwb-brand-dsr","7":"product_cat-salzig","8":"product_cat-dsr-de","9":"pa_content-1000-ml","10":"pa_content-5000-ml","11":"pa_inhoud-1000-ml-de","12":"pa_inhoud-5000-ml-de","14":"first","15":"instock","16":"sale","17":"taxable","18":"shipping-taxable","19":"purchasable","20":"product-type-variable"},"acf":[],"brands":[{"id":2183,"name":"DSR","slug":"dsr"}],"_links":{"self":[{"href":"https:\/\/www.seaflowerstore.com\/de\/wp-json\/wp\/v2\/product\/85503","targetHints":{"allow":["GET"]}}],"collection":[{"href":"https:\/\/www.seaflowerstore.com\/de\/wp-json\/wp\/v2\/product"}],"about":[{"href":"https:\/\/www.seaflowerstore.com\/de\/wp-json\/wp\/v2\/types\/product"}],"wp:featuredmedia":[{"embeddable":true,"href":"https:\/\/www.seaflowerstore.com\/de\/wp-json\/wp\/v2\/media\/83970"}],"wp:attachment":[{"href":"https:\/\/www.seaflowerstore.com\/de\/wp-json\/wp\/v2\/media?parent=85503"}],"wp:term":[{"taxonomy":"pwb-brand","embeddable":true,"href":"https:\/\/www.seaflowerstore.com\/de\/wp-json\/wp\/v2\/pwb-brand?post=85503"},{"taxonomy":"product_cat","embeddable":true,"href":"https:\/\/www.seaflowerstore.com\/de\/wp-json\/wp\/v2\/product_cat?post=85503"},{"taxonomy":"product_tag","embeddable":true,"href":"https:\/\/www.seaflowerstore.com\/de\/wp-json\/wp\/v2\/product_tag?post=85503"}],"curies":[{"name":"wp","href":"https:\/\/api.w.org\/{rel}","templated":true}]}}