{"id":85507,"date":"2021-11-21T12:56:55","date_gmt":"2021-11-21T11:56:55","guid":{"rendered":"https:\/\/www.seaflowerstore.com\/nl\/neptune-systems-gro-refugium-light-with-pipe-mount\/"},"modified":"2024-03-19T15:50:21","modified_gmt":"2024-03-19T14:50:21","slug":"neptune-systems-gro-refugium-light-with-pipe-mount","status":"publish","type":"product","link":"https:\/\/www.seaflowerstore.com\/de\/neptune-systems-gro-refugium-light-with-pipe-mount\/","title":{"rendered":"Neptune Systems GRO Refugium Light with Pipe Mount"},"content":{"rendered":"<h2>Neptune Systems GRO Refugium Light with Pipe Mount<\/h2>\n<ul>\n<li>Speziell f\u00fcr den Anbau von Makroalgen entwickelt<\/li>\n<li>Kompaktes, rechteckiges LED-Licht<\/li>\n<li>Funktioniert mit jedem Apex-Modell oder eigenst\u00e4ndig<\/li>\n<li>Verf\u00fcgbar in zwei einfach zu montierenden Ausf\u00fchrungen<\/li>\n<\/ul>\n<p>Die Aufrechterhaltung niedriger N\u00e4hrstoffwerte ist f\u00fcr ein gesundes, algenfreies Meerwasseraquarium unerl\u00e4sslich. Viele erfolgreiche Riffaquarien nutzen einen mit Makroalgen gef\u00fcllten Wachstumsbereich oder ein Refugium, um die N\u00e4hrstoffe effektiv zu kontrollieren. Das <strong>GRO Makroalgenlicht<\/strong> ist ein spezielles 20-W-LED-Licht, das das Wachstum verschiedener g\u00e4ngiger Makroalgen wie <em>Chaetomorpha<\/em> f\u00f6rdert, indem es ein einzigartiges Lichtspektrum verwendet, das die Photosynthese maximiert.<\/p>\n<p>Das <strong>GRO<\/strong> konzentriert seine Leistung auf die Emission von Licht in zwei spezifischen Wellenl\u00e4ngen, die f\u00fcr das Wachstum von Makroalgen optimiert sind: 455\u2013460\u00a0nm und 620\u2013670\u00a0nm. Seine rechteckige Form stellt sicher, dass das richtige Licht die richtigen Bereiche erreicht, w\u00e4hrend gleichzeitig Lichtstreuung minimiert wird, die zu st\u00f6rendem Algenwachstum an anderen Stellen in Ihrem Sumpf f\u00fchren kann.<\/p>\n<p>Das Neptune Systems GRO Refugium Light l\u00e4sst sich bequem direkt an <strong>jeden verf\u00fcgbaren DC24-Anschluss in Ihrem Apex-\u00d6kosystem<\/strong> anschlie\u00dfen oder <strong>auch<\/strong> <strong>komplett eigenst\u00e4ndig<\/strong> betreiben.<\/p>\n<div id=\"modal-attributes\" class=\"block pure-u-1 pure-u-lg-1-2 product-block specifications attributes-toggle fixed-element\">\n<div class=\"block-content\">\n<strong style=\"font-size: 14.4px\">Funktionen<\/strong>\n<\/div>\n<\/div>\n<div class=\"pure-u-1 pure-u-lg-1-2 product-block product-info-specification\">\n<div class=\"block-content\">\n<ul>\n<li>Abmessungen: 22 x 15,5 x 3,5 cm (8,7\u2033 x 6,1\u2033 x 1,4\u2033) (Lichtplatte selbst weniger als 2,5 cm hoch)<\/li>\n<li>Kompaktes LED-Wachstumslicht mit 84 LEDs in vier Farben<\/li>\n<li>IP64 wasserfest<\/li>\n<li>Zwei fokussierte Wellenl\u00e4ngenb\u00e4nder (455-460 nm und 620-670 nm)<\/li>\n<li>Deckt einen Refugiumbereich von bis zu 45 x 60 cm (18\u201d x 24\u201d) ab<\/li>\n<li>Funktioniert <strong>eigenst\u00e4ndig<\/strong> mit dem Kauf eines <strong>optional erh\u00e4ltlichen Netzteils<\/strong>.<\/li>\n<li>Montage mit der <strong>Rohrschelle<\/strong> f\u00fcr Rohrleitungen mit einem Au\u00dfendurchmesser von <strong>25\u201338 mm<\/strong> (1\u2033\u20131,5\u2033).<\/li>\n<\/ul>\n<\/div>\n<\/div>\n<div class=\"pure-u-1 pure-u-lg-1-2 product-block product-info-manual\">\n<div class=\"block-title\">\n<strong>Installation<\/strong>\n<\/div>\n<div class=\"block-content\">\n<ul>\n<li>Nehmen Sie das GRO aus der Verpackung<\/li>\n<li>Stecken Sie <strong>GRO<\/strong> in einen der DC24-Anschl\u00fcsse Ihres Energy Bar 632 oder,<\/li>\n<li>Stecken Sie es in ein 1LINK-Modul<\/li>\n<li>W\u00e4hlen Sie <strong>GRO<\/strong> aus dem Aufgabenmen\u00fc<\/li>\n<\/ul>\n<\/div>\n<\/div>\n","protected":false},"excerpt":{"rendered":"<p>Neptune Systems GRO Refugium Light with Pipe Mount<\/p>\n","protected":false},"featured_media":83962,"template":"","meta":[],"pwb-brand":[2179],"product_cat":[1483,1408,1384,1423],"product_tag":[],"class_list":{"0":"post-85507","1":"product","2":"type-product","3":"status-publish","4":"has-post-thumbnail","6":"pwb-brand-neptune-systems","7":"product_cat-refugium-de","8":"product_cat-computer-de","9":"product_cat-led-de","10":"product_cat-neptune-systems-de","12":"first","13":"instock","14":"taxable","15":"shipping-taxable","16":"purchasable","17":"product-type-simple"},"acf":[],"brands":[{"id":2179,"name":"Neptune Systems","slug":"neptune-systems"}],"_links":{"self":[{"href":"https:\/\/www.seaflowerstore.com\/de\/wp-json\/wp\/v2\/product\/85507","targetHints":{"allow":["GET"]}}],"collection":[{"href":"https:\/\/www.seaflowerstore.com\/de\/wp-json\/wp\/v2\/product"}],"about":[{"href":"https:\/\/www.seaflowerstore.com\/de\/wp-json\/wp\/v2\/types\/product"}],"wp:featuredmedia":[{"embeddable":true,"href":"https:\/\/www.seaflowerstore.com\/de\/wp-json\/wp\/v2\/media\/83962"}],"wp:attachment":[{"href":"https:\/\/www.seaflowerstore.com\/de\/wp-json\/wp\/v2\/media?parent=85507"}],"wp:term":[{"taxonomy":"pwb-brand","embeddable":true,"href":"https:\/\/www.seaflowerstore.com\/de\/wp-json\/wp\/v2\/pwb-brand?post=85507"},{"taxonomy":"product_cat","embeddable":true,"href":"https:\/\/www.seaflowerstore.com\/de\/wp-json\/wp\/v2\/product_cat?post=85507"},{"taxonomy":"product_tag","embeddable":true,"href":"https:\/\/www.seaflowerstore.com\/de\/wp-json\/wp\/v2\/product_tag?post=85507"}],"curies":[{"name":"wp","href":"https:\/\/api.w.org\/{rel}","templated":true}]}}