{"id":85515,"date":"2021-11-18T14:48:00","date_gmt":"2021-11-18T13:48:00","guid":{"rendered":"https:\/\/www.seaflowerstore.com\/nl\/new-life-spectrum-medium-fish-2mm-sinking-salt-fresh-250g\/"},"modified":"2024-03-19T15:50:12","modified_gmt":"2024-03-19T14:50:12","slug":"new-life-spectrum-medium-fish-2mm-sinking-salt-fresh-250g","status":"publish","type":"product","link":"https:\/\/www.seaflowerstore.com\/de\/new-life-spectrum-medium-fish-2mm-sinking-salt-fresh-250g\/","title":{"rendered":"New Life Spectrum Medium Fish 2mm Sinking Salt\/Fresh &#8211; 250g"},"content":{"rendered":"<h2>New Life Spectrum Medium Fish 2mm Sinking Salt\/Fresh &#8211; 250g<\/h2>\n<p><strong>New Life Spectrum Thera A<\/strong> enth\u00e4lt Knoblauch und kann als vorbeugende Ma\u00dfnahme gegen Krankheiten wie die Fleckenkrankheit eingesetzt werden, obwohl es wichtig ist, darauf hinzuweisen, dass es nicht als Arzneimittel eingestuft wird. Diese Rezeptur f\u00f6rdert den Appetit aller Fische, auch der etwas schw\u00e4cheren.<\/p>\n<p>Das Futter wird aus hochwertigen, leicht verdaulichen Zutaten hergestellt, darunter s\u00fcdantarktischer Krill und Hering sowie einer Vielzahl nat\u00fcrlicher farbverst\u00e4rkender Komponenten. Diese ausgewogene Ern\u00e4hrung soll das gesamte Potenzial Ihres Fisches stimulieren.<\/p>\n<p>New Life Spectrum hat sich zum Ziel gesetzt, allen Fischen eine umfassende und ausgewogene Ern\u00e4hrung zu bieten. Die Rezeptur enth\u00e4lt <strong>Algenmehl<\/strong>, das aus Meeresalgen, Kelp und <em>Haematococcus pluvialis<\/em> (einer Art Mikroalge) besteht. Dar\u00fcber hinaus enth\u00e4lt es hochwertiges nat\u00fcrliches Spirulina und eine Mischung aus Frucht- und Gem\u00fcseextrakten, darunter:<\/p>\n<ul>\n<li>Spinat<\/li>\n<li>Rot- und Gr\u00fcnkohl<\/li>\n<li>Erbsen<\/li>\n<li>Brokkoli<\/li>\n<li>Rote Paprika<\/li>\n<li>Zucchini<\/li>\n<li>Tomate<\/li>\n<li>Kiwi<\/li>\n<li>Aprikose<\/li>\n<li>Birne<\/li>\n<li>Mango<\/li>\n<li>Apfel<\/li>\n<li>Papaya<\/li>\n<li>Pfirsich<\/li>\n<\/ul>\n<p>Dar\u00fcber hinaus enthalten alle New Life Spectrum-Produkte eine gro\u00dfz\u00fcgige Menge <strong>(Allium Sativum)<\/strong>, und die Thera-A-Formeln enthalten nat\u00fcrliche antiparasit\u00e4re Eigenschaften. Dies macht New Life Spectrum zu einer fantastischen Wahl, um Ihre Fische gesund und munter zu halten.<\/p>\n","protected":false},"excerpt":{"rendered":"<p>New Life Spectrum Medium Fish 2mm zinkende pellets Salt\/Fresh &#8211; 250g<\/p>\n","protected":false},"featured_media":83955,"template":"","meta":[],"pwb-brand":[2303],"product_cat":[1438,1447],"product_tag":[],"class_list":{"0":"post-85515","1":"product","2":"type-product","3":"status-publish","4":"has-post-thumbnail","6":"pwb-brand-new-life-spectrum","7":"product_cat-fischfutter","8":"product_cat-futter-de","10":"first","11":"instock","12":"taxable","13":"shipping-taxable","14":"purchasable","15":"product-type-simple"},"acf":[],"brands":[{"id":2303,"name":"New Life Spectrum","slug":"new-life-spectrum"}],"_links":{"self":[{"href":"https:\/\/www.seaflowerstore.com\/de\/wp-json\/wp\/v2\/product\/85515","targetHints":{"allow":["GET"]}}],"collection":[{"href":"https:\/\/www.seaflowerstore.com\/de\/wp-json\/wp\/v2\/product"}],"about":[{"href":"https:\/\/www.seaflowerstore.com\/de\/wp-json\/wp\/v2\/types\/product"}],"wp:featuredmedia":[{"embeddable":true,"href":"https:\/\/www.seaflowerstore.com\/de\/wp-json\/wp\/v2\/media\/83955"}],"wp:attachment":[{"href":"https:\/\/www.seaflowerstore.com\/de\/wp-json\/wp\/v2\/media?parent=85515"}],"wp:term":[{"taxonomy":"pwb-brand","embeddable":true,"href":"https:\/\/www.seaflowerstore.com\/de\/wp-json\/wp\/v2\/pwb-brand?post=85515"},{"taxonomy":"product_cat","embeddable":true,"href":"https:\/\/www.seaflowerstore.com\/de\/wp-json\/wp\/v2\/product_cat?post=85515"},{"taxonomy":"product_tag","embeddable":true,"href":"https:\/\/www.seaflowerstore.com\/de\/wp-json\/wp\/v2\/product_tag?post=85515"}],"curies":[{"name":"wp","href":"https:\/\/api.w.org\/{rel}","templated":true}]}}