{"id":85516,"date":"2021-11-18T13:25:18","date_gmt":"2021-11-18T12:25:18","guid":{"rendered":"https:\/\/www.seaflowerstore.com\/nl\/new-life-spectrum-thera-a-small-fish-5mm-sinking\/"},"modified":"2024-03-19T15:50:13","modified_gmt":"2024-03-19T14:50:13","slug":"new-life-spectrum-thera-a-small-fish-5mm-sinking","status":"publish","type":"product","link":"https:\/\/www.seaflowerstore.com\/de\/new-life-spectrum-thera-a-small-fish-5mm-sinking\/","title":{"rendered":"New Life Spectrum Thera-A Small Fish .5mm Sinking"},"content":{"rendered":"<h2>New Life Spectrum Thera-A Small Fish 0.5mm Sinking pellets for fresh and saltwater<\/h2>\n<p>\u201eThera A\u201c bietet eine ausgewogene Ern\u00e4hrung mit Knoblauch und ist daher eine ausgezeichnete Wahl f\u00fcr die F\u00fctterung von Fischen in stressigen Zeiten. Dazu geh\u00f6ren Situationen wie:<\/p>\n<ul>\n<li>Quarant\u00e4ne f\u00fcr neue Fische<\/li>\n<li>Erholung nach einer Krankheit<\/li>\n<li>F\u00fcttern von Jungfischen vor und nach dem Einfangen und Umsiedeln<\/li>\n<\/ul>\n<p>Knoblauch st\u00e4rkt bekannterma\u00dfen das Immunsystem und bietet Schutz vor Parasiten. Beachten Sie jedoch, dass \u201eThera A\u201c kein Medikament ist und es wichtig ist, die Behandlung von Krankheiten nach Bedarf fortzusetzen.<\/p>\n<p><strong>F\u00fcr:<\/strong> S\u00fc\u00dfwasser und Meerwasser<\/p>\n<p><strong>Typ:<\/strong> 0,5 mm sinkend<\/p>\n<p><strong>Typische Inhaltsstoffe:<\/strong> Ganzes antarktisches Krill, ganzer Hering, Vollkornmehl, Algen, Beta-Karotin, Spirulina, Knoblauch, Gem\u00fcse- und Fruchtextrakt, Vitamin-A-Acetat, Vitamin-D-Erg\u00e4nzung, Vitamin-B12-Erg\u00e4nzung, Vitamin-E-Erg\u00e4nzung, Riboflavin-Erg\u00e4nzung, Fols\u00e4ure, Niacin, Biotin, Calciumpantothenat, Pyridoxinhydrochlorid, L-Ascorbyl-2-Polyphosphat (stabil C), Ethylendiamin-Dihydroiodid, Kobaltsulfat, Eisensulfat, Mangansulfat, Cholin Chlorid.<\/p>\n<p><strong>Analyse:<\/strong><\/p>\n<ul>\n<li>Rohprotein: mindestens 38 %<\/li>\n<li>Rohfett: mindestens 7 %<\/li>\n<li>Rohfaser: maximal 5 %<\/li>\n<li>Asche: maximal 9 %<\/li>\n<li>Feuchtigkeit: 10 %<\/li>\n<\/ul>\n","protected":false},"excerpt":{"rendered":"<p>New Life Spectrum Thera-A Small Fish 0.5mm Sinking pellets for fresh and saltwater<\/p>\n","protected":false},"featured_media":83953,"template":"","meta":[],"pwb-brand":[2303],"product_cat":[1438,1424,1447,1492],"product_tag":[],"class_list":{"0":"post-85516","1":"product","2":"type-product","3":"status-publish","4":"has-post-thumbnail","6":"pwb-brand-new-life-spectrum","7":"product_cat-fischfutter","8":"product_cat-futter","9":"product_cat-futter-de","10":"product_cat-suesswasser","11":"pa_content-120-gr","12":"pa_content-50-gr","13":"pa_inhoud-120-gr-de","14":"pa_inhoud-50-gr-de","16":"first","17":"instock","18":"taxable","19":"shipping-taxable","20":"product-type-variable"},"acf":[],"brands":[{"id":2303,"name":"New Life Spectrum","slug":"new-life-spectrum"}],"_links":{"self":[{"href":"https:\/\/www.seaflowerstore.com\/de\/wp-json\/wp\/v2\/product\/85516","targetHints":{"allow":["GET"]}}],"collection":[{"href":"https:\/\/www.seaflowerstore.com\/de\/wp-json\/wp\/v2\/product"}],"about":[{"href":"https:\/\/www.seaflowerstore.com\/de\/wp-json\/wp\/v2\/types\/product"}],"wp:featuredmedia":[{"embeddable":true,"href":"https:\/\/www.seaflowerstore.com\/de\/wp-json\/wp\/v2\/media\/83953"}],"wp:attachment":[{"href":"https:\/\/www.seaflowerstore.com\/de\/wp-json\/wp\/v2\/media?parent=85516"}],"wp:term":[{"taxonomy":"pwb-brand","embeddable":true,"href":"https:\/\/www.seaflowerstore.com\/de\/wp-json\/wp\/v2\/pwb-brand?post=85516"},{"taxonomy":"product_cat","embeddable":true,"href":"https:\/\/www.seaflowerstore.com\/de\/wp-json\/wp\/v2\/product_cat?post=85516"},{"taxonomy":"product_tag","embeddable":true,"href":"https:\/\/www.seaflowerstore.com\/de\/wp-json\/wp\/v2\/product_tag?post=85516"}],"curies":[{"name":"wp","href":"https:\/\/api.w.org\/{rel}","templated":true}]}}