{"id":85519,"date":"2021-11-18T14:06:27","date_gmt":"2021-11-18T12:08:35","guid":{"rendered":"https:\/\/www.seaflowerstore.com\/nl\/tank-net-screen-replacement-4m-x-80cm-13x31\/"},"modified":"2024-03-19T15:50:09","modified_gmt":"2024-03-19T14:50:09","slug":"tank-net-screen-replacement-4m-x-80cm-13x31","status":"publish","type":"product","link":"https:\/\/www.seaflowerstore.com\/de\/tank-net-screen-replacement-4m-x-80cm-13x31\/","title":{"rendered":"Tank Net Screen Replacement 4m x 80cm &#8211; 13&#8217;x31&#8243;"},"content":{"rendered":"<h2>Tank Net Screen Replacement 4m x 80cm &#8211; 13&#8217;x31&#8243;<\/h2>\n<p>Artikelnummer: R42088<\/p>\n<p>Das Netzgitter l\u00e4sst sich ganz einfach auf die gew\u00fcnschte Gr\u00f6\u00dfe zuschneiden. Passen Sie es ganz nach Ihren W\u00fcnschen an!<\/p>\n","protected":false},"excerpt":{"rendered":"<p>Tank Net Screen Replacement 4m x 80cm &#8211; 13&#8217;x31&#8243; Net screen is easy to cut to the desired size<\/p>\n","protected":false},"featured_media":83952,"template":"","meta":[],"pwb-brand":[2125],"product_cat":[1413,1404],"product_tag":[],"class_list":{"0":"post-85519","1":"product","2":"type-product","3":"status-publish","4":"has-post-thumbnail","6":"pwb-brand-red-sea","7":"product_cat-herausspringschutz","8":"product_cat-redsea-de","10":"first","11":"instock","12":"taxable","13":"shipping-taxable","14":"purchasable","15":"product-type-simple"},"acf":[],"brands":[{"id":2125,"name":"Red Sea","slug":"red-sea"}],"_links":{"self":[{"href":"https:\/\/www.seaflowerstore.com\/de\/wp-json\/wp\/v2\/product\/85519","targetHints":{"allow":["GET"]}}],"collection":[{"href":"https:\/\/www.seaflowerstore.com\/de\/wp-json\/wp\/v2\/product"}],"about":[{"href":"https:\/\/www.seaflowerstore.com\/de\/wp-json\/wp\/v2\/types\/product"}],"wp:featuredmedia":[{"embeddable":true,"href":"https:\/\/www.seaflowerstore.com\/de\/wp-json\/wp\/v2\/media\/83952"}],"wp:attachment":[{"href":"https:\/\/www.seaflowerstore.com\/de\/wp-json\/wp\/v2\/media?parent=85519"}],"wp:term":[{"taxonomy":"pwb-brand","embeddable":true,"href":"https:\/\/www.seaflowerstore.com\/de\/wp-json\/wp\/v2\/pwb-brand?post=85519"},{"taxonomy":"product_cat","embeddable":true,"href":"https:\/\/www.seaflowerstore.com\/de\/wp-json\/wp\/v2\/product_cat?post=85519"},{"taxonomy":"product_tag","embeddable":true,"href":"https:\/\/www.seaflowerstore.com\/de\/wp-json\/wp\/v2\/product_tag?post=85519"}],"curies":[{"name":"wp","href":"https:\/\/api.w.org\/{rel}","templated":true}]}}