{"id":85522,"date":"2021-11-14T15:05:29","date_gmt":"2021-11-14T14:05:29","guid":{"rendered":"https:\/\/www.seaflowerstore.com\/nl\/fauna-marin-elementals-k-1000ml\/"},"modified":"2024-03-19T15:50:06","modified_gmt":"2024-03-19T14:50:06","slug":"fauna-marin-elementals-k-1000ml","status":"publish","type":"product","link":"https:\/\/www.seaflowerstore.com\/de\/fauna-marin-elementals-k-1000ml\/","title":{"rendered":"Fauna Marin Elementals K 1000ml"},"content":{"rendered":"<h2>Fauna Marin Elementals K 1000ml is an Essential concentrated potassium mix supplement for marine aquaria<\/h2>\n<p>Mit den Elementl\u00f6sungen von ELEMENTALS haben Sie eine kosteng\u00fcnstige und unkomplizierte M\u00f6glichkeit, die ersch\u00f6pften Elemente in Ihrem Riffaquarium wieder aufzuf\u00fcllen.<\/p>\n<p><strong>DOSIERUNG:<\/strong><\/p>\n<ul>\n<li>10 ml pro 100 Liter (26 US-Gallonen) liefern 10 mg Kalium.<\/li>\n<li>Optimale Menge: 350 &#8211; 400 mg\/Liter.<\/li>\n<li>Maximale Dosierung: 50 mg Kalium pro Liter (0,26 Gallonen).<\/li>\n<\/ul>\n","protected":false},"excerpt":{"rendered":"<p>Fauna Marin Elementals K 1000ml is an <span style=\"font-size: 14.4px\">Essential concentrated pottasiummix supplement for marine aquaria<\/span><\/p>\n","protected":false},"featured_media":83949,"template":"","meta":[],"pwb-brand":[2177],"product_cat":[1391,1437],"product_tag":[],"class_list":{"0":"post-85522","1":"product","2":"type-product","3":"status-publish","4":"has-post-thumbnail","6":"pwb-brand-fauna-marin","7":"product_cat-ergaenzungen","8":"product_cat-fauna-marin-de","10":"first","11":"instock","12":"taxable","13":"shipping-taxable","14":"purchasable","15":"product-type-simple"},"acf":[],"brands":[{"id":2177,"name":"Fauna Marin","slug":"fauna-marin"}],"_links":{"self":[{"href":"https:\/\/www.seaflowerstore.com\/de\/wp-json\/wp\/v2\/product\/85522","targetHints":{"allow":["GET"]}}],"collection":[{"href":"https:\/\/www.seaflowerstore.com\/de\/wp-json\/wp\/v2\/product"}],"about":[{"href":"https:\/\/www.seaflowerstore.com\/de\/wp-json\/wp\/v2\/types\/product"}],"wp:featuredmedia":[{"embeddable":true,"href":"https:\/\/www.seaflowerstore.com\/de\/wp-json\/wp\/v2\/media\/83949"}],"wp:attachment":[{"href":"https:\/\/www.seaflowerstore.com\/de\/wp-json\/wp\/v2\/media?parent=85522"}],"wp:term":[{"taxonomy":"pwb-brand","embeddable":true,"href":"https:\/\/www.seaflowerstore.com\/de\/wp-json\/wp\/v2\/pwb-brand?post=85522"},{"taxonomy":"product_cat","embeddable":true,"href":"https:\/\/www.seaflowerstore.com\/de\/wp-json\/wp\/v2\/product_cat?post=85522"},{"taxonomy":"product_tag","embeddable":true,"href":"https:\/\/www.seaflowerstore.com\/de\/wp-json\/wp\/v2\/product_tag?post=85522"}],"curies":[{"name":"wp","href":"https:\/\/api.w.org\/{rel}","templated":true}]}}