{"id":85523,"date":"2021-11-14T14:30:21","date_gmt":"2021-11-14T13:30:21","guid":{"rendered":"https:\/\/www.seaflowerstore.com\/nl\/fauna-marin-elementals-kh-1000ml\/"},"modified":"2024-03-19T15:50:03","modified_gmt":"2024-03-19T14:50:03","slug":"fauna-marin-elementals-kh-1000ml","status":"publish","type":"product","link":"https:\/\/www.seaflowerstore.com\/de\/fauna-marin-elementals-kh-1000ml\/","title":{"rendered":"Fauna Marin Elementals KH 1000ml"},"content":{"rendered":"<h2>Fauna Marin Elementals KH 1000ml<\/h2>\n<p>Fauna Marin Elementals KH 1000ml ist eine hochreine, stabilisierte Multicarbonatl\u00f6sung, die die Karbonath\u00e4rte und Alkalinit\u00e4t in Riffaquarien effektiv erh\u00f6ht.<\/p>\n<p><strong>Dosierung:<\/strong> Um optimale Ergebnisse zu erzielen, verwenden Sie 20 ml Elementals KH pro 100 Liter (oder 26 US-Gallonen) Wasser. Dadurch wird die Alkalinit\u00e4t um 1 dKH erh\u00f6ht. Die maximale Tagesdosis, die Sie anwenden sollten, betr\u00e4gt +2 dKH (0,7 meq\/L).<\/p>\n<p>Bitte denken Sie daran, alle Anpassungen an Ihrem Aquarium langsam und mit Sorgfalt vorzunehmen. Der empfohlene dKH-Wert f\u00fcr optimale Gesundheit liegt zwischen 6 und 9 dKH.<\/p>\n","protected":false},"excerpt":{"rendered":"<p>Fauna Marin Elementals KH 1000ml\u00a0is a high purity stabilized multi-carbonate solution that easily increases the carbonate hardness\/alkalinity in reef aquariums<\/p>\n","protected":false},"featured_media":83948,"template":"","meta":[],"pwb-brand":[2177],"product_cat":[1391,1437],"product_tag":[],"class_list":{"0":"post-85523","1":"product","2":"type-product","3":"status-publish","4":"has-post-thumbnail","6":"pwb-brand-fauna-marin","7":"product_cat-ergaenzungen","8":"product_cat-fauna-marin-de","10":"first","11":"instock","12":"taxable","13":"shipping-taxable","14":"purchasable","15":"product-type-simple"},"acf":[],"brands":[{"id":2177,"name":"Fauna Marin","slug":"fauna-marin"}],"_links":{"self":[{"href":"https:\/\/www.seaflowerstore.com\/de\/wp-json\/wp\/v2\/product\/85523","targetHints":{"allow":["GET"]}}],"collection":[{"href":"https:\/\/www.seaflowerstore.com\/de\/wp-json\/wp\/v2\/product"}],"about":[{"href":"https:\/\/www.seaflowerstore.com\/de\/wp-json\/wp\/v2\/types\/product"}],"wp:featuredmedia":[{"embeddable":true,"href":"https:\/\/www.seaflowerstore.com\/de\/wp-json\/wp\/v2\/media\/83948"}],"wp:attachment":[{"href":"https:\/\/www.seaflowerstore.com\/de\/wp-json\/wp\/v2\/media?parent=85523"}],"wp:term":[{"taxonomy":"pwb-brand","embeddable":true,"href":"https:\/\/www.seaflowerstore.com\/de\/wp-json\/wp\/v2\/pwb-brand?post=85523"},{"taxonomy":"product_cat","embeddable":true,"href":"https:\/\/www.seaflowerstore.com\/de\/wp-json\/wp\/v2\/product_cat?post=85523"},{"taxonomy":"product_tag","embeddable":true,"href":"https:\/\/www.seaflowerstore.com\/de\/wp-json\/wp\/v2\/product_tag?post=85523"}],"curies":[{"name":"wp","href":"https:\/\/api.w.org\/{rel}","templated":true}]}}