{"id":85525,"date":"2021-11-14T13:46:02","date_gmt":"2021-11-14T11:47:10","guid":{"rendered":"https:\/\/www.seaflowerstore.com\/nl\/fauna-marin-elementals-mg-1000ml\/"},"modified":"2024-03-19T15:50:01","modified_gmt":"2024-03-19T14:50:01","slug":"fauna-marin-elementals-mg-1000ml","status":"publish","type":"product","link":"https:\/\/www.seaflowerstore.com\/de\/fauna-marin-elementals-mg-1000ml\/","title":{"rendered":"Fauna Marin Elementals Mg 1000ml"},"content":{"rendered":"<h2>Fauna Marin Elementals Mg 1000ml<\/h2>\n<p>Fauna Marin Elementals Mg 1000 ml ist ein essentielles Element, das hilft, die Kalzium- und Karbonatkonzentrationen im Aquarienwasser aufrechtzuerhalten. Es wird haupts\u00e4chlich von roten Kalkalgen und Weichkorallen verwendet. In der richtigen Konzentration verbessert sich die Kalkbildungsrate der Korallen erheblich.<\/p>\n<p>Wir empfehlen, den Magnesiumspiegel zwischen <strong>1300 \u2013 1350 mg\/l<\/strong> (bei einem Salzgehalt von 35) aufrechtzuerhalten und den Magnesiumgehalt regelm\u00e4\u00dfig mit einem Wassertest zu \u00fcberpr\u00fcfen.<\/p>\n<p><strong>Dosierung<\/strong>: 50 ml pro 100 l (26 US-Gallonen) erh\u00f6hen den Magnesiumgehalt um ungef\u00e4hr <strong>100 mg\/l<\/strong>. Die maximale Tagesdosis soll sicherstellen, dass Sie den Magnesiumgehalt nicht um mehr als <strong>100 ml\/100 l<\/strong> pro Tag erh\u00f6hen.<\/p>\n<p><strong>Lagerung<\/strong>: Halten Sie den Beh\u00e4lter nach dem \u00d6ffnen immer geschlossen und lagern Sie ihn an einem dunklen Ort bei Raumtemperatur.<\/p>\n","protected":false},"excerpt":{"rendered":"<p>Fauna Marin Elementals Mg 1000ml is an essential element that helps maintain calcium and carbonate concentrations in aquarium water<\/p>\n","protected":false},"featured_media":83946,"template":"","meta":[],"pwb-brand":[2177],"product_cat":[1391,1437],"product_tag":[],"class_list":{"0":"post-85525","1":"product","2":"type-product","3":"status-publish","4":"has-post-thumbnail","6":"pwb-brand-fauna-marin","7":"product_cat-ergaenzungen","8":"product_cat-fauna-marin-de","10":"first","11":"instock","12":"taxable","13":"shipping-taxable","14":"purchasable","15":"product-type-simple"},"acf":[],"brands":[{"id":2177,"name":"Fauna Marin","slug":"fauna-marin"}],"_links":{"self":[{"href":"https:\/\/www.seaflowerstore.com\/de\/wp-json\/wp\/v2\/product\/85525","targetHints":{"allow":["GET"]}}],"collection":[{"href":"https:\/\/www.seaflowerstore.com\/de\/wp-json\/wp\/v2\/product"}],"about":[{"href":"https:\/\/www.seaflowerstore.com\/de\/wp-json\/wp\/v2\/types\/product"}],"wp:featuredmedia":[{"embeddable":true,"href":"https:\/\/www.seaflowerstore.com\/de\/wp-json\/wp\/v2\/media\/83946"}],"wp:attachment":[{"href":"https:\/\/www.seaflowerstore.com\/de\/wp-json\/wp\/v2\/media?parent=85525"}],"wp:term":[{"taxonomy":"pwb-brand","embeddable":true,"href":"https:\/\/www.seaflowerstore.com\/de\/wp-json\/wp\/v2\/pwb-brand?post=85525"},{"taxonomy":"product_cat","embeddable":true,"href":"https:\/\/www.seaflowerstore.com\/de\/wp-json\/wp\/v2\/product_cat?post=85525"},{"taxonomy":"product_tag","embeddable":true,"href":"https:\/\/www.seaflowerstore.com\/de\/wp-json\/wp\/v2\/product_tag?post=85525"}],"curies":[{"name":"wp","href":"https:\/\/api.w.org\/{rel}","templated":true}]}}