{"id":85526,"date":"2021-11-14T13:34:27","date_gmt":"2021-11-14T12:34:27","guid":{"rendered":"https:\/\/www.seaflowerstore.com\/nl\/fauna-marin-elementals-sr-1000ml\/"},"modified":"2024-03-19T15:50:00","modified_gmt":"2024-03-19T14:50:00","slug":"fauna-marin-elementals-sr-1000ml","status":"publish","type":"product","link":"https:\/\/www.seaflowerstore.com\/de\/fauna-marin-elementals-sr-1000ml\/","title":{"rendered":"Fauna Marin Elementals Sr &#8211; 1000ml"},"content":{"rendered":"<h2>Fauna Marin Elementals Sr &#8211; 1000ml Essential concentrated strontium supplement for marine aquaria<\/h2>\n<p>Mit den Elementl\u00f6sungen von Fauna Marin ELEMENTALS haben Sie eine kosteng\u00fcnstige und unkomplizierte M\u00f6glichkeit, die essentiellen Elemente in Ihrem Riffaquarium aufzuf\u00fcllen.<\/p>\n<p><strong>DOSIERUNG:<\/strong><\/p>\n<ul>\n<li>10 ml pro 100 Liter (26 US-Gallonen) entsprechen +2 mg Strontium pro Liter.<\/li>\n<li>Die maximale Dosierung betr\u00e4gt 2 mg Strontium pro Liter oder 0,26 Gallonen pro Tag.<\/li>\n<\/ul>\n","protected":false},"excerpt":{"rendered":"<p>Fauna Marin Elementals Sr 1000ml Essential concentrated strontium supplement for marine aquaria<\/p>\n","protected":false},"featured_media":83945,"template":"","meta":[],"pwb-brand":[2177],"product_cat":[1391,1437],"product_tag":[],"class_list":{"0":"post-85526","1":"product","2":"type-product","3":"status-publish","4":"has-post-thumbnail","6":"pwb-brand-fauna-marin","7":"product_cat-ergaenzungen","8":"product_cat-fauna-marin-de","10":"first","11":"instock","12":"taxable","13":"shipping-taxable","14":"purchasable","15":"product-type-simple"},"acf":[],"brands":[{"id":2177,"name":"Fauna Marin","slug":"fauna-marin"}],"_links":{"self":[{"href":"https:\/\/www.seaflowerstore.com\/de\/wp-json\/wp\/v2\/product\/85526","targetHints":{"allow":["GET"]}}],"collection":[{"href":"https:\/\/www.seaflowerstore.com\/de\/wp-json\/wp\/v2\/product"}],"about":[{"href":"https:\/\/www.seaflowerstore.com\/de\/wp-json\/wp\/v2\/types\/product"}],"wp:featuredmedia":[{"embeddable":true,"href":"https:\/\/www.seaflowerstore.com\/de\/wp-json\/wp\/v2\/media\/83945"}],"wp:attachment":[{"href":"https:\/\/www.seaflowerstore.com\/de\/wp-json\/wp\/v2\/media?parent=85526"}],"wp:term":[{"taxonomy":"pwb-brand","embeddable":true,"href":"https:\/\/www.seaflowerstore.com\/de\/wp-json\/wp\/v2\/pwb-brand?post=85526"},{"taxonomy":"product_cat","embeddable":true,"href":"https:\/\/www.seaflowerstore.com\/de\/wp-json\/wp\/v2\/product_cat?post=85526"},{"taxonomy":"product_tag","embeddable":true,"href":"https:\/\/www.seaflowerstore.com\/de\/wp-json\/wp\/v2\/product_tag?post=85526"}],"curies":[{"name":"wp","href":"https:\/\/api.w.org\/{rel}","templated":true}]}}