{"id":85527,"date":"2021-11-14T13:03:31","date_gmt":"2021-11-14T12:03:31","guid":{"rendered":"https:\/\/www.seaflowerstore.com\/nl\/api-copper-test-kit\/"},"modified":"2024-03-19T15:49:59","modified_gmt":"2024-03-19T14:49:59","slug":"api-copper-test-kit","status":"publish","type":"product","link":"https:\/\/www.seaflowerstore.com\/de\/api-copper-test-kit\/","title":{"rendered":"API Copper Test Kit"},"content":{"rendered":"<h2>API Copper Test Kit for fresh- and saltwater aquarium<\/h2>\n<p>Kupfer ist ein g\u00e4ngiges Mittel zur Behandlung verschiedener parasit\u00e4rer Infektionen und es ist wichtig, den Kupfergehalt in Ihrem Aquarium oder Teich zu \u00fcberwachen. Wenn der Kupfergehalt zu niedrig ist, wirkt die Behandlung m\u00f6glicherweise nicht effektiv, w\u00e4hrend ein \u00dcberschuss die Gesundheit Ihrer Fische sch\u00e4digen kann. Es ist auch m\u00f6glich, dass Ihr Leitungswasser Kupfer enth\u00e4lt.<\/p>\n<p>Mit dem <strong>API-KUPFERTESTKIT<\/strong> k\u00f6nnen Sie den Kupfergehalt ganz einfach genau \u00fcberwachen und sicherstellen, dass Ihre kupferbasierten Fischbehandlungen auf therapeutischem Niveau bleiben. Dieses Kit testet Kupferwerte im Bereich von 0 bis 4 ppm und misst sowohl freies als auch chelatiertes Kupfer. Es ist sowohl f\u00fcr S\u00fc\u00df- als auch f\u00fcr Salzwasseraquarien sowie Teiche geeignet.<\/p>\n<p>Das Kit enth\u00e4lt:<\/p>\n<ul>\n<li>90 Tests<\/li>\n<li>1 Testflasche<\/li>\n<li>Einfach verst\u00e4ndliche Anleitung<\/li>\n<li>Glastestr\u00f6hrchen<\/li>\n<li>Farbkarte<\/li>\n<\/ul>\n<p><strong>Warum auf Kupfer testen?<\/strong><\/p>\n<p>Kupfer wird h\u00e4ufig zur Behandlung von Parasiteninfektionen bei S\u00fc\u00df- und Salzwasserfischen verwendet. Um wirksam zu sein, ist es wichtig, die Kupferkonzentration mehrere Wochen lang auf therapeutischem Niveau zu halten. Regelm\u00e4\u00dfige Tests sind notwendig, um diese Werte im Auge zu behalten.<\/p>\n<p>Seien Sie vorsichtig, da Kupfer nicht in Aquarien mit Wirbellosen wie Schnecken, Garnelen, Flusskrebsen und Korallen oder in Becken mit lebenden Pflanzen verwendet werden sollte. Dar\u00fcber hinaus reagieren einige Fischarten besonders empfindlich auf Kupferbehandlungen. Denken Sie daran, dass Kupfer auch \u00fcber Leitungswasser in Ihr Aquarium gelangen kann, das aus Rohren ausgelaugtes Kupfer enthalten kann.<\/p>\n<p><strong>Testtipps<\/strong><\/p>\n<p>Dieses Testkit misst den Gesamtkupfergehalt (sowohl frei als auch chelatiert) in Teilen pro Million (ppm) oder Milligramm pro Liter (mg\/l) von 0 bis 4,0 ppm (mg\/l). Chelatisierte Kupferverbindungen sind stabil und k\u00f6nnen \u00fcber l\u00e4ngere Zeitr\u00e4ume in L\u00f6sung verbleiben, w\u00e4hrend der Gehalt an freiem Kupfer schnell sinken kann und t\u00e4glich getestet werden sollte.<\/p>\n","protected":false},"excerpt":{"rendered":"<p>API Copper Test Kit for fresh- and saltwater aquarium<\/p>\n","protected":false},"featured_media":83944,"template":"","meta":[],"pwb-brand":[2283],"product_cat":[1400,1446],"product_tag":[],"class_list":{"0":"post-85527","1":"product","2":"type-product","3":"status-publish","4":"has-post-thumbnail","6":"pwb-brand-api","7":"product_cat-tester","8":"product_cat-testers-de","10":"first","11":"instock","12":"taxable","13":"shipping-taxable","14":"purchasable","15":"product-type-simple"},"acf":[],"brands":[{"id":2283,"name":"API","slug":"api"}],"_links":{"self":[{"href":"https:\/\/www.seaflowerstore.com\/de\/wp-json\/wp\/v2\/product\/85527","targetHints":{"allow":["GET"]}}],"collection":[{"href":"https:\/\/www.seaflowerstore.com\/de\/wp-json\/wp\/v2\/product"}],"about":[{"href":"https:\/\/www.seaflowerstore.com\/de\/wp-json\/wp\/v2\/types\/product"}],"wp:featuredmedia":[{"embeddable":true,"href":"https:\/\/www.seaflowerstore.com\/de\/wp-json\/wp\/v2\/media\/83944"}],"wp:attachment":[{"href":"https:\/\/www.seaflowerstore.com\/de\/wp-json\/wp\/v2\/media?parent=85527"}],"wp:term":[{"taxonomy":"pwb-brand","embeddable":true,"href":"https:\/\/www.seaflowerstore.com\/de\/wp-json\/wp\/v2\/pwb-brand?post=85527"},{"taxonomy":"product_cat","embeddable":true,"href":"https:\/\/www.seaflowerstore.com\/de\/wp-json\/wp\/v2\/product_cat?post=85527"},{"taxonomy":"product_tag","embeddable":true,"href":"https:\/\/www.seaflowerstore.com\/de\/wp-json\/wp\/v2\/product_tag?post=85527"}],"curies":[{"name":"wp","href":"https:\/\/api.w.org\/{rel}","templated":true}]}}