{"id":85529,"date":"2021-11-12T07:52:56","date_gmt":"2021-11-12T06:52:56","guid":{"rendered":"https:\/\/www.seaflowerstore.com\/nl\/seachem-reef-dip-250-ml\/"},"modified":"2024-03-19T15:49:57","modified_gmt":"2024-03-19T14:49:57","slug":"seachem-reef-dip-250-ml","status":"publish","type":"product","link":"https:\/\/www.seaflowerstore.com\/de\/seachem-reef-dip-250-ml\/","title":{"rendered":"Seachem Reef Dip 250 ml"},"content":{"rendered":"<h2>Seachem Reef Dip 250 ml Elemental iodine complex to disinfect corals especially after fragging<\/h2>\n<p>Reef Dip enth\u00e4lt einen elementaren Jodkomplex, der mit einer sch\u00fctzenden Schleimschicht kombiniert ist, was es zu einer sicheren und schonenden Wahl f\u00fcr die Desinfektion von Korallen macht. Es wirkt effektiv gegen Bakterien, Pilze und Protozoen und kann entweder als vorbeugende Ma\u00dfnahme oder zur Behandlung erkrankter Exemplare verwendet werden. Dieses Produkt eignet sich sowohl f\u00fcr Stein- als auch Weichkorallen sowie f\u00fcr Anemonen und Polypen.<\/p>\n<p>Seachem Reef Dip bietet eine sch\u00fctzende Schleimschicht, die die Koralle umh\u00fcllt und sicherstellt, dass das Jod \u00fcber einen l\u00e4ngeren Zeitraum mit dem betroffenen Bereich in Kontakt bleibt. Dar\u00fcber hinaus hilft die Schleimschicht, eine erneute Infektion an der Behandlungsstelle zu verhindern.<\/p>\n<div class=\"panel-heading\">\n<h4 class=\"panel-title\"><strong>Anleitung<\/strong><\/h4>\n<\/div>\n<div id=\"collapse8Two\" class=\"accordion-body collapse in\">\n<div class=\"panel-body m-md\">\n<ul>\n<li>Nicht im Aquarium verwenden.<\/li>\n<li>Bereiten Sie einen separaten Beh\u00e4lter vor. Geben Sie 4 Liter (1 US-Gallone) Wasser aus dem Aquarium in einen geeigneten Beh\u00e4lter zum Eintauchen.<\/li>\n<li>F\u00fcgen Sie 5\u201310 ml (1\u20132 Verschlusskappen) Seachem Reef Dip hinzu und mischen Sie gr\u00fcndlich.<\/li>\n<li>Legen Sie die Korallenprobe je nach Schwere des Problems 15\u201330 Minuten lang in das Dip. In sehr schweren F\u00e4llen kann eine doppelte Dosis angewendet werden. Bei sichtbaren L\u00e4sionen k\u00f6nnen Sie das Tauchkonzentrat direkt auf die L\u00e4sionen auftragen, bevor Sie die Koralle in das Tauchkonzentrat tauchen.<\/li>\n<li>Beobachten Sie die Tiere w\u00e4hrend der Behandlung auf Anzeichen von Nebenwirkungen, wie z. B. \u00fcberm\u00e4\u00dfige Schleimbildung.<\/li>\n<\/ul>\n<div class=\"panel-heading\">\n<h4 class=\"panel-title\"><strong>FAQ<\/strong><\/h4>\n<\/div>\n<div id=\"collapse8Four\" class=\"accordion-body collapse in\">\n<div class=\"panel-body m-md\">\n<div class=\"toggle toggle-primary toggle-simple mb-xlg\" data-plugin-toggle=\"\">\n<section class=\"toggle active\">\n<strong><label>Kann Seachem Reef Dip verwendet werden, wenn sich Korallenkrabben und\/oder Garnelen auf der Acropora befinden? Ich w\u00fcrde dieses Dip gerne verwenden, aber ich habe sie auf meinen Acropora.<\/label><\/strong><\/p>\n<div class=\"toggle-content\">\n<strong>A:<\/strong> Nein, es ist nicht ratsam, dieses Dip zu verwenden, wenn sich Krabben oder Garnelen auf Ihrer Acropora befinden. Bitte entfernen Sie sie oder sch\u00fctteln Sie sie vorsichtig ab, bevor Sie mit dem Dip fortfahren.\n<\/div>\n<p><strong><label>Sch\u00fctzt Reef Dip vor Hydroiden? Mein Plan war, meine lebenden Steine, Korallen und Makroalgen einzutauchen, bevor ich sie in das Aquarium gebe, um alle lauernden Hydroiden zu beseitigen.<\/label><\/strong><\/p>\n<div class=\"toggle-content\">\n<strong>A:<\/strong> Es gibt viele Meinungen bez\u00fcglich der Verwendung von lebenden Steinen bei Zwergen aufgrund von Hydroiden (die eine breite Palette von Nesseltieren umfassen). Sie sollten vielleicht \u201etote\u201c Steine \u200b\u200bverwenden und etwas Zeit einplanen, um Ihr eigenes biologisches System auf nat\u00fcrliche Weise aufzubauen. Reef Dip ist f\u00fcr diesen Zweck nicht wirksam, da es in erster Linie bakterielle und protozoische Infektionen bek\u00e4mpft. Ich empfehle, vorsichtig zu sein und auf die Zugabe von allem zu verzichten, was eine Gefahr darstellen k\u00f6nnte. Wenn Sie dennoch Makroalgen hinzuf\u00fcgen m\u00f6chten, sp\u00fclen Sie diese gr\u00fcndlich ab und untersuchen Sie alle neuen Exemplare sehr sorgf\u00e4ltig. Bitte beachten Sie, dass es auch mit Vorsichtsma\u00dfnahmen keine Garantie gegen Hydroid-Infektionen gibt.\n<\/div>\n<p><strong><label>Ist es sicher, Seachem Reef Dip mit Tridacna-Muscheln als vorbeugende Ma\u00dfnahme zu verwenden?<\/label><\/strong><\/p>\n<div class=\"toggle-content\">\n<strong>A:<\/strong> Reef Dip ist speziell f\u00fcr Korallen und Anemonen gedacht. Wir empfehlen es nicht f\u00fcr Muscheln. Wenn Sie jedoch glauben, dass Ihre Muschel erkrankt ist, k\u00f6nnen Sie sie auf eigenes Risiko in eine sehr verd\u00fcnnte Reef Dip-L\u00f6sung tauchen, obwohl dies keine g\u00e4ngige Praxis ist.\n<\/div>\n<p><strong><label>Gibt es ein Dip, das zur Genesung meiner Acropora-Art beitragen kann?<\/label><\/strong><\/p>\n<div class=\"toggle-content\">\n<strong>A:<\/strong> Die desinfizierenden Eigenschaften von Reef Dip werden diesen Korallen sicherlich helfen, indem sie alle infekti\u00f6sen Bakterien oder Protozoen beseitigen. Bleichen kann auch durch hohe Wassertemperaturen verursacht werden. In diesem Fall ist die beste L\u00f6sung, eine M\u00f6glichkeit zu finden, Ihr Wasser zu k\u00fchlen, z. B. mit einem K\u00fchler.\n<\/div>\n<\/section>\n<\/div>\n<\/div>\n<\/div>\n<\/div>\n<\/div>\n","protected":false},"excerpt":{"rendered":"<p>Seachem Reef Dip 250 ml Elemental iodine complex to disinfects corals especially after fragging<\/p>\n","protected":false},"featured_media":83940,"template":"","meta":[],"pwb-brand":[2215],"product_cat":[1390,1451,515],"product_tag":[],"class_list":{"0":"post-85529","1":"product","2":"type-product","3":"status-publish","4":"has-post-thumbnail","6":"pwb-brand-seachem","7":"product_cat-medikamente","8":"product_cat-zubehoer","9":"product_cat-additives","11":"first","12":"outofstock","13":"taxable","14":"shipping-taxable","15":"purchasable","16":"product-type-simple"},"acf":[],"brands":[{"id":2215,"name":"Seachem","slug":"seachem"}],"_links":{"self":[{"href":"https:\/\/www.seaflowerstore.com\/de\/wp-json\/wp\/v2\/product\/85529","targetHints":{"allow":["GET"]}}],"collection":[{"href":"https:\/\/www.seaflowerstore.com\/de\/wp-json\/wp\/v2\/product"}],"about":[{"href":"https:\/\/www.seaflowerstore.com\/de\/wp-json\/wp\/v2\/types\/product"}],"wp:featuredmedia":[{"embeddable":true,"href":"https:\/\/www.seaflowerstore.com\/de\/wp-json\/wp\/v2\/media\/83940"}],"wp:attachment":[{"href":"https:\/\/www.seaflowerstore.com\/de\/wp-json\/wp\/v2\/media?parent=85529"}],"wp:term":[{"taxonomy":"pwb-brand","embeddable":true,"href":"https:\/\/www.seaflowerstore.com\/de\/wp-json\/wp\/v2\/pwb-brand?post=85529"},{"taxonomy":"product_cat","embeddable":true,"href":"https:\/\/www.seaflowerstore.com\/de\/wp-json\/wp\/v2\/product_cat?post=85529"},{"taxonomy":"product_tag","embeddable":true,"href":"https:\/\/www.seaflowerstore.com\/de\/wp-json\/wp\/v2\/product_tag?post=85529"}],"curies":[{"name":"wp","href":"https:\/\/api.w.org\/{rel}","templated":true}]}}