{"id":85530,"date":"2021-11-11T17:32:23","date_gmt":"2021-11-11T16:32:23","guid":{"rendered":"https:\/\/www.seaflowerstore.com\/nl\/fauna-marin-recon-x\/"},"modified":"2024-03-19T15:50:10","modified_gmt":"2024-03-19T14:50:10","slug":"fauna-marin-recon-x","status":"publish","type":"product","link":"https:\/\/www.seaflowerstore.com\/de\/fauna-marin-recon-x\/","title":{"rendered":"Fauna Marin Recon X"},"content":{"rendered":"<h2>Fauna Marin Recon X Supports corals during convalescence<\/h2>\n<p>Ein sorgf\u00e4ltig ausgew\u00e4hlter Komplex aus hochwertigen Fetts\u00e4uren, kombiniert mit seltenen Aminos\u00e4uren und Vitaminen, unterst\u00fctzt Korallen bei ihrer Genesung nach Behandlung, Fragmentierung oder anderen Sch\u00e4den, wie z. B. Gewebesch\u00e4den durch Parasiten. Recon X f\u00f6rdert gezielt die Geweberegeneration, versorgt Korallen mit hochwertigen Proteinen zum Aufbau von Widerstandskraft und verbessert die Bildung von Basalscheiben. Viele Korallenfarmer verwenden dieses Produkt, um das Wachstum von Korallenfragmenten auf Substraten zu f\u00f6rdern.<\/p>\n<p><strong>Recon X tr\u00e4gt bei zu:<\/strong><\/p>\n<ul>\n<li>Weichkorallen und Seeanemonen<\/li>\n<li>Steinkorallen SPS\/LPS<\/li>\n<li>Azooxanthellate Korallen<\/li>\n<\/ul>\n<p><strong>Anwendung:<\/strong><\/p>\n<p>Wir empfehlen eine Behandlungsdauer von 4 bis 6 Wochen, bis die Korallen vollst\u00e4ndig geheilt sind. Bei Bedarf kann die Behandlung verl\u00e4ngert werden. Bitte lesen Sie unbedingt die HTU Recon X-Anleitung und befolgen Sie die Gebrauchsanweisung sorgf\u00e4ltig, bevor Sie das Produkt anwenden.<\/p>\n<p>Recon X ist f\u00fcr die Verwendung in Aquarien konzipiert und f\u00fcr alle Wasserumgebungen sicher.<\/p>\n<p><strong>Geeignet f\u00fcr:<\/strong><\/p>\n<ul>\n<li>Alle Korallen<\/li>\n<\/ul>\n<p><strong>Inhaltsstoffe:<\/strong><\/p>\n<ul>\n<li>Wasser, marine Fetts\u00e4uren, Proteins\u00e4uren, Spurenelemente, OrganoPeptidPolymere<\/li>\n<\/ul>\n<p><strong>Dosierung:<\/strong><\/p>\n<ul>\n<li>5 ml pro 100 Liter t\u00e4glich f\u00fcr 4 bis 6 Wochen<\/li>\n<\/ul>\n","protected":false},"excerpt":{"rendered":"<p>Fauna Marin Recon X Supports corals during convalescence<\/p>\n","protected":false},"featured_media":83937,"template":"","meta":[],"pwb-brand":[2177],"product_cat":[1391,1437,515,741],"product_tag":[],"class_list":{"0":"post-85530","1":"product","2":"type-product","3":"status-publish","4":"has-post-thumbnail","6":"pwb-brand-fauna-marin","7":"product_cat-ergaenzungen","8":"product_cat-fauna-marin-de","9":"product_cat-additives","10":"product_cat-brands","11":"pa_content-1000-ml","12":"pa_content-500-ml","13":"pa_inhoud-1000-ml-de","14":"pa_inhoud-500-ml-de","16":"first","17":"instock","18":"sale","19":"taxable","20":"shipping-taxable","21":"purchasable","22":"product-type-variable"},"acf":[],"brands":[{"id":2177,"name":"Fauna Marin","slug":"fauna-marin"}],"_links":{"self":[{"href":"https:\/\/www.seaflowerstore.com\/de\/wp-json\/wp\/v2\/product\/85530","targetHints":{"allow":["GET"]}}],"collection":[{"href":"https:\/\/www.seaflowerstore.com\/de\/wp-json\/wp\/v2\/product"}],"about":[{"href":"https:\/\/www.seaflowerstore.com\/de\/wp-json\/wp\/v2\/types\/product"}],"wp:featuredmedia":[{"embeddable":true,"href":"https:\/\/www.seaflowerstore.com\/de\/wp-json\/wp\/v2\/media\/83937"}],"wp:attachment":[{"href":"https:\/\/www.seaflowerstore.com\/de\/wp-json\/wp\/v2\/media?parent=85530"}],"wp:term":[{"taxonomy":"pwb-brand","embeddable":true,"href":"https:\/\/www.seaflowerstore.com\/de\/wp-json\/wp\/v2\/pwb-brand?post=85530"},{"taxonomy":"product_cat","embeddable":true,"href":"https:\/\/www.seaflowerstore.com\/de\/wp-json\/wp\/v2\/product_cat?post=85530"},{"taxonomy":"product_tag","embeddable":true,"href":"https:\/\/www.seaflowerstore.com\/de\/wp-json\/wp\/v2\/product_tag?post=85530"}],"curies":[{"name":"wp","href":"https:\/\/api.w.org\/{rel}","templated":true}]}}