{"id":85533,"date":"2021-11-11T17:34:41","date_gmt":"2021-11-11T16:34:41","guid":{"rendered":"https:\/\/www.seaflowerstore.com\/nl\/fauna-marin-multi-elements-b\/"},"modified":"2024-03-19T15:49:55","modified_gmt":"2024-03-19T14:49:55","slug":"fauna-marin-multi-elements-b","status":"publish","type":"product","link":"https:\/\/www.seaflowerstore.com\/de\/fauna-marin-multi-elements-b\/","title":{"rendered":"Fauna Marin Multi Elements B"},"content":{"rendered":"<h2>Fauna Marin Multi Elements B trace element mixture based on organic and inorganic minerals and elements When using lime reactors<\/h2>\n<p>Fauna Marin Multi Elements B ist ein speziell formuliertes Produkt, das f\u00fcr den Einsatz in Aquarien mit Kalkreaktoren und Zweiwegesystemen entwickelt wurde. In Kombination mit Multi Elements A verwandelt sich der Kalkreaktor in ein umfassendes Versorgungssystem, das ein bl\u00fchendes Riffaquarium unterst\u00fctzt.<\/p>\n<p>Sowohl Multi Elements A als auch B liefern die essentiellen Makro- und Spurenelemente sowie organische Mikrosubstanzen, die zus\u00e4tzlich zu den Kalkreaktormaterialien erforderlich sind, um eine biologisch gesunde Aquarienumgebung aufrechtzuerhalten. Diese hochwirksamen Elemente helfen, Mangelerscheinungen vorzubeugen und stellen sicher, dass alle Spuren- und Mikrosubstanzen in optimaler Konzentration vorhanden sind. Das Ergebnis sind lebendige, farbenfrohe und gesunde Korallen.<\/p>\n<p>Dar\u00fcber hinaus k\u00f6nnen Multi Elements A und B auch in Systemen eingesetzt werden, die mit reinen Kalzium- und Karbonatl\u00f6sungen versorgt werden. Multi Elements A enth\u00e4lt Elemente, die das Wachstum des Korallenskeletts f\u00f6rdern, N\u00e4hrstoffe regulieren und die Farbbildung verbessern. Multi Elements B hingegen enth\u00e4lt lebenswichtige Stoffe und Verbindungen, die zu widerstandsf\u00e4higem Korallengewebe und robusten Polypen sowie zur Ausbildung fluoreszierender Farben beitragen.<\/p>\n<p><strong>Grunddosierung:<\/strong> 1 ml Multi Elements B pro 100 Liter Wasservolumen t\u00e4glich.<\/p>\n<p><strong>Dosierung:<\/strong> 2 bis 5 ml Multi Elements B pro 100 Liter Wasservolumen w\u00f6chentlich.<\/p>\n<p><strong>Dosierungsanleitung:<\/strong> Multi Elements A und B sind zur direkten Anwendung im Aquarium vorgesehen. F\u00fcr optimale Ergebnisse empfehlen wir eine regelm\u00e4\u00dfige Dosierung mit Dosierpumpen.<\/p>\n<p><strong>Inhaltsstoffe:<\/strong><\/p>\n<ul>\n<li>Brom<\/li>\n<li>Jod<\/li>\n<li>Fluor<\/li>\n<li>Organische Verbindungen<\/li>\n<li>Weitere Spurenelemente<\/li>\n<\/ul>\n","protected":false},"excerpt":{"rendered":"<p>Fauna Marin Multi Elements B trace element mixture based on organic and inorganic minerals and elements When using lime reactors<\/p>\n","protected":false},"featured_media":83934,"template":"","meta":[],"pwb-brand":[2177],"product_cat":[1391,1437],"product_tag":[],"class_list":{"0":"post-85533","1":"product","2":"type-product","3":"status-publish","4":"has-post-thumbnail","6":"pwb-brand-fauna-marin","7":"product_cat-ergaenzungen","8":"product_cat-fauna-marin-de","9":"pa_content-1000-ml","10":"pa_content-500-ml","11":"pa_inhoud-1000-ml-de","12":"pa_inhoud-500-ml-de","14":"first","15":"instock","16":"taxable","17":"shipping-taxable","18":"purchasable","19":"product-type-variable"},"acf":[],"brands":[{"id":2177,"name":"Fauna Marin","slug":"fauna-marin"}],"_links":{"self":[{"href":"https:\/\/www.seaflowerstore.com\/de\/wp-json\/wp\/v2\/product\/85533","targetHints":{"allow":["GET"]}}],"collection":[{"href":"https:\/\/www.seaflowerstore.com\/de\/wp-json\/wp\/v2\/product"}],"about":[{"href":"https:\/\/www.seaflowerstore.com\/de\/wp-json\/wp\/v2\/types\/product"}],"wp:featuredmedia":[{"embeddable":true,"href":"https:\/\/www.seaflowerstore.com\/de\/wp-json\/wp\/v2\/media\/83934"}],"wp:attachment":[{"href":"https:\/\/www.seaflowerstore.com\/de\/wp-json\/wp\/v2\/media?parent=85533"}],"wp:term":[{"taxonomy":"pwb-brand","embeddable":true,"href":"https:\/\/www.seaflowerstore.com\/de\/wp-json\/wp\/v2\/pwb-brand?post=85533"},{"taxonomy":"product_cat","embeddable":true,"href":"https:\/\/www.seaflowerstore.com\/de\/wp-json\/wp\/v2\/product_cat?post=85533"},{"taxonomy":"product_tag","embeddable":true,"href":"https:\/\/www.seaflowerstore.com\/de\/wp-json\/wp\/v2\/product_tag?post=85533"}],"curies":[{"name":"wp","href":"https:\/\/api.w.org\/{rel}","templated":true}]}}