{"id":85536,"date":"2021-11-11T16:20:28","date_gmt":"2021-11-11T15:20:28","guid":{"rendered":"https:\/\/www.seaflowerstore.com\/nl\/fauna-marin-multi-elements-a\/"},"modified":"2024-03-19T15:49:50","modified_gmt":"2024-03-19T14:49:50","slug":"fauna-marin-multi-elements-a","status":"publish","type":"product","link":"https:\/\/www.seaflowerstore.com\/de\/fauna-marin-multi-elements-a\/","title":{"rendered":"Fauna Marin Multi Elements A"},"content":{"rendered":"<h2>Fauna Marin Multi Elements A trace element mixture based on organic and inorganic minerals and elements<\/h2>\n<p>Wir stellen eine neue Spurenelementmischung vor, die organische und anorganische Mineralien und Elemente kombiniert. Dieses Produkt ist speziell f\u00fcr Aquarien mit Kalkreaktoren konzipiert. Mit Multi Elements A und B verwandelt sich Ihr Kalkreaktor in ein umfassendes Versorgungssystem, das f\u00fcr ein bl\u00fchendes Riffaquarium unerl\u00e4sslich ist.<\/p>\n<p>Multi Elements A und B liefern die Makro- und Spurenelemente sowie die organischen Mikrosubstanzen, die zus\u00e4tzlich zum Kalkreaktormaterial ben\u00f6tigt werden und zu einem biologisch gesunden Aquariensystem beitragen. Diese leistungsstarken Elemente helfen, Mangelerscheinungen vorzubeugen und stellen sicher, dass alle Spuren- und Mikrosubstanzen in der idealen Konzentration vorhanden sind. Das Ergebnis sind lebendige und gesunde Korallen.<\/p>\n<p>Zus\u00e4tzlich k\u00f6nnen Multi Elements A und B in Systemen eingesetzt werden, die mit reinen Kalzium- und Karbonatl\u00f6sungen versorgt werden.<\/p>\n<ul>\n<li><strong>Multi Elements A<\/strong> enth\u00e4lt Elemente, die f\u00fcr das Wachstum des Korallenskeletts, die N\u00e4hrstoffregulierung und die Bildung lebendiger Farben entscheidend sind.<\/li>\n<li><strong>Multi Elements B<\/strong> enth\u00e4lt Substanzen und Verbindungen, die f\u00fcr widerstandsf\u00e4higes Korallengewebe und starke Polypen sowie die Entwicklung fluoreszierender Farben wichtig sind.<\/li>\n<\/ul>\n<p><strong>Grunddosierung:<\/strong> 1 ml Multi Elements A pro 100 Liter Wasservolumen t\u00e4glich.<\/p>\n<p><strong>Dosierung:<\/strong> 2 bis 5 ml Multi Elements A pro 100 Liter Wasservolumen w\u00f6chentlich.<\/p>\n<p><strong>Dosierungsanleitung:<\/strong> Multi Elements A und B sind f\u00fcr die direkte Dosierung ins Aquarium vorgesehen. F\u00fcr optimale Ergebnisse empfehlen wir die regelm\u00e4\u00dfige Dosierung mit einer Dosierpumpe.<\/p>\n<p><strong>Inhaltsstoffe:<\/strong> Brom, Jod, Fluor, organische Verbindungen und andere Spurenelemente.<\/p>\n","protected":false},"excerpt":{"rendered":"<p>Fauna Marin Multi Elements A trace element mixture based on organic and inorganic minerals and elements<\/p>\n","protected":false},"featured_media":83931,"template":"","meta":[],"pwb-brand":[2177],"product_cat":[1391,1437,515,741],"product_tag":[],"class_list":{"0":"post-85536","1":"product","2":"type-product","3":"status-publish","4":"has-post-thumbnail","6":"pwb-brand-fauna-marin","7":"product_cat-ergaenzungen","8":"product_cat-fauna-marin-de","9":"product_cat-additives","10":"product_cat-brands","11":"pa_content-1000-ml","12":"pa_content-500-ml","13":"pa_inhoud-1000-ml-de","14":"pa_inhoud-500-ml-de","16":"first","17":"instock","18":"taxable","19":"shipping-taxable","20":"purchasable","21":"product-type-variable"},"acf":[],"brands":[{"id":2177,"name":"Fauna Marin","slug":"fauna-marin"}],"_links":{"self":[{"href":"https:\/\/www.seaflowerstore.com\/de\/wp-json\/wp\/v2\/product\/85536","targetHints":{"allow":["GET"]}}],"collection":[{"href":"https:\/\/www.seaflowerstore.com\/de\/wp-json\/wp\/v2\/product"}],"about":[{"href":"https:\/\/www.seaflowerstore.com\/de\/wp-json\/wp\/v2\/types\/product"}],"wp:featuredmedia":[{"embeddable":true,"href":"https:\/\/www.seaflowerstore.com\/de\/wp-json\/wp\/v2\/media\/83931"}],"wp:attachment":[{"href":"https:\/\/www.seaflowerstore.com\/de\/wp-json\/wp\/v2\/media?parent=85536"}],"wp:term":[{"taxonomy":"pwb-brand","embeddable":true,"href":"https:\/\/www.seaflowerstore.com\/de\/wp-json\/wp\/v2\/pwb-brand?post=85536"},{"taxonomy":"product_cat","embeddable":true,"href":"https:\/\/www.seaflowerstore.com\/de\/wp-json\/wp\/v2\/product_cat?post=85536"},{"taxonomy":"product_tag","embeddable":true,"href":"https:\/\/www.seaflowerstore.com\/de\/wp-json\/wp\/v2\/product_tag?post=85536"}],"curies":[{"name":"wp","href":"https:\/\/api.w.org\/{rel}","templated":true}]}}