{"id":85539,"date":"2021-11-10T18:36:14","date_gmt":"2021-11-10T16:44:27","guid":{"rendered":"https:\/\/www.seaflowerstore.com\/nl\/blue-life-coral-curry\/"},"modified":"2024-03-19T15:49:48","modified_gmt":"2024-03-19T14:49:48","slug":"blue-life-coral-curry","status":"publish","type":"product","link":"https:\/\/www.seaflowerstore.com\/de\/blue-life-coral-curry\/","title":{"rendered":"Blue Life Coral Curry"},"content":{"rendered":"<h2>Blue Life Coral Curry Coral Food A balanced marine powdered food formulation that supplies the nutrient requirements for corals<\/h2>\n<p>Wir stellen eine <strong>ausgewogene Rezeptur f\u00fcr Meeresfutter in Pulverform<\/strong> vor, die speziell auf den N\u00e4hrstoffbedarf von Korallen, bestimmten Fischen und Wirbellosen abgestimmt ist. Dieses Produkt ist au\u00dfergew\u00f6hnlich phosphatarm und unterst\u00fctzt eine Vielzahl von Meereslebewesen, darunter:<\/p>\n<ul>\n<li>Seescheiden (Ascidien)<\/li>\n<li>Muscheln (Muscheln)<\/li>\n<li>Nesseltiere (Korallen, Anemonen, Quallen)<\/li>\n<li>Planktivore Krebstiere (Krabben, Garnelen)<\/li>\n<li>Planktivore Seegurken (Holothurien)<\/li>\n<li>Schw\u00e4mme (Poriferen)<\/li>\n<li>Sesshafte Tiere (R\u00f6hrenw\u00fcrmer)<\/li>\n<li>Planktivore Teleostier (Knochenfische)<\/li>\n<\/ul>\n<p>Mit dieser einfach zu verwendenden Pulverformel k\u00f6nnen Sie genau das mischen, was Sie brauchen, oder es im Voraus zubereiten und bis zu <strong>10 Tage<\/strong> aufbewahren. Mischen Sie es einfach mit Wasser vor, entweder gereinigt (z. B. RO\/DI) f\u00fcr die Lagerung im K\u00fchlschrank oder mit Systemwasser, wenn Sie innerhalb von 12 Stunden f\u00fcttern m\u00f6chten. Beginnen Sie mit einem Verh\u00e4ltnis von <strong>1 Gramm Produkt zu 5 ml Wasser<\/strong> und passen Sie es nach Bedarf an, um die gew\u00fcnschte Konsistenz zu erreichen. Sie k\u00f6nnen die Mischung entweder in Ihrer Wassergemeinschaft verteilen oder gezielt einzelne Exemplare f\u00fcttern, wenn Sie das bevorzugen.<\/p>\n<p><strong>Komponentenanalyse:<\/strong><\/p>\n<ul>\n<li>Rohprotein (min.) 33,3 %<\/li>\n<li>Rohfett (min.) 22,9 %<\/li>\n<li>Rohfaser (max.) 17,0 %<\/li>\n<li>Feuchtigkeit (max.) 7,0 %<\/li>\n<li>Asche 6,3 %<\/li>\n<li>Selen 1,9 mg\/kg<\/li>\n<\/ul>\n<p>Coral Curry bietet eine beeindruckende Auswahl an N\u00e4hrstoffen, darunter:<\/p>\n<ul>\n<li>21 essentielle Aminos\u00e4uren<\/li>\n<li>13 Haupt-, Neben- und Spurenelemente<\/li>\n<li>Omega-3- und Omega-6-HUFAs (19,6 mg\/g und 0,2 mg\/g)<\/li>\n<li>Vierzehn Vitamine<\/li>\n<li>302 mg\/kg Beta-Carotin<\/li>\n<\/ul>\n<p>Dieses Produkt ist v\u00f6llig frei von:<\/p>\n<ul>\n<li>Konservierungsstoffen<\/li>\n<li>pH-Stabilisatoren (S\u00e4uren)<\/li>\n<li>F\u00fcllstoffen<\/li>\n<li>Terrestrisch angebauten oder gewonnenen Bestandteilen, einschlie\u00dflich Knoblauchderivaten<\/li>\n<li>Hefe<\/li>\n<li>Artemia-Zysten<\/li>\n<li>Tierische Nebenprodukte<\/li>\n<li>Isolierte Hormone<\/li>\n<li>K\u00fcnstliche Farbstoffe<\/li>\n<\/ul>\n","protected":false},"excerpt":{"rendered":"<p>Blue Life Coral Curry Coral Food A balanced marine powdered food formulation that supplies the nutrient\u00a0requirements for corals<\/p>\n","protected":false},"featured_media":83930,"template":"","meta":[],"pwb-brand":[2281],"product_cat":[1436],"product_tag":[],"class_list":{"0":"post-85539","1":"product","2":"type-product","3":"status-publish","4":"has-post-thumbnail","6":"pwb-brand-blue-life","7":"product_cat-korallenfutter","8":"pa_inhoud-4-gr-de","9":"pa_inhoud-8-gr-de","11":"first","12":"instock","13":"sale","14":"taxable","15":"shipping-taxable","16":"purchasable","17":"product-type-variable"},"acf":[],"brands":[{"id":2281,"name":"Blue Life","slug":"blue-life"}],"_links":{"self":[{"href":"https:\/\/www.seaflowerstore.com\/de\/wp-json\/wp\/v2\/product\/85539","targetHints":{"allow":["GET"]}}],"collection":[{"href":"https:\/\/www.seaflowerstore.com\/de\/wp-json\/wp\/v2\/product"}],"about":[{"href":"https:\/\/www.seaflowerstore.com\/de\/wp-json\/wp\/v2\/types\/product"}],"wp:featuredmedia":[{"embeddable":true,"href":"https:\/\/www.seaflowerstore.com\/de\/wp-json\/wp\/v2\/media\/83930"}],"wp:attachment":[{"href":"https:\/\/www.seaflowerstore.com\/de\/wp-json\/wp\/v2\/media?parent=85539"}],"wp:term":[{"taxonomy":"pwb-brand","embeddable":true,"href":"https:\/\/www.seaflowerstore.com\/de\/wp-json\/wp\/v2\/pwb-brand?post=85539"},{"taxonomy":"product_cat","embeddable":true,"href":"https:\/\/www.seaflowerstore.com\/de\/wp-json\/wp\/v2\/product_cat?post=85539"},{"taxonomy":"product_tag","embeddable":true,"href":"https:\/\/www.seaflowerstore.com\/de\/wp-json\/wp\/v2\/product_tag?post=85539"}],"curies":[{"name":"wp","href":"https:\/\/api.w.org\/{rel}","templated":true}]}}