{"id":85544,"date":"2021-11-07T12:45:12","date_gmt":"2021-11-07T11:45:12","guid":{"rendered":"https:\/\/www.seaflowerstore.com\/nl\/fauna-marin-power-phos-iron\/"},"modified":"2024-03-19T15:49:45","modified_gmt":"2024-03-19T14:49:45","slug":"fauna-marin-power-phos-iron","status":"publish","type":"product","link":"https:\/\/www.seaflowerstore.com\/de\/fauna-marin-power-phos-iron\/","title":{"rendered":"Fauna Marin Power Phos Iron"},"content":{"rendered":"<h2>Fauna Marin Power Phos Iron<\/h2>\n<p>Fauna Marin Power Phos Iron ist ein nasser Adsorber auf Eisenhydroxidbasis, der Silikate und Phosphate effektiv aus Ihrem Aquarium entfernt. Die Schadstoffe binden sich an die Oberfl\u00e4che von Power Phos und werden so nicht wieder ins Wasser abgegeben. Mit Power Phos k\u00f6nnen Sie den N\u00e4hrstoffgehalt in Ihrem Aquarium sehr niedrig halten, unerw\u00fcnschtes Algenwachstum verhindern und Ihren Korallen erm\u00f6glichen, ihre nat\u00fcrlichen Farben zu zeigen.<\/p>\n<h3><strong>Anleitung und Dosierungsempfehlung:<\/strong><\/h3>\n<p>Bitte nehmen Sie alle \u00c4nderungen im Aquarium vorsichtig und schrittweise vor. Beginnen Sie mit 100 ml pro 300 Liter Wasser. Nach 5 Tagen k\u00f6nnen Sie die Dosis auf 150 ml pro 300 Liter Wasser erh\u00f6hen. Es ist wichtig, 200 ml pro 300 Liter Wasser nie zu \u00fcberschreiten.<\/p>\n<p>F\u00fcr optimale Ergebnisse und zur Maximierung der Adsorptionseffizienz legen Sie das Material zwischen zwei Schichten Filterwolle oder verwenden Sie einen Wirbelschichtreaktor. Kontrollieren Sie den Phosphatgehalt regelm\u00e4\u00dfig mit zuverl\u00e4ssigen Testkits namhafter Hersteller wie Salifert, Macherey &#038; Nagel oder Merck\/Rowa.<\/p>\n<p>Bitte vermeiden Sie die Verwendung von Power Phos in Becken, die bereits sehr niedrige Phosphatkonzentrationen aufweisen. Steigen die Phosphatwerte wieder an, empfiehlt es sich, Power Phos durch frisches Material zu ersetzen. Power Phos ist sowohl f\u00fcr S\u00fc\u00df- als auch f\u00fcr Meerwasseraquarien geeignet. Beachten Sie, dass sich das Material bei der ersten Benetzung erw\u00e4rmen kann.<\/p>\n<p>Die r\u00f6tliche F\u00e4rbung des Wassers entsteht durch am Adsorber anhaftenden Feinstaub. Dieser ist nicht sch\u00e4dlich und l\u00f6st sich schnell auf. Bitte sp\u00fclen Sie den Adsorber vor Gebrauch nicht aus.<\/p>\n","protected":false},"excerpt":{"rendered":"<p>Fauna Marin Power Phos Iron is a wet Iron-hydroxide based adsorber which safely removes silicates and phosphates from the aquarium<\/p>\n","protected":false},"featured_media":83927,"template":"","meta":[],"pwb-brand":[2177],"product_cat":[1437,1453,515,741],"product_tag":[],"class_list":{"0":"post-85544","1":"product","2":"type-product","3":"status-publish","4":"has-post-thumbnail","6":"pwb-brand-fauna-marin","7":"product_cat-fauna-marin-de","8":"product_cat-nitrat-und-phosphatentferner","9":"product_cat-additives","10":"product_cat-brands","11":"pa_content-1000-ml","12":"pa_content-500-ml","13":"pa_inhoud-1000-ml-de","14":"pa_inhoud-500-ml-de","16":"first","17":"instock","18":"taxable","19":"shipping-taxable","20":"purchasable","21":"product-type-variable"},"acf":[],"brands":[{"id":2177,"name":"Fauna Marin","slug":"fauna-marin"}],"_links":{"self":[{"href":"https:\/\/www.seaflowerstore.com\/de\/wp-json\/wp\/v2\/product\/85544","targetHints":{"allow":["GET"]}}],"collection":[{"href":"https:\/\/www.seaflowerstore.com\/de\/wp-json\/wp\/v2\/product"}],"about":[{"href":"https:\/\/www.seaflowerstore.com\/de\/wp-json\/wp\/v2\/types\/product"}],"wp:featuredmedia":[{"embeddable":true,"href":"https:\/\/www.seaflowerstore.com\/de\/wp-json\/wp\/v2\/media\/83927"}],"wp:attachment":[{"href":"https:\/\/www.seaflowerstore.com\/de\/wp-json\/wp\/v2\/media?parent=85544"}],"wp:term":[{"taxonomy":"pwb-brand","embeddable":true,"href":"https:\/\/www.seaflowerstore.com\/de\/wp-json\/wp\/v2\/pwb-brand?post=85544"},{"taxonomy":"product_cat","embeddable":true,"href":"https:\/\/www.seaflowerstore.com\/de\/wp-json\/wp\/v2\/product_cat?post=85544"},{"taxonomy":"product_tag","embeddable":true,"href":"https:\/\/www.seaflowerstore.com\/de\/wp-json\/wp\/v2\/product_tag?post=85544"}],"curies":[{"name":"wp","href":"https:\/\/api.w.org\/{rel}","templated":true}]}}