{"id":85547,"date":"2021-11-07T11:34:52","date_gmt":"2021-11-07T10:34:52","guid":{"rendered":"https:\/\/www.seaflowerstore.com\/nl\/new-life-spectrum-h2o-stable-wafers-1-2-sinking-tablet\/"},"modified":"2024-03-19T15:49:41","modified_gmt":"2024-03-19T14:49:41","slug":"new-life-spectrum-h2o-stable-wafers-1-2-sinking-tablet","status":"publish","type":"product","link":"https:\/\/www.seaflowerstore.com\/de\/new-life-spectrum-h2o-stable-wafers-1-2-sinking-tablet\/","title":{"rendered":"New Life Spectrum H2O Stable Wafers 1\/2&#8243; Sinking Tablet"},"content":{"rendered":"<h2>New Life Spectrum H2O Stable Wafers 1\/2&#8243; Sinking Tablet for all types of freshwater and marine species<\/h2>\n<p>New Life Spectrum H2O Stable Sinking Wafers sind f\u00fcr alle Arten von S\u00fc\u00dfwasser- und Meeresarten konzipiert, darunter Allesfresser, Pflanzenfresser und Fleischfresser. Diese farbverst\u00e4rkenden Wafer sind perfekt f\u00fcr Aquarienfische, die am Boden fressen, und tragen zur Verbesserung der Fischf\u00e4rbung, der Immunfunktion und der allgemeinen Gesundheit bei.<\/p>\n<p>Wirken Ihre Fische, die am Boden fressen, etwas langweilig? Die New Life Spectrum H2O Stable Sinking Wafers sind Ihre L\u00f6sung, um erstklassige farbverst\u00e4rkende Nahrung genau dort bereitzustellen, wo Ihre Fische am liebsten fressen. Diese sinkenden Wafers enthalten ausschlie\u00dflich nat\u00fcrliche Inhaltsstoffe, die das gesamte Farbspektrum Ihrer Fische verst\u00e4rken.<\/p>\n<p>Die wasserbest\u00e4ndigen Wafers behalten l\u00e4nger ihre Form und sind daher die ideale Wahl f\u00fcr Jungfische, scheue nachtaktive S\u00fc\u00dfwasserfische und grasende Fische. Die H2O Stable Wafers enthalten hochwertiges Meeresprotein, das haupts\u00e4chlich aus antarktischem Krillmehl und Heringsmehl gewonnen wird. Dar\u00fcber hinaus enthalten sie die Vitamine A, D und E sowie eine gro\u00dfz\u00fcgige Menge Knoblauch, der f\u00fcr seine geschmacksverst\u00e4rkenden und nat\u00fcrlichen antiparasit\u00e4ren Eigenschaften bekannt ist, was diesen Waffeln einen zus\u00e4tzlichen N\u00e4hrstoffschub verleiht.<\/p>\n<p>Wichtig ist, dass diese Waffeln keine zus\u00e4tzlichen Hormone enthalten. F\u00fcr optimale Ergebnisse wird empfohlen, ausschlie\u00dflich mit Produkten von New Life Spectrum zu f\u00fcttern. Die H2O Stable Wafers k\u00f6nnen \u00fcber 24 Stunden im Wasser bleiben, ohne zu zerfallen.<\/p>\n<p><strong>Zutaten:<\/strong><\/p>\n<ul>\n<li>Vollkornmehl aus antarktischem Krill<\/li>\n<li>Vollkornmehl aus Hering<\/li>\n<li>Vollkornweizenmehl<\/li>\n<li>Vollkorn-Tintenfischmehl<\/li>\n<li>Algenmehl<\/li>\n<li>Luzernemehl<\/li>\n<li>Sojabohnenisolat<\/li>\n<li>Beta-Karotin<\/li>\n<li>Spirulina<\/li>\n<li>Knoblauch<\/li>\n<li>Gem\u00fcse- und Fruchtextrakt (Spinat, Rot- und Gr\u00fcnkohl, Erbsen, Brokkoli, rote Paprika, Zucchini, Tomate, Kiwi, Aprikose, Birne, Mango, Apfel, Papaya, Pfirsich)<\/li>\n<li>Vitamin A Acetat<\/li>\n<li>DL-Alphatocopherol (E)<\/li>\n<li>Vitamin-B12-Erg\u00e4nzung<\/li>\n<li>D-aktiviertes tierisches Sterol (D3)<\/li>\n<li>Niacin<\/li>\n<li>Thiamin<\/li>\n<li>Fols\u00e4ure<\/li>\n<li>Biotin<\/li>\n<li>Riboflavin-Erg\u00e4nzung<\/li>\n<li>Pyridoxinhydrochlorid<\/li>\n<li>Calciumpantothenat<\/li>\n<li>L-Ascorbins\u00e4ure-2-Polyphosphat (stabiles C)<\/li>\n<li>Mangansulfat<\/li>\n<li>Cholinchlorid<\/li>\n<li>Ethylendiamin-Dihydroiodid<\/li>\n<li>Kupferproteinat<\/li>\n<li>Kobaltsulfat<\/li>\n<li>Eisensulfat<\/li>\n<\/ul>\n<p><strong>Garantiert Analyse:<\/strong><\/p>\n<ul>\n<li>Rohprotein min. 33%<\/li>\n<li>Rohfett min. 5%<\/li>\n<li>Rohfaser max. 6%<\/li>\n<li>Feuchtigkeit max. 10%<\/li>\n<li>Asche max. 8%<\/li>\n<li>Vitamin A min. 8000 IE\/kg<\/li>\n<li>Vitamin D min. 2500 IE\/kg<\/li>\n<li>Vitamin E min. 200 IE\/kg<\/li>\n<\/ul>\n","protected":false},"excerpt":{"rendered":"<p>New Life Spectrum H2O Stable Wafers 1\/2&#8243; Sinking Tablet for all types of freshwater and marine species<\/p>\n","protected":false},"featured_media":83926,"template":"","meta":[],"pwb-brand":[2303],"product_cat":[1438,1424,1447,1492],"product_tag":[],"class_list":{"0":"post-85547","1":"product","2":"type-product","3":"status-publish","4":"has-post-thumbnail","6":"pwb-brand-new-life-spectrum","7":"product_cat-fischfutter","8":"product_cat-futter","9":"product_cat-futter-de","10":"product_cat-suesswasser","11":"pa_content-125-gr","12":"pa_inhoud-125-gr-2-de","13":"pa_inhoud-250-gr-de","15":"first","16":"instock","17":"taxable","18":"shipping-taxable","19":"purchasable","20":"product-type-variable"},"acf":[],"brands":[{"id":2303,"name":"New Life Spectrum","slug":"new-life-spectrum"}],"_links":{"self":[{"href":"https:\/\/www.seaflowerstore.com\/de\/wp-json\/wp\/v2\/product\/85547","targetHints":{"allow":["GET"]}}],"collection":[{"href":"https:\/\/www.seaflowerstore.com\/de\/wp-json\/wp\/v2\/product"}],"about":[{"href":"https:\/\/www.seaflowerstore.com\/de\/wp-json\/wp\/v2\/types\/product"}],"wp:featuredmedia":[{"embeddable":true,"href":"https:\/\/www.seaflowerstore.com\/de\/wp-json\/wp\/v2\/media\/83926"}],"wp:attachment":[{"href":"https:\/\/www.seaflowerstore.com\/de\/wp-json\/wp\/v2\/media?parent=85547"}],"wp:term":[{"taxonomy":"pwb-brand","embeddable":true,"href":"https:\/\/www.seaflowerstore.com\/de\/wp-json\/wp\/v2\/pwb-brand?post=85547"},{"taxonomy":"product_cat","embeddable":true,"href":"https:\/\/www.seaflowerstore.com\/de\/wp-json\/wp\/v2\/product_cat?post=85547"},{"taxonomy":"product_tag","embeddable":true,"href":"https:\/\/www.seaflowerstore.com\/de\/wp-json\/wp\/v2\/product_tag?post=85547"}],"curies":[{"name":"wp","href":"https:\/\/api.w.org\/{rel}","templated":true}]}}