{"id":85550,"date":"2021-11-07T12:05:28","date_gmt":"2021-11-07T11:05:28","guid":{"rendered":"https:\/\/www.seaflowerstore.com\/nl\/aquaforest-af-rock-mix-18kg\/"},"modified":"2026-01-14T16:46:27","modified_gmt":"2026-01-14T15:46:27","slug":"aquaforest-af-rock-mix-18kg","status":"publish","type":"product","link":"https:\/\/www.seaflowerstore.com\/de\/aquaforest-af-rock-mix-18kg\/","title":{"rendered":"AquaForest AF Rock Mix 18kg"},"content":{"rendered":"<h2>AquaForest AF Rock Mix 18kg a beautiful mix of handmade synthetic rock<\/h2>\n<p>AquaForest AF Rock Mix ist eine atemberaubende Kombination aus handgefertigtem Kunststein, der aus Materialien hergestellt wird, die nat\u00fcrlichem, lebendigem Stein sehr \u00e4hnlich sind. Im Gegensatz zu synthetischen Keramiksteinen ist AF Rock unglaublich leicht und einfach zu handhaben. Sie k\u00f6nnen die Steine \u200b\u200bs\u00e4gen, brechen oder mit Produkten wie AF Stone Fix beliebig kombinieren und verkleben.<\/p>\n<p>Diese innovative Technologie verleiht AF Rock eine sehr hohe Porosit\u00e4t und ist daher eine ausgezeichnete Wahl als Filtermedium zur Trennung von aeroben und anaeroben Bakterien. Die einfache Besiedlung durch n\u00fctzliche Mikroorganismen beschleunigt den Reifungsprozess Ihres Aquariums, insbesondere bei Verwendung von Bio S-Bakterien.<\/p>\n<p>Das Set enth\u00e4lt verschiedene Formen, wie Platten, Brocken und \u00c4ste. Der manuelle Auswahl- und Produktionsprozess stellt sicher, dass jedes Set einzigartig ist und einzigartige Formen f\u00fcr alle Komponenten bietet. Da AF Rock frei von Giftstoffen und Verunreinigungen ist, ist seine Verwendung v\u00f6llig unbedenklich und verbessert zudem die Filteroberfl\u00e4che in Ihrem Aquarium.<\/p>\n<h3>Jedes Set enth\u00e4lt:<\/h3>\n<ul>\n<li>Flache, plattenf\u00f6rmige St\u00fccke<\/li>\n<li>Brocken\/Steine<\/li>\n<li>Astf\u00f6rmige St\u00fccke<\/li>\n<\/ul>\n<p><strong>*Bitte beachten Sie, dass zerbrochene Steine, Platten oder \u00c4ste nach dem Versand nicht erstattet werden, sie k\u00f6nnen jedoch mit AquaForest Stone Fix problemlos wieder zusammengeklebt werden.*<\/strong><\/p>\n","protected":false},"excerpt":{"rendered":"<p>AquaForest AF Rock Mix 18kg a beautiful mix of handmade synthetic rock<\/p>\n","protected":false},"featured_media":83924,"template":"","meta":[],"pwb-brand":[2199],"product_cat":[1386],"product_tag":[],"class_list":{"0":"post-85550","1":"product","2":"type-product","3":"status-publish","4":"has-post-thumbnail","6":"pwb-brand-aquaforest","7":"product_cat-steine","9":"first","10":"instock","11":"taxable","12":"shipping-taxable","13":"purchasable","14":"product-type-simple"},"acf":[],"brands":[{"id":2199,"name":"Aquaforest","slug":"aquaforest"}],"_links":{"self":[{"href":"https:\/\/www.seaflowerstore.com\/de\/wp-json\/wp\/v2\/product\/85550","targetHints":{"allow":["GET"]}}],"collection":[{"href":"https:\/\/www.seaflowerstore.com\/de\/wp-json\/wp\/v2\/product"}],"about":[{"href":"https:\/\/www.seaflowerstore.com\/de\/wp-json\/wp\/v2\/types\/product"}],"wp:featuredmedia":[{"embeddable":true,"href":"https:\/\/www.seaflowerstore.com\/de\/wp-json\/wp\/v2\/media\/83924"}],"wp:attachment":[{"href":"https:\/\/www.seaflowerstore.com\/de\/wp-json\/wp\/v2\/media?parent=85550"}],"wp:term":[{"taxonomy":"pwb-brand","embeddable":true,"href":"https:\/\/www.seaflowerstore.com\/de\/wp-json\/wp\/v2\/pwb-brand?post=85550"},{"taxonomy":"product_cat","embeddable":true,"href":"https:\/\/www.seaflowerstore.com\/de\/wp-json\/wp\/v2\/product_cat?post=85550"},{"taxonomy":"product_tag","embeddable":true,"href":"https:\/\/www.seaflowerstore.com\/de\/wp-json\/wp\/v2\/product_tag?post=85550"}],"curies":[{"name":"wp","href":"https:\/\/api.w.org\/{rel}","templated":true}]}}