{"id":85556,"date":"2021-11-04T17:57:03","date_gmt":"2021-11-04T16:57:03","guid":{"rendered":"https:\/\/www.seaflowerstore.com\/nl\/myaqua-1900-resin-filter\/"},"modified":"2024-03-19T15:49:32","modified_gmt":"2024-03-19T14:49:32","slug":"myaqua-1900-resin-filter","status":"publish","type":"product","link":"https:\/\/www.seaflowerstore.com\/de\/myaqua-1900-resin-filter\/","title":{"rendered":"MyAqua 1900 Resin Filter"},"content":{"rendered":"<h2>MyAqua 1900 Resin Filter removes even the finest resi\u00addues of silicate, nitrate and many other dissolved organic &#038; inorganic substances (TDS)<\/h2>\n<p>Der MyAqua 1900 Harzfilter ist als Ersatz f\u00fcr den zweiten Kohlefilter im MyAqua 1900 Osmoseger\u00e4t konzipiert. Dieser Filter dient als letzte Filterstufe und entfernt effektiv und sicher selbst kleinste R\u00fcckst\u00e4nde von Silikat, Nitrat und verschiedenen anderen gel\u00f6sten organischen und anorganischen Substanzen (TDS).<\/p>\n<p>Er ist eine hervorragende Erg\u00e4nzung zum ARKA myAQUA\u00ae 1900-System. Der ARKA myAQUA\u00ae Harzfilter verwendet sowohl Kationen- als auch Anionenharz (H+ und OH- im Verh\u00e4ltnis 1:1) und erm\u00f6glicht so die Produktion von au\u00dfergew\u00f6hnlich reinem Wasser mit einem durchschnittlichen Leitf\u00e4higkeitswert von etwa 0,1 \u00b5S\/cm.<\/p>\n","protected":false},"excerpt":{"rendered":"<p>MyAqua 1900 Resin Filter removes even the finest resi\u00addues of silicate, nitrate and many other dissolved organic &amp; inorganic substances (TDS)<\/p>\n","protected":false},"featured_media":83917,"template":"","meta":[],"pwb-brand":[2253],"product_cat":[1463,1468],"product_tag":[],"class_list":{"0":"post-85556","1":"product","2":"type-product","3":"status-publish","4":"has-post-thumbnail","6":"pwb-brand-arka","7":"product_cat-filter-und-zubehoer","8":"product_cat-osmose-ionenaustauscher","10":"first","11":"outofstock","12":"taxable","13":"shipping-taxable","14":"purchasable","15":"product-type-simple"},"acf":[],"brands":[{"id":2253,"name":"Arka","slug":"arka"}],"_links":{"self":[{"href":"https:\/\/www.seaflowerstore.com\/de\/wp-json\/wp\/v2\/product\/85556","targetHints":{"allow":["GET"]}}],"collection":[{"href":"https:\/\/www.seaflowerstore.com\/de\/wp-json\/wp\/v2\/product"}],"about":[{"href":"https:\/\/www.seaflowerstore.com\/de\/wp-json\/wp\/v2\/types\/product"}],"wp:featuredmedia":[{"embeddable":true,"href":"https:\/\/www.seaflowerstore.com\/de\/wp-json\/wp\/v2\/media\/83917"}],"wp:attachment":[{"href":"https:\/\/www.seaflowerstore.com\/de\/wp-json\/wp\/v2\/media?parent=85556"}],"wp:term":[{"taxonomy":"pwb-brand","embeddable":true,"href":"https:\/\/www.seaflowerstore.com\/de\/wp-json\/wp\/v2\/pwb-brand?post=85556"},{"taxonomy":"product_cat","embeddable":true,"href":"https:\/\/www.seaflowerstore.com\/de\/wp-json\/wp\/v2\/product_cat?post=85556"},{"taxonomy":"product_tag","embeddable":true,"href":"https:\/\/www.seaflowerstore.com\/de\/wp-json\/wp\/v2\/product_tag?post=85556"}],"curies":[{"name":"wp","href":"https:\/\/api.w.org\/{rel}","templated":true}]}}