{"id":85557,"date":"2021-11-02T14:28:25","date_gmt":"2021-11-02T13:28:25","guid":{"rendered":"https:\/\/www.seaflowerstore.com\/nl\/new-life-spectrum-nutri-gel-100gr\/"},"modified":"2024-03-19T15:49:30","modified_gmt":"2024-03-19T14:49:30","slug":"new-life-spectrum-nutri-gel-100gr","status":"publish","type":"product","link":"https:\/\/www.seaflowerstore.com\/de\/new-life-spectrum-nutri-gel-100gr\/","title":{"rendered":"New Life Spectrum Nutri Gel &#8211; 100gr"},"content":{"rendered":"<h2>New Life Spectrum Nutri Gel &#8211; 100gr<\/h2>\n<p>New Life Spectrum Nutri Gel 100 g ist ein n\u00e4hrstoffreiches Pulver, das sich in wenigen Minuten zu einem wasserstabilen Softgel-Futter anmischen l\u00e4sst. Diese vollst\u00e4ndige und ausgewogene t\u00e4gliche Ern\u00e4hrung bietet ein hervorragendes N\u00e4hrstoffprofil, das die Farbe und Vitalit\u00e4t Ihrer Aquarienbewohner verbessert.<\/p>\n<p>Es enth\u00e4lt nat\u00fcrliche und leicht verdauliche Zutaten wie ganzes antarktisches Krill, Chlorella-Algen, Spirulina und Seetang und ist v\u00f6llig frei von F\u00fcllstoffen und Hormonzus\u00e4tzen. New Life Nutri Gel ist f\u00fcr nahezu alle Wasserlebewesen geeignet und seine stark duftende Formel wird selbst die w\u00e4hlerischsten Esser anlocken, einschlie\u00dflich neu hinzugekommenem Vieh.<\/p>\n<p>Dieses Produkt ist eine ausgezeichnete Alternative zu Tiefk\u00fchlkost mit minimalem N\u00e4hrstoffverlust und kann auch als Verabreichungssystem f\u00fcr Medikamente und Nahrungserg\u00e4nzungsmittel verwendet werden.<\/p>\n<ul>\n<li><strong>N\u00e4hrstoffreiches Pulver<\/strong> l\u00e4sst sich zu einem wasserbest\u00e4ndigen Softgel mischen<\/li>\n<li><strong>Au\u00dfergew\u00f6hnliches N\u00e4hrwertprofil<\/strong> verbessert die Farbe und Vitalit\u00e4t von Fischen<\/li>\n<li><strong>Nat\u00fcrliche, leicht verdauliche Zutaten<\/strong> \u2013 Krill, Spirulina, Seetang usw.<\/li>\n<li><strong>Stark duftende Formel<\/strong> lockt selbst die w\u00e4hlerischsten Esser an<\/li>\n<li><strong>Hervorragend geeignet f\u00fcr die Verabreichung von Medikamenten<\/strong> und das Erstellen \u201eindividueller Mischungen\u201c<\/li>\n<\/ul>\n","protected":false},"excerpt":{"rendered":"<p>New Life Spectrum Nutri Gel 100g is a nutrient-dense powder that mixes in minutes to create a water-stable soft gel food<\/p>\n","protected":false},"featured_media":83916,"template":"","meta":[],"pwb-brand":[2303],"product_cat":[1438],"product_tag":[],"class_list":{"0":"post-85557","1":"product","2":"type-product","3":"status-publish","4":"has-post-thumbnail","6":"pwb-brand-new-life-spectrum","7":"product_cat-fischfutter","9":"first","10":"instock","11":"taxable","12":"shipping-taxable","13":"purchasable","14":"product-type-simple"},"acf":[],"brands":[{"id":2303,"name":"New Life Spectrum","slug":"new-life-spectrum"}],"_links":{"self":[{"href":"https:\/\/www.seaflowerstore.com\/de\/wp-json\/wp\/v2\/product\/85557","targetHints":{"allow":["GET"]}}],"collection":[{"href":"https:\/\/www.seaflowerstore.com\/de\/wp-json\/wp\/v2\/product"}],"about":[{"href":"https:\/\/www.seaflowerstore.com\/de\/wp-json\/wp\/v2\/types\/product"}],"wp:featuredmedia":[{"embeddable":true,"href":"https:\/\/www.seaflowerstore.com\/de\/wp-json\/wp\/v2\/media\/83916"}],"wp:attachment":[{"href":"https:\/\/www.seaflowerstore.com\/de\/wp-json\/wp\/v2\/media?parent=85557"}],"wp:term":[{"taxonomy":"pwb-brand","embeddable":true,"href":"https:\/\/www.seaflowerstore.com\/de\/wp-json\/wp\/v2\/pwb-brand?post=85557"},{"taxonomy":"product_cat","embeddable":true,"href":"https:\/\/www.seaflowerstore.com\/de\/wp-json\/wp\/v2\/product_cat?post=85557"},{"taxonomy":"product_tag","embeddable":true,"href":"https:\/\/www.seaflowerstore.com\/de\/wp-json\/wp\/v2\/product_tag?post=85557"}],"curies":[{"name":"wp","href":"https:\/\/api.w.org\/{rel}","templated":true}]}}