{"id":85558,"date":"2021-10-31T12:33:43","date_gmt":"2021-10-31T11:33:43","guid":{"rendered":"https:\/\/www.seaflowerstore.com\/nl\/nls-spectrum-algae-gel\/"},"modified":"2024-03-19T15:49:29","modified_gmt":"2024-03-19T14:49:29","slug":"nls-spectrum-algae-gel","status":"publish","type":"product","link":"https:\/\/www.seaflowerstore.com\/de\/nls-spectrum-algae-gel\/","title":{"rendered":"NLS Spectrum Algae Gel"},"content":{"rendered":"<h2>NLS Spectrum Algae Gel Algae Enhanced Gel Mix &#8211; 100g<\/h2>\n<p>Dieses Produkt enth\u00e4lt <strong>gro\u00dfe Mengen einer Vielzahl von Algen und Meerespflanzen<\/strong>, die der nat\u00fcrlichen Nahrung von Pflanzenfressern sehr \u00e4hnlich sind. Es l\u00e4sst sich in nur wenigen Minuten einfach zubereiten und ergibt ein festes, wasserbest\u00e4ndiges und stark duftendes Softgelfutter.<\/p>\n<p>Die Spectrum-Formel mit hoher N\u00e4hrstoffdichte wurde entwickelt, um Farbe und Vitalit\u00e4t bei <strong>allen Arten von Meeres- und S\u00fc\u00dfwasserfischen<\/strong> zu erhalten. Dar\u00fcber hinaus dient es als <strong>idealer Ersatz f\u00fcr Gem\u00fcse- und Algenprodukte sowie gefrorene Nahrungserg\u00e4nzungsmittel<\/strong>.<\/p>\n<p><strong>Garantierte Analyse<\/strong><\/p>\n<ul>\n<li>Rohprotein (Min.): 40 %<\/li>\n<li>Rohfett (Min.): 6 %<\/li>\n<li>Rohfaser (Max.): 10 %<\/li>\n<li>Feuchtigkeit (Max.): 10 %<\/li>\n<li>Asche (Max.): 9 %<\/li>\n<li>Vitamin A (Min.): 16000 IE\/kg<\/li>\n<li>Vitamin D (Min.): 5000 IE\/kg<\/li>\n<li>Vitamin E (Min.): 400 IE\/kg<\/li>\n<\/ul>\n","protected":false},"excerpt":{"rendered":"<p>NLS Spectrum Algae Gel Includes large quantities of a wide variety of algae and seaweeds<\/p>\n","protected":false},"featured_media":83914,"template":"","meta":[],"pwb-brand":[2303],"product_cat":[1438],"product_tag":[],"class_list":{"0":"post-85558","1":"product","2":"type-product","3":"status-publish","4":"has-post-thumbnail","6":"pwb-brand-new-life-spectrum","7":"product_cat-fischfutter","9":"first","10":"instock","11":"taxable","12":"shipping-taxable","13":"purchasable","14":"product-type-simple"},"acf":[],"brands":[{"id":2303,"name":"New Life Spectrum","slug":"new-life-spectrum"}],"_links":{"self":[{"href":"https:\/\/www.seaflowerstore.com\/de\/wp-json\/wp\/v2\/product\/85558","targetHints":{"allow":["GET"]}}],"collection":[{"href":"https:\/\/www.seaflowerstore.com\/de\/wp-json\/wp\/v2\/product"}],"about":[{"href":"https:\/\/www.seaflowerstore.com\/de\/wp-json\/wp\/v2\/types\/product"}],"wp:featuredmedia":[{"embeddable":true,"href":"https:\/\/www.seaflowerstore.com\/de\/wp-json\/wp\/v2\/media\/83914"}],"wp:attachment":[{"href":"https:\/\/www.seaflowerstore.com\/de\/wp-json\/wp\/v2\/media?parent=85558"}],"wp:term":[{"taxonomy":"pwb-brand","embeddable":true,"href":"https:\/\/www.seaflowerstore.com\/de\/wp-json\/wp\/v2\/pwb-brand?post=85558"},{"taxonomy":"product_cat","embeddable":true,"href":"https:\/\/www.seaflowerstore.com\/de\/wp-json\/wp\/v2\/product_cat?post=85558"},{"taxonomy":"product_tag","embeddable":true,"href":"https:\/\/www.seaflowerstore.com\/de\/wp-json\/wp\/v2\/product_tag?post=85558"}],"curies":[{"name":"wp","href":"https:\/\/api.w.org\/{rel}","templated":true}]}}