{"id":85559,"date":"2021-10-31T10:39:36","date_gmt":"2021-10-31T09:39:36","guid":{"rendered":"https:\/\/www.seaflowerstore.com\/nl\/seachem-reef-phytoplankton\/"},"modified":"2024-03-19T15:49:37","modified_gmt":"2024-03-19T14:49:37","slug":"seachem-reef-phytoplankton","status":"publish","type":"product","link":"https:\/\/www.seaflowerstore.com\/de\/seachem-reef-phytoplankton\/","title":{"rendered":"Seachem Reef Phytoplankton"},"content":{"rendered":"<h2>Seachem Reef Phytoplankton is a Concentrated blend of green and brown marine phytoplankton<\/h2>\n<p>Reef Phytoplankton ist eine konzentrierte Mischung aus gr\u00fcnem und braunem Meeresphytoplankton, die speziell daf\u00fcr entwickelt wurde, essentielle Fetts\u00e4uren, Proteine, Vitamine, Aminos\u00e4uren und biologische Carotinoide f\u00fcr die Ern\u00e4hrung von Wirbellosen bereitzustellen. Die Gr\u00f6\u00dfe des Phytoplanktons reicht von 1 bis 20 \u03bcm, wodurch es f\u00fcr eine Vielzahl von Filtrierern und Wirbellosen in tropischen Meerwasseraquarien geeignet ist.<\/p>\n<p>Seachem Reef Phytoplankton bietet eine nat\u00fcrliche Quelle f\u00fcr Carotinoide, die nicht nur essentielle Proteine \u200b\u200bliefern, sondern auch eine bioverf\u00fcgbarere Pigmentquelle darstellen als andere nat\u00fcrliche Quellen und synthetische Pigmente. Diese Carotinoide haben den zus\u00e4tzlichen Vorteil einer antioxidativen Wirkung.<\/p>\n<p>Zus\u00e4tzlich wurde Reef Phytoplankton\u2122 verbessert, um die Bioverf\u00fcgbarkeit wichtiger N\u00e4hrstoffe wie Proteine, Lipide, B-Vitamine und andere organische Pigmente zu verbessern. Diese Verbesserung erm\u00f6glicht es Korallen, weniger Energie aufzuwenden, um diese N\u00e4hrstoffe zu erhalten. Die Mischung wurde sorgf\u00e4ltig zusammengestellt, um das richtige Gleichgewicht von Fetts\u00e4uren, Kohlenhydraten und Proteinen zu erreichen und so einen besseren N\u00e4hrwert zu gew\u00e4hrleisten. Studien <strong>*<\/strong> haben gezeigt, dass Filtrierer mehr Phytoplankton konsumieren, wenn sie Mischkulturen statt einer Einzelkultur verwenden.<\/p>\n<p class=\"font-size-sm\"><strong>*<\/strong>Villa, B. Rico, Le Coz, J. R., Mingant, C. und Robert, R. (2006). <em>Aquaculture<\/em>. 256, 377-388.<\/p>\n<h3>Anwendung<\/h3>\n<p>Vor Gebrauch gut sch\u00fctteln. Zweimal w\u00f6chentlich oder nach Bedarf 1 Verschlusskappe (5 ml) pro 200 l (50 US-Gallonen) Wasser hinzuf\u00fcgen, um das Korallenwachstum zu unterst\u00fctzen. F\u00fcr optimale Ergebnisse direkt in das Aquarium dosieren; eine gezielte F\u00fctterung kann die Korallen \u00fcberfordern und sich negativ auf sie auswirken. Obwohl eine K\u00fchlung nach dem \u00d6ffnen empfohlen wird, ist dies nicht zwingend erforderlich.<\/p>\n","protected":false},"excerpt":{"rendered":"<p>Seachem Reef Phytoplankton is a Concentrated blend of green and brown marine phytoplankton<\/p>\n","protected":false},"featured_media":83911,"template":"","meta":[],"pwb-brand":[2215],"product_cat":[1424,1402],"product_tag":[],"class_list":{"0":"post-85559","1":"product","2":"type-product","3":"status-publish","4":"has-post-thumbnail","6":"pwb-brand-seachem","7":"product_cat-futter","8":"product_cat-verschieden","9":"pa_content-250-ml","10":"pa_content-500-ml","11":"pa_inhoud-250-ml-de","12":"pa_inhoud-500-ml-de","14":"first","15":"instock","16":"taxable","17":"shipping-taxable","18":"purchasable","19":"product-type-variable"},"acf":[],"brands":[{"id":2215,"name":"Seachem","slug":"seachem"}],"_links":{"self":[{"href":"https:\/\/www.seaflowerstore.com\/de\/wp-json\/wp\/v2\/product\/85559","targetHints":{"allow":["GET"]}}],"collection":[{"href":"https:\/\/www.seaflowerstore.com\/de\/wp-json\/wp\/v2\/product"}],"about":[{"href":"https:\/\/www.seaflowerstore.com\/de\/wp-json\/wp\/v2\/types\/product"}],"wp:featuredmedia":[{"embeddable":true,"href":"https:\/\/www.seaflowerstore.com\/de\/wp-json\/wp\/v2\/media\/83911"}],"wp:attachment":[{"href":"https:\/\/www.seaflowerstore.com\/de\/wp-json\/wp\/v2\/media?parent=85559"}],"wp:term":[{"taxonomy":"pwb-brand","embeddable":true,"href":"https:\/\/www.seaflowerstore.com\/de\/wp-json\/wp\/v2\/pwb-brand?post=85559"},{"taxonomy":"product_cat","embeddable":true,"href":"https:\/\/www.seaflowerstore.com\/de\/wp-json\/wp\/v2\/product_cat?post=85559"},{"taxonomy":"product_tag","embeddable":true,"href":"https:\/\/www.seaflowerstore.com\/de\/wp-json\/wp\/v2\/product_tag?post=85559"}],"curies":[{"name":"wp","href":"https:\/\/api.w.org\/{rel}","templated":true}]}}