{"id":85563,"date":"2021-10-28T21:57:16","date_gmt":"2021-10-28T19:57:16","guid":{"rendered":"https:\/\/www.seaflowerstore.com\/nl\/arka-myaqua-1900-carbon-filter-c1\/"},"modified":"2024-03-19T15:49:23","modified_gmt":"2024-03-19T14:49:23","slug":"arka-myaqua-1900-carbon-filter-c1","status":"publish","type":"product","link":"https:\/\/www.seaflowerstore.com\/de\/arka-myaqua-1900-carbon-filter-c1\/","title":{"rendered":"Arka MyAqua 1900\u00a0&#8211; Carbon Filter C1"},"content":{"rendered":"<h2>Arka MyAqua 1900 &#8211; Carbon Filter C1<\/h2>\n<h3><strong>Alle Vorteile<\/strong><\/h3>\n<ul>\n<li>Durchflussmenge: max. 2 l\/min<\/li>\n<li>Betriebstemperatur: min. 5\u00b0C \u2013 max. 38\u00b0C<\/li>\n<li>Betriebsdruck: min. 1 bar \u2013 max. 4 bar<\/li>\n<li>Wechselintervall: 6 \u2013 12 Monate<\/li>\n<li>Ma\u00dfe: L\u00e4nge ca. 27,5 cm, Durchmesser ca. 8,0 cm<\/li>\n<\/ul>\n<p>Der <strong>myAqua Kohlefilter C1<\/strong> wurde entwickelt, um Ger\u00fcche, Verf\u00e4rbungen, Chlor, Herbizide, Pestizide und sogar Medikamentenr\u00fcckst\u00e4nde sicher und effektiv zu beseitigen. Es funktioniert perfekt mit unserem ARKA Aquatics myAqua 1900-System.<\/p>\n<p>Mit einem Block hochwertiger Aktivkohle sorgt der <strong>myAqua Kohlefilter C1<\/strong> f\u00fcr optimale Ergebnisse und liefert Ihnen sauberes und erfrischendes Wasser.<\/p>\n","protected":false},"excerpt":{"rendered":"<p>Arka MyAqua 1900\u00a0&#8211; Carbon Filter C1<\/p>\n","protected":false},"featured_media":83908,"template":"","meta":[],"pwb-brand":[2253],"product_cat":[1537],"product_tag":[],"class_list":{"0":"post-85563","1":"product","2":"type-product","3":"status-publish","4":"has-post-thumbnail","6":"pwb-brand-arka","7":"product_cat-aquarientechnik","9":"first","10":"instock","11":"taxable","12":"shipping-taxable","13":"purchasable","14":"product-type-simple"},"acf":[],"brands":[{"id":2253,"name":"Arka","slug":"arka"}],"_links":{"self":[{"href":"https:\/\/www.seaflowerstore.com\/de\/wp-json\/wp\/v2\/product\/85563","targetHints":{"allow":["GET"]}}],"collection":[{"href":"https:\/\/www.seaflowerstore.com\/de\/wp-json\/wp\/v2\/product"}],"about":[{"href":"https:\/\/www.seaflowerstore.com\/de\/wp-json\/wp\/v2\/types\/product"}],"wp:featuredmedia":[{"embeddable":true,"href":"https:\/\/www.seaflowerstore.com\/de\/wp-json\/wp\/v2\/media\/83908"}],"wp:attachment":[{"href":"https:\/\/www.seaflowerstore.com\/de\/wp-json\/wp\/v2\/media?parent=85563"}],"wp:term":[{"taxonomy":"pwb-brand","embeddable":true,"href":"https:\/\/www.seaflowerstore.com\/de\/wp-json\/wp\/v2\/pwb-brand?post=85563"},{"taxonomy":"product_cat","embeddable":true,"href":"https:\/\/www.seaflowerstore.com\/de\/wp-json\/wp\/v2\/product_cat?post=85563"},{"taxonomy":"product_tag","embeddable":true,"href":"https:\/\/www.seaflowerstore.com\/de\/wp-json\/wp\/v2\/product_tag?post=85563"}],"curies":[{"name":"wp","href":"https:\/\/api.w.org\/{rel}","templated":true}]}}