{"id":85564,"date":"2021-10-28T23:09:49","date_gmt":"2021-10-28T19:19:47","guid":{"rendered":"https:\/\/www.seaflowerstore.com\/nl\/arka-myaqua-1900\/"},"modified":"2024-10-13T17:51:35","modified_gmt":"2024-10-13T15:51:35","slug":"arka-myaqua-1900","status":"publish","type":"product","link":"https:\/\/www.seaflowerstore.com\/de\/arka-myaqua-1900\/","title":{"rendered":"Arka MyAqua 1900"},"content":{"rendered":"<h2>Arka MyAqua 1900 osmosis device with a yield of no less than 1900L\/day<\/h2>\n<p>Das Arka MyAqua 1900 ist ein beeindruckendes Osmoseger\u00e4t, das eine t\u00e4gliche Leistung von bis zu 1900 Litern liefert. Es filtert effizient bis zu 99 % der Salze, Bakterien und Schadstoffe, darunter Nitrate, Phosphate und Schwermetalle, aus dem Leitungswasser. Dies macht ihn f\u00fcr den Einsatz in Salz- und S\u00fc\u00dfwasseraquarien sicher.<\/p>\n<p>Hier sind einige wichtige Funktionen:<\/p>\n<ul>\n<li>Er erreicht eine Wasserausbeute von bis zu 1:1 und verwendet ausschlie\u00dflich nat\u00fcrliche Filtermaterialien ohne chemische Zus\u00e4tze.<\/li>\n<li>Er kann mit dem mitgelieferten Zubeh\u00f6r problemlos an handels\u00fcbliche Hauswasserleitungen angeschlossen werden.<\/li>\n<\/ul>\n<p><strong>TECHNISCHE DATEN f\u00fcr myAQUA 1900<\/strong><\/p>\n<ul>\n<li>Tagesleistung: bis zu 1900 Liter \/ 24 Stunden<\/li>\n<li>Abmessungen: ca. 434 x 163 x 418 mm<\/li>\n<li>Osmosewasser: Restwasserausbeute ca. 1:1 bis 1,5<\/li>\n<li>Salzr\u00fcckhalteverm\u00f6gen: 98 &#8211; 99%<\/li>\n<li>Stromverbrauch \/ Standby: 70 W \/ 1-2 W<\/li>\n<li>Spannung: 24 V<\/li>\n<\/ul>\n<p><strong>Im Lieferumfang enthalten:<\/strong><\/p>\n<ul>\n<li>1\u00d7 Membran<\/li>\n<li>1\u00d7 Feinfilterkartusche<\/li>\n<li>1\u00d7 Kohlefilterkartusche C1<\/li>\n<li>1\u00d7 Kohlefilterkartusche C2 &#8211; Wir empfehlen, <strong>diese Kartusche durch den Resin Filter zu ersetzen<\/strong>, um Silikate effektiv zu absorbieren<\/li>\n<li>1 \u00d7 Wasseranschluss (3\/4&#8243;\u20131\/4&#8243;)<\/li>\n<li>1\u00d7 150 cm Schlauch (im Lieferumfang enthalten)<\/li>\n<li>1\u00d7 300 cm Schlauch (f\u00fcr Osmose &#038; Abwasser)<\/li>\n<li>1\u00d7 Wasserhahn<\/li>\n<li>1\u00d7 T-St\u00fcck<\/li>\n<li>1\u00d7 Wandhalterung<\/li>\n<li>1\u00d7 Netzteil<\/li>\n<li>1\u00d7 TDS-Messger\u00e4t<\/li>\n<li>1\u00d7 Abwasserklemme<\/li>\n<li>1\u00d7 Ventil 1\/4-1\/4<\/li>\n<\/ul>\n<p>Die Bedienung und Wartung dieses Ger\u00e4ts ist dank Funktionen wie einem Schnellverschlusssystem f\u00fcr die Filter- und Membrankartuschen einfach. Hier sind die empfohlenen Austauschintervalle f\u00fcr die Systemkomponenten:<\/p>\n<ul>\n<li>RO-Membran: alle 12-24 Monate<\/li>\n<li>C1-Kohlefilter: alle 6-12 Monate<\/li>\n<li>C2-Kohlefilter: alle 6-12 Monate<\/li>\n<li>PP-Feinfilter: alle 6-12 Monate<\/li>\n<\/ul>\n<p>Ein besonderer Dank geht an Pieter van De Jong von Marinelife, der uns die Verwendung seines Lehrvideos gestattet hat.<\/p>\n","protected":false},"excerpt":{"rendered":"<p>Arka MyAqua 1900 osmosis device with a yield of no less than 1900L\/day<\/p>\n","protected":false},"featured_media":83903,"template":"","meta":[],"pwb-brand":[2253],"product_cat":[1468],"product_tag":[],"class_list":{"0":"post-85564","1":"product","2":"type-product","3":"status-publish","4":"has-post-thumbnail","6":"pwb-brand-arka","7":"product_cat-osmose-ionenaustauscher","9":"first","10":"instock","11":"sale","12":"taxable","13":"shipping-taxable","14":"purchasable","15":"product-type-simple"},"acf":[],"brands":[{"id":2253,"name":"Arka","slug":"arka"}],"_links":{"self":[{"href":"https:\/\/www.seaflowerstore.com\/de\/wp-json\/wp\/v2\/product\/85564","targetHints":{"allow":["GET"]}}],"collection":[{"href":"https:\/\/www.seaflowerstore.com\/de\/wp-json\/wp\/v2\/product"}],"about":[{"href":"https:\/\/www.seaflowerstore.com\/de\/wp-json\/wp\/v2\/types\/product"}],"wp:featuredmedia":[{"embeddable":true,"href":"https:\/\/www.seaflowerstore.com\/de\/wp-json\/wp\/v2\/media\/83903"}],"wp:attachment":[{"href":"https:\/\/www.seaflowerstore.com\/de\/wp-json\/wp\/v2\/media?parent=85564"}],"wp:term":[{"taxonomy":"pwb-brand","embeddable":true,"href":"https:\/\/www.seaflowerstore.com\/de\/wp-json\/wp\/v2\/pwb-brand?post=85564"},{"taxonomy":"product_cat","embeddable":true,"href":"https:\/\/www.seaflowerstore.com\/de\/wp-json\/wp\/v2\/product_cat?post=85564"},{"taxonomy":"product_tag","embeddable":true,"href":"https:\/\/www.seaflowerstore.com\/de\/wp-json\/wp\/v2\/product_tag?post=85564"}],"curies":[{"name":"wp","href":"https:\/\/api.w.org\/{rel}","templated":true}]}}