{"id":85569,"date":"2021-10-23T14:10:36","date_gmt":"2021-10-23T12:10:36","guid":{"rendered":"https:\/\/www.seaflowerstore.com\/nl\/vitalis-catfish-pellets\/"},"modified":"2025-07-20T18:47:35","modified_gmt":"2025-07-20T16:47:35","slug":"vitalis-catfish-pellets","status":"publish","type":"product","link":"https:\/\/www.seaflowerstore.com\/de\/vitalis-catfish-pellets\/","title":{"rendered":"Vitalis Catfish pellets"},"content":{"rendered":"<h2>Vitalis Catfish pellets soft granules contain a rich variety of attractants<\/h2>\n<p>Unsere <strong>Vitalis Welspellets<\/strong> sind speziell auf die einzigartigen Fressgewohnheiten von Welsen abgestimmt. Diese weichen <em>Pellets<\/em> sind mit einer breiten Palette nat\u00fcrlicher Lockstoffe aus den von uns verwendeten Hauptzutaten angereichert und f\u00f6rdern das nat\u00fcrliche Futtersuchverhalten Ihrer Fische.<\/p>\n<p>Jedes Futter unserer <em>Pellets<\/em> ist weich, sodass es leicht verdaulich ist und langsam im Wasser absinkt. Dieser Ansatz f\u00f6rdert ein nat\u00fcrlicheres Fresserlebnis f\u00fcr Ihre Fische.<\/p>\n<p>Mit <em>Welspellets<\/em> reagieren Ihre Fische instinktiv, w\u00e4hrend sie ihre Umgebung erkunden, sodass Sie ihre Fressgewohnheiten genau wie in ihrem nat\u00fcrlichen Lebensraum beobachten k\u00f6nnen.<\/p>\n<p>Dieses Produkt ist perfekt geeignet, um den N\u00e4hrstoffbedarf und die empfindlichen Mundstrukturen von Welsen zu unterst\u00fctzen. Es ist reich an <em>Seetang, Vitaminen und Mineralstoffen<\/em> und enth\u00e4lt zahlreiche nat\u00fcrliche Lockstoffe.<\/p>\n<p><strong>Zusammensetzung:<\/strong> <em>Fisch und Fischnebenerzeugnisse, pflanzliche Nebenerzeugnisse, Algen, \u00d6le und Fette, Weich- und Krebstiere, Mineralstoffe, Vitamine.<\/em><\/p>\n<p><strong>Analytische Bestandteile:<\/strong> <em>40,3 % Eiwei\u00df, 20,8 % Feuchtigkeit, 19,3 % anorganische Stoffe, 10 % Fettgehalt, 2 % Ballaststoffe.<\/em><\/p>\n<p><strong>Granulatgr\u00f6\u00dfe:<\/strong> 1 mm \u00d8<\/p>\n","protected":false},"excerpt":{"rendered":"<p>Vitalis Catfish pellets soft granules contain a rich variety of attractants<\/p>\n","protected":false},"featured_media":83888,"template":"","meta":[],"pwb-brand":[2239],"product_cat":[1447,1492],"product_tag":[],"class_list":{"0":"post-85569","1":"product","2":"type-product","3":"status-publish","4":"has-post-thumbnail","6":"pwb-brand-vitalis","7":"product_cat-futter-de","8":"product_cat-suesswasser","9":"pa_content-260-gr","10":"pa_content-70-gr","11":"pa_inhoud-70-gr-de","13":"first","14":"outofstock","15":"taxable","16":"shipping-taxable","17":"purchasable","18":"product-type-variable"},"acf":[],"brands":[{"id":2239,"name":"Vitalis","slug":"vitalis"}],"_links":{"self":[{"href":"https:\/\/www.seaflowerstore.com\/de\/wp-json\/wp\/v2\/product\/85569","targetHints":{"allow":["GET"]}}],"collection":[{"href":"https:\/\/www.seaflowerstore.com\/de\/wp-json\/wp\/v2\/product"}],"about":[{"href":"https:\/\/www.seaflowerstore.com\/de\/wp-json\/wp\/v2\/types\/product"}],"wp:featuredmedia":[{"embeddable":true,"href":"https:\/\/www.seaflowerstore.com\/de\/wp-json\/wp\/v2\/media\/83888"}],"wp:attachment":[{"href":"https:\/\/www.seaflowerstore.com\/de\/wp-json\/wp\/v2\/media?parent=85569"}],"wp:term":[{"taxonomy":"pwb-brand","embeddable":true,"href":"https:\/\/www.seaflowerstore.com\/de\/wp-json\/wp\/v2\/pwb-brand?post=85569"},{"taxonomy":"product_cat","embeddable":true,"href":"https:\/\/www.seaflowerstore.com\/de\/wp-json\/wp\/v2\/product_cat?post=85569"},{"taxonomy":"product_tag","embeddable":true,"href":"https:\/\/www.seaflowerstore.com\/de\/wp-json\/wp\/v2\/product_tag?post=85569"}],"curies":[{"name":"wp","href":"https:\/\/api.w.org\/{rel}","templated":true}]}}