{"id":85573,"date":"2021-10-23T15:32:13","date_gmt":"2021-10-23T13:32:13","guid":{"rendered":"https:\/\/www.seaflowerstore.com\/nl\/dd-compact-ato\/"},"modified":"2024-03-19T15:49:11","modified_gmt":"2024-03-19T14:49:11","slug":"dd-compact-ato","status":"publish","type":"product","link":"https:\/\/www.seaflowerstore.com\/de\/dd-compact-ato\/","title":{"rendered":"DD Compact ATO"},"content":{"rendered":"<h2>DD Compact ATO Auto Top-Up to replenish evaporated aquarium water<\/h2>\n<p><big>H2Ocean Compact Auto Top-Up<\/big> ist eine ultrakompakte, intelligente automatische Nachf\u00fclleinheit, die einfach zu montieren und benutzerfreundlich ist. Mit zwei optischen Sensoren genie\u00dfen Sie zus\u00e4tzliche Sicherheit.<\/p>\n<div class=\"row\">\n<div class=\"col-xs-12\">\n<h3 class=\"sub-title increase-decrease-\">Funktionen<\/h3>\n<\/div>\n<\/div>\n<ul>\n<li>Automatische Nachf\u00fclleinheit (ATO)<\/li>\n<li>Kompakter intelligenter Sensor mit Doppeloptik und visuellem Alarm<\/li>\n<li>Integrierter Echtzeit-Ausfallschutz<\/li>\n<li>Keine beweglichen Teile, die ausfallen k\u00f6nnen<\/li>\n<li>Geringe Stellfl\u00e4che<\/li>\n<li>Einfach zu installieren<\/li>\n<li>Plug &#038; Play<\/li>\n<li>Komplett mit DC-Nachf\u00fcllpumpe<\/li>\n<\/ul>\n<div class=\"row\">\n<div class=\"col-xs-12\">\n<h3 class=\"sub-title increase-decrease-\">Spezifikationen<\/h3>\n<\/div>\n<\/div>\n<ul>\n<li>Stromeingang: 100-240 VAC 50-60 HZ<\/li>\n<li>Gleichstrompumpe: F\u00f6rderh\u00f6he 250 cm, Durchflussrate: 280 l\/h<\/li>\n<li>Glasmontagedicke: 12,5 mm<\/li>\n<li>Rohrgr\u00f6\u00dfe: 9 mm Au\u00dfendurchmesser \u2013 6,5 mm Innendurchmesser, 2 Meter lang<\/li>\n<\/ul>\n","protected":false},"excerpt":{"rendered":"<p>DD Compact ATO Auto Top-Up to replenish evaporated aquarium water<\/p>\n","protected":false},"featured_media":83884,"template":"","meta":[],"pwb-brand":[2137],"product_cat":[1433],"product_tag":[],"class_list":{"0":"post-85573","1":"product","2":"type-product","3":"status-publish","4":"has-post-thumbnail","6":"pwb-brand-d-d-the-aquarium-solution","7":"product_cat-nachfuellsysteme","9":"first","10":"outofstock","11":"taxable","12":"shipping-taxable","13":"purchasable","14":"product-type-simple"},"acf":[],"brands":[{"id":2137,"name":"D-D the aquarium solution","slug":"d-d-the-aquarium-solution"}],"_links":{"self":[{"href":"https:\/\/www.seaflowerstore.com\/de\/wp-json\/wp\/v2\/product\/85573","targetHints":{"allow":["GET"]}}],"collection":[{"href":"https:\/\/www.seaflowerstore.com\/de\/wp-json\/wp\/v2\/product"}],"about":[{"href":"https:\/\/www.seaflowerstore.com\/de\/wp-json\/wp\/v2\/types\/product"}],"wp:featuredmedia":[{"embeddable":true,"href":"https:\/\/www.seaflowerstore.com\/de\/wp-json\/wp\/v2\/media\/83884"}],"wp:attachment":[{"href":"https:\/\/www.seaflowerstore.com\/de\/wp-json\/wp\/v2\/media?parent=85573"}],"wp:term":[{"taxonomy":"pwb-brand","embeddable":true,"href":"https:\/\/www.seaflowerstore.com\/de\/wp-json\/wp\/v2\/pwb-brand?post=85573"},{"taxonomy":"product_cat","embeddable":true,"href":"https:\/\/www.seaflowerstore.com\/de\/wp-json\/wp\/v2\/product_cat?post=85573"},{"taxonomy":"product_tag","embeddable":true,"href":"https:\/\/www.seaflowerstore.com\/de\/wp-json\/wp\/v2\/product_tag?post=85573"}],"curies":[{"name":"wp","href":"https:\/\/api.w.org\/{rel}","templated":true}]}}