{"id":85575,"date":"2021-10-21T12:34:44","date_gmt":"2021-10-21T10:34:44","guid":{"rendered":"https:\/\/www.seaflowerstore.com\/nl\/chemi-pure-blue-bulk-6-pack\/"},"modified":"2024-03-19T15:49:08","modified_gmt":"2024-03-19T14:49:08","slug":"chemi-pure-blue-bulk-6-pack","status":"publish","type":"product","link":"https:\/\/www.seaflowerstore.com\/de\/chemi-pure-blue-bulk-6-pack\/","title":{"rendered":"Chemi Pure Blue Bulk (6 pack)"},"content":{"rendered":"<h2>Boyd Enterprises Chemi Pure Blue (6 pack &#8211; 6x 312gr)<\/h2>\n<p>Lassen Sie uns die fantastischen Vorteile von Chemi Pure Blue erkunden:<\/p>\n<ul>\n<li><strong>Stabilisiert den pH-Wert:<\/strong> H\u00e4lt den pH-Wert stabil und konstant.<\/li>\n<li><strong>Reduziert Fischverlust:<\/strong> Minimiert den Fischverlust bei pH-\u00c4nderungen oder in verunreinigtem Wasser.<\/li>\n<li><strong>Kristallklare Aquarien:<\/strong> Sorgt daf\u00fcr, dass Ihre Aquarien kristallklar bleiben.<\/li>\n<li><strong>Nat\u00fcrliche Umgebung:<\/strong> Bietet positive neurologische Reaktionen bei Fischen und ahmt ihre nat\u00fcrliche Umgebung nach.<\/li>\n<li><strong>Abfallentfernung:<\/strong> Entfernt effektiv gel\u00f6sten organischen Abfall.<\/li>\n<li><strong>Verbesserter Appetit:<\/strong> F\u00f6rdert einen besseren Appetit der Fische.<\/li>\n<li><strong>Filtert sch\u00e4dliche Substanzen:<\/strong> Filtert Kupfer, Metalle, Duftstoffe und Phenol.<\/li>\n<li><strong>Verhindert Ionen Antagonismus:<\/strong> Hilft, Ionenantagonismus zu verhindern.<\/li>\n<li><strong>Reichweite:<\/strong> Ein Beutel reicht f\u00fcr die Behandlung von 375 Litern Wasser.<\/li>\n<\/ul>\n<p>Boyd Enterprises freut sich, eine revolution\u00e4re neue Erg\u00e4nzung der Chemi-Pure-Familie vorstellen zu d\u00fcrfen: Chemi-Pure Blue! Dieses Produkt wurde speziell entwickelt, um hervorragende Ergebnisse in Riff- und Meerwasseraquarien zu erzielen.<\/p>\n<p>Unsere einzigartige, patentierte Mischung kombiniert hochwertige, kohlenstoffgewickelte Kohle mit geringer Dichte mit Ionenaustauschern mit hoher Kapazit\u00e4t, fachm\u00e4nnisch verpackt in einem hochwertigen All-in-One-Filtermedium in einer Nylontasche. Chemi-Pure Blue reduziert organische Stoffe und Phosphate erheblich, verbessert gleichzeitig den Redox-Spiegel und hilft, den pH-Wert zu stabilisieren. Dies gew\u00e4hrleistet ein gesundes und kristallklares Aquarium f\u00fcr alle Wasserlebewesen.<\/p>\n","protected":false},"excerpt":{"rendered":"<p>Boyd Enterprises Chemi Pure Blue filtering your aquarium water<\/p>\n","protected":false},"featured_media":83880,"template":"","meta":[],"pwb-brand":[2211],"product_cat":[1485],"product_tag":[],"class_list":{"0":"post-85575","1":"product","2":"type-product","3":"status-publish","4":"has-post-thumbnail","6":"pwb-brand-boyd-enterprises","7":"product_cat-chemi-pure-boyd-enterprises-de","9":"first","10":"instock","11":"taxable","12":"shipping-taxable","13":"purchasable","14":"product-type-simple"},"acf":[],"brands":[{"id":2211,"name":"Boyd Enterprises","slug":"boyd-enterprises"}],"_links":{"self":[{"href":"https:\/\/www.seaflowerstore.com\/de\/wp-json\/wp\/v2\/product\/85575","targetHints":{"allow":["GET"]}}],"collection":[{"href":"https:\/\/www.seaflowerstore.com\/de\/wp-json\/wp\/v2\/product"}],"about":[{"href":"https:\/\/www.seaflowerstore.com\/de\/wp-json\/wp\/v2\/types\/product"}],"wp:featuredmedia":[{"embeddable":true,"href":"https:\/\/www.seaflowerstore.com\/de\/wp-json\/wp\/v2\/media\/83880"}],"wp:attachment":[{"href":"https:\/\/www.seaflowerstore.com\/de\/wp-json\/wp\/v2\/media?parent=85575"}],"wp:term":[{"taxonomy":"pwb-brand","embeddable":true,"href":"https:\/\/www.seaflowerstore.com\/de\/wp-json\/wp\/v2\/pwb-brand?post=85575"},{"taxonomy":"product_cat","embeddable":true,"href":"https:\/\/www.seaflowerstore.com\/de\/wp-json\/wp\/v2\/product_cat?post=85575"},{"taxonomy":"product_tag","embeddable":true,"href":"https:\/\/www.seaflowerstore.com\/de\/wp-json\/wp\/v2\/product_tag?post=85575"}],"curies":[{"name":"wp","href":"https:\/\/api.w.org\/{rel}","templated":true}]}}