{"id":85576,"date":"2021-10-21T10:23:02","date_gmt":"2021-10-21T08:23:02","guid":{"rendered":"https:\/\/www.seaflowerstore.com\/nl\/alkatronic-100ml-glass-cylinder\/"},"modified":"2024-03-19T15:49:08","modified_gmt":"2024-03-19T14:49:08","slug":"alkatronic-100ml-glass-cylinder","status":"publish","type":"product","link":"https:\/\/www.seaflowerstore.com\/de\/alkatronic-100ml-glass-cylinder\/","title":{"rendered":"Alkatronic 100ML Glass Cylinder"},"content":{"rendered":"<h2>Alkatronic 100ML Glass Cylinder for calibrating the Alkatronic<\/h2>\n<p><strong>Der Versand erfolgt auf Risiko des Kunden, da es sich um ein empfindliches Produkt handelt. Wir verpacken es gut, \u00fcbernehmen jedoch keine Verantwortung f\u00fcr eventuelle Bruchsch\u00e4den.<\/strong><\/p>\n","protected":false},"excerpt":{"rendered":"<p>Alkatronic 100ML Glass Cylinder\u00a0for calibrating the Alkatronic<\/p>\n","protected":false},"featured_media":83879,"template":"","meta":[],"pwb-brand":[2261],"product_cat":[1537,1407,741],"product_tag":[],"class_list":{"0":"post-85576","1":"product","2":"type-product","3":"status-publish","4":"has-post-thumbnail","6":"pwb-brand-focustronic","7":"product_cat-aquarientechnik","8":"product_cat-focustronic-de","9":"product_cat-brands","11":"first","12":"outofstock","13":"taxable","14":"shipping-taxable","15":"purchasable","16":"product-type-simple"},"acf":[],"brands":[{"id":2261,"name":"Focustronic","slug":"focustronic"}],"_links":{"self":[{"href":"https:\/\/www.seaflowerstore.com\/de\/wp-json\/wp\/v2\/product\/85576","targetHints":{"allow":["GET"]}}],"collection":[{"href":"https:\/\/www.seaflowerstore.com\/de\/wp-json\/wp\/v2\/product"}],"about":[{"href":"https:\/\/www.seaflowerstore.com\/de\/wp-json\/wp\/v2\/types\/product"}],"wp:featuredmedia":[{"embeddable":true,"href":"https:\/\/www.seaflowerstore.com\/de\/wp-json\/wp\/v2\/media\/83879"}],"wp:attachment":[{"href":"https:\/\/www.seaflowerstore.com\/de\/wp-json\/wp\/v2\/media?parent=85576"}],"wp:term":[{"taxonomy":"pwb-brand","embeddable":true,"href":"https:\/\/www.seaflowerstore.com\/de\/wp-json\/wp\/v2\/pwb-brand?post=85576"},{"taxonomy":"product_cat","embeddable":true,"href":"https:\/\/www.seaflowerstore.com\/de\/wp-json\/wp\/v2\/product_cat?post=85576"},{"taxonomy":"product_tag","embeddable":true,"href":"https:\/\/www.seaflowerstore.com\/de\/wp-json\/wp\/v2\/product_tag?post=85576"}],"curies":[{"name":"wp","href":"https:\/\/api.w.org\/{rel}","templated":true}]}}