{"id":85580,"date":"2021-10-20T07:59:11","date_gmt":"2021-10-20T05:59:11","guid":{"rendered":"https:\/\/www.seaflowerstore.com\/nl\/aquaforest-af-water-conditioner\/"},"modified":"2024-03-19T15:49:03","modified_gmt":"2024-03-19T14:49:03","slug":"aquaforest-af-water-conditioner","status":"publish","type":"product","link":"https:\/\/www.seaflowerstore.com\/de\/aquaforest-af-water-conditioner\/","title":{"rendered":"Aquaforest AF Water Conditioner"},"content":{"rendered":"<h2>Aquaforest AF Water Conditioner instantly neutralizes harmful chlorine in tap water and makes it safe for aquarium use<\/h2>\n<p>Aquaforest AF Water Conditioner ist ein speziell formuliertes Produkt zur Wasseraufbereitung. Es enth\u00e4lt zus\u00e4tzliche Vitamine und Schutzkolloide und eignet sich daher perfekt f\u00fcr die Aufbereitung von Leitungswasser zur sofortigen Verwendung in Aquarien.<\/p>\n<p>Dieser Conditioner reduziert effektiv den Chlorgehalt, der f\u00fcr Fische sch\u00e4dlich sein kann, und bindet und neutralisiert Schwermetalle. Dar\u00fcber hinaus wandelt er wasserl\u00f6sliche Verbindungen wie Eisen in eine f\u00fcr Pflanzen bioverf\u00fcgbare Form um.<\/p>\n<p>W\u00e4hrend des Transports k\u00f6nnen Fische h\u00e4ufig Sch\u00e4den an Haut, Flossen und Schleim erleiden. Die Schutzkolloide im AF Water Conditioner helfen, den nat\u00fcrlichen Schleim zu ersetzen, sodass sich die Fischhaut schneller regenerieren kann und weniger anf\u00e4llig f\u00fcr Verletzungen und Infektionen wird. Dar\u00fcber hinaus st\u00e4rken die sorgf\u00e4ltig ausgew\u00e4hlten B-Vitamine das Immunsystem der Fische und unterst\u00fctzen ihre Genesung.<\/p>\n<p><strong>Beschreibung:<\/strong> Diese Wasseraufbereitungsformel bindet Schwermetalle und entfernt giftige Formen von Chlor. Au\u00dferdem macht sie wassergetragene Verbindungen f\u00fcr Pflanzen bioverf\u00fcgbar. Die Kombination aus Schutzkolloiden und B-Vitaminen hilft Fischen, Stress zu bew\u00e4ltigen und erh\u00f6ht ihre Widerstandskraft gegen Krankheiten. AF Water Conditioner beginnt sofort nach der Anwendung zu wirken.<\/p>\n<h3>ANWENDUNG:<\/h3>\n<ul>\n<li>Verwenden Sie 10 ml AF Water Conditioner pro 100 Liter Leitungswasser.<\/li>\n<li>Wenden Sie es bei jedem Wasserwechsel, beim Einrichten eines neuen Aquariums und beim Transportieren von Fischen an.<\/li>\n<\/ul>\n<p>Denken Sie daran, dass dieses Produkt ausschlie\u00dflich f\u00fcr Wasserzwecke bestimmt ist. Bitte sch\u00fctzen Sie es vor Sonnenlicht und lagern Sie es bei Raumtemperatur in einem dicht verschlossenen Beh\u00e4lter au\u00dferhalb der Reichweite von Kindern.<\/p>\n","protected":false},"excerpt":{"rendered":"<p>Aquaforest AF Water Conditioner instantly neutralizes harmful chlorine in tap water and makes it safe for aquarium use<\/p>\n","protected":false},"featured_media":83874,"template":"","meta":[],"pwb-brand":[2199],"product_cat":[1492,1486],"product_tag":[],"class_list":{"0":"post-85580","1":"product","2":"type-product","3":"status-publish","4":"has-post-thumbnail","6":"pwb-brand-aquaforest","7":"product_cat-suesswasser","8":"product_cat-zusatzstoffe","9":"pa_content-2000-ml","10":"pa_content-250-ml","11":"pa_inhoud-2000-ml-de","12":"pa_inhoud-250-ml-de","14":"first","15":"instock","16":"taxable","17":"shipping-taxable","18":"purchasable","19":"product-type-variable"},"acf":[],"brands":[{"id":2199,"name":"Aquaforest","slug":"aquaforest"}],"_links":{"self":[{"href":"https:\/\/www.seaflowerstore.com\/de\/wp-json\/wp\/v2\/product\/85580","targetHints":{"allow":["GET"]}}],"collection":[{"href":"https:\/\/www.seaflowerstore.com\/de\/wp-json\/wp\/v2\/product"}],"about":[{"href":"https:\/\/www.seaflowerstore.com\/de\/wp-json\/wp\/v2\/types\/product"}],"wp:featuredmedia":[{"embeddable":true,"href":"https:\/\/www.seaflowerstore.com\/de\/wp-json\/wp\/v2\/media\/83874"}],"wp:attachment":[{"href":"https:\/\/www.seaflowerstore.com\/de\/wp-json\/wp\/v2\/media?parent=85580"}],"wp:term":[{"taxonomy":"pwb-brand","embeddable":true,"href":"https:\/\/www.seaflowerstore.com\/de\/wp-json\/wp\/v2\/pwb-brand?post=85580"},{"taxonomy":"product_cat","embeddable":true,"href":"https:\/\/www.seaflowerstore.com\/de\/wp-json\/wp\/v2\/product_cat?post=85580"},{"taxonomy":"product_tag","embeddable":true,"href":"https:\/\/www.seaflowerstore.com\/de\/wp-json\/wp\/v2\/product_tag?post=85580"}],"curies":[{"name":"wp","href":"https:\/\/api.w.org\/{rel}","templated":true}]}}