{"id":85603,"date":"2021-10-16T21:13:39","date_gmt":"2021-10-16T19:13:39","guid":{"rendered":"https:\/\/www.seaflowerstore.com\/nl\/vitalis-freshwater-shrimp-pellets-1mm-70g\/"},"modified":"2024-03-19T15:48:40","modified_gmt":"2024-03-19T14:48:40","slug":"vitalis-freshwater-shrimp-pellets-1mm-70g","status":"publish","type":"product","link":"https:\/\/www.seaflowerstore.com\/de\/vitalis-freshwater-shrimp-pellets-1mm-70g\/","title":{"rendered":"Vitalis Freshwater Shrimp Pellets 1mm &#8211; 70g"},"content":{"rendered":"<h2>Vitalis Freshwater Shrimp Pellets 1mm &#8211; 70g deliver a palatable and highly digestible balanced feed<\/h2>\n<p>S\u00fc\u00dfwassergarnelenpellets sind ein k\u00f6stliches und leicht verdauliches, ausgewogenes Futter. Unsere Futtermittel f\u00fcr \u00f6ffentliche Aquarien sind eine vollwertige Futteroption f\u00fcr Ihre Fische.<\/p>\n<p>Diese kleinen Pellets sind mit einem hohen Anteil n\u00e4hrstoffreicher Algen formuliert, was sie perfekt f\u00fcr eine Vielzahl von S\u00fc\u00dfwassergarnelen- und Schneckenarten macht. Diese Nahrung ist vielseitig und erf\u00fcllt alle N\u00e4hrstoffbed\u00fcrfnisse Ihrer Krustentiere.<\/p>\n<p>Jedes Pellet ist weich, um eine leichte Verdauung zu f\u00f6rdern, und ist so konzipiert, dass es langsam im Wasser sinkt. Diese Eigenschaft f\u00f6rdert ein nat\u00fcrliches F\u00fctterungserlebnis f\u00fcr Ihre Wasserfreunde.<\/p>\n<div id=\"comp-kfz9muee\" class=\"_1lRal\">\n<div class=\"_2iB5S\">\n<span style=\"font-size: 14.4px\"><strong>Pelletgr\u00f6\u00dfe (\u00d8):<\/strong> 1 mm<\/span>\n<\/div>\n<\/div>\n","protected":false},"excerpt":{"rendered":"<p>Vitalis Freshwater Shrimp Pellets 1mm &#8211; 70g deliver a palatable and highly digestible balanced feed<\/p>\n","protected":false},"featured_media":83858,"template":"","meta":[],"pwb-brand":[2239],"product_cat":[1447],"product_tag":[],"class_list":{"0":"post-85603","1":"product","2":"type-product","3":"status-publish","4":"has-post-thumbnail","6":"pwb-brand-vitalis","7":"product_cat-futter-de","9":"first","10":"outofstock","11":"taxable","12":"shipping-taxable","13":"purchasable","14":"product-type-simple"},"acf":[],"brands":[{"id":2239,"name":"Vitalis","slug":"vitalis"}],"_links":{"self":[{"href":"https:\/\/www.seaflowerstore.com\/de\/wp-json\/wp\/v2\/product\/85603","targetHints":{"allow":["GET"]}}],"collection":[{"href":"https:\/\/www.seaflowerstore.com\/de\/wp-json\/wp\/v2\/product"}],"about":[{"href":"https:\/\/www.seaflowerstore.com\/de\/wp-json\/wp\/v2\/types\/product"}],"wp:featuredmedia":[{"embeddable":true,"href":"https:\/\/www.seaflowerstore.com\/de\/wp-json\/wp\/v2\/media\/83858"}],"wp:attachment":[{"href":"https:\/\/www.seaflowerstore.com\/de\/wp-json\/wp\/v2\/media?parent=85603"}],"wp:term":[{"taxonomy":"pwb-brand","embeddable":true,"href":"https:\/\/www.seaflowerstore.com\/de\/wp-json\/wp\/v2\/pwb-brand?post=85603"},{"taxonomy":"product_cat","embeddable":true,"href":"https:\/\/www.seaflowerstore.com\/de\/wp-json\/wp\/v2\/product_cat?post=85603"},{"taxonomy":"product_tag","embeddable":true,"href":"https:\/\/www.seaflowerstore.com\/de\/wp-json\/wp\/v2\/product_tag?post=85603"}],"curies":[{"name":"wp","href":"https:\/\/api.w.org\/{rel}","templated":true}]}}