{"id":85604,"date":"2021-10-14T18:57:37","date_gmt":"2021-10-14T16:57:37","guid":{"rendered":"https:\/\/www.seaflowerstore.com\/nl\/base-unit-level-sensor-holder-pl-lf-base2\/"},"modified":"2024-03-19T15:48:39","modified_gmt":"2024-03-19T14:48:39","slug":"base-unit-level-sensor-holder-pl-lf-base2","status":"publish","type":"product","link":"https:\/\/www.seaflowerstore.com\/de\/base-unit-level-sensor-holder-pl-lf-base2\/","title":{"rendered":"Base unit level sensor holder PL-LF-Base2"},"content":{"rendered":"<h2>Base unit level sensor holder PL-LF-Base2<\/h2>\n<p>Der F\u00fcllstandssensorhalter der Basiseinheit ist eine Plexiglasleiste, die f\u00fcr die universelle Montage konzipiert ist. Diese robusten und vielseitigen Sensorhalter eignen sich perfekt zum sicheren Befestigen und Justieren unserer F\u00fcllstandssensoren wie Optolevel und Floater sowie derer anderer Hersteller.<\/p>\n<p>Der Halter kann problemlos sowohl an horizontalen als auch an vertikalen Fl\u00e4chen befestigt werden und die H\u00f6he der Sensoren ist stufenlos einstellbar, sodass Sie flexibel auf Ihre Bed\u00fcrfnisse reagieren k\u00f6nnen.<\/p>\n<p>Um die F\u00fcllstandssensoren richtig zu befestigen, ben\u00f6tigen Sie die entsprechenden F\u00fcllstandssensorbefestigungen:<\/p>\n<ul>\n<li><strong>F\u00fcr den optischen F\u00fcllstandssensor:<\/strong> Hebelsensorbefestigung, abgewinkelt PL-LFS12<\/li>\n<li><strong>F\u00fcr den Schwimmerf\u00fcllstandssensor:<\/strong> Hebelsensorbefestigung PL-LF-S8<\/li>\n<\/ul>\n<p>Wenn Sie Fragen haben oder weitere Hilfe ben\u00f6tigen, wenden Sie sich gerne an uns!<\/p>\n","protected":false},"excerpt":{"rendered":"<p>Base unit level sensor holder PL-LF-Base2<\/p>\n","protected":false},"featured_media":83857,"template":"","meta":[],"pwb-brand":[2157],"product_cat":[1537],"product_tag":[],"class_list":{"0":"post-85604","1":"product","2":"type-product","3":"status-publish","4":"has-post-thumbnail","6":"pwb-brand-ghl","7":"product_cat-aquarientechnik","9":"first","10":"instock","11":"taxable","12":"shipping-taxable","13":"purchasable","14":"product-type-simple"},"acf":[],"brands":[{"id":2157,"name":"GHL","slug":"ghl"}],"_links":{"self":[{"href":"https:\/\/www.seaflowerstore.com\/de\/wp-json\/wp\/v2\/product\/85604","targetHints":{"allow":["GET"]}}],"collection":[{"href":"https:\/\/www.seaflowerstore.com\/de\/wp-json\/wp\/v2\/product"}],"about":[{"href":"https:\/\/www.seaflowerstore.com\/de\/wp-json\/wp\/v2\/types\/product"}],"wp:featuredmedia":[{"embeddable":true,"href":"https:\/\/www.seaflowerstore.com\/de\/wp-json\/wp\/v2\/media\/83857"}],"wp:attachment":[{"href":"https:\/\/www.seaflowerstore.com\/de\/wp-json\/wp\/v2\/media?parent=85604"}],"wp:term":[{"taxonomy":"pwb-brand","embeddable":true,"href":"https:\/\/www.seaflowerstore.com\/de\/wp-json\/wp\/v2\/pwb-brand?post=85604"},{"taxonomy":"product_cat","embeddable":true,"href":"https:\/\/www.seaflowerstore.com\/de\/wp-json\/wp\/v2\/product_cat?post=85604"},{"taxonomy":"product_tag","embeddable":true,"href":"https:\/\/www.seaflowerstore.com\/de\/wp-json\/wp\/v2\/product_tag?post=85604"}],"curies":[{"name":"wp","href":"https:\/\/api.w.org\/{rel}","templated":true}]}}