{"id":85606,"date":"2021-10-14T18:18:23","date_gmt":"2021-10-14T16:18:23","guid":{"rendered":"https:\/\/www.seaflowerstore.com\/nl\/ghl-level-sensor-fastener-pl-lf-s8\/"},"modified":"2024-03-19T15:48:38","modified_gmt":"2024-03-19T14:48:38","slug":"ghl-level-sensor-fastener-pl-lf-s8","status":"publish","type":"product","link":"https:\/\/www.seaflowerstore.com\/de\/ghl-level-sensor-fastener-pl-lf-s8\/","title":{"rendered":"GHL Level Sensor Fastener PL-LF-S8"},"content":{"rendered":"<h2>GHL Level Sensor Fastener PL-LF-S8<\/h2>\n<p>Der <strong>F\u00fcllstandssensor-Befestiger<\/strong> ist speziell f\u00fcr den <strong>F\u00fcllstandssensorhalter<\/strong> mit 8mm Schlitz konzipiert. Er ist mit unserem Floater und anderen Ger\u00e4ten kompatibel.<\/p>\n<p>Der <strong>PL-LF-S8<\/strong> ist f\u00fcr die sichere Befestigung des Schwimmer-F\u00fcllstandssensors an der Grundeinheit des F\u00fcllstandssensorhalters unerl\u00e4sslich.<\/p>\n","protected":false},"excerpt":{"rendered":"<p>GHL Level Sensor Fastener PL-LF-S8<\/p>\n","protected":false},"featured_media":83855,"template":"","meta":[],"pwb-brand":[2157],"product_cat":[1537],"product_tag":[],"class_list":{"0":"post-85606","1":"product","2":"type-product","3":"status-publish","4":"has-post-thumbnail","6":"pwb-brand-ghl","7":"product_cat-aquarientechnik","9":"first","10":"instock","11":"taxable","12":"shipping-taxable","13":"purchasable","14":"product-type-simple"},"acf":[],"brands":[{"id":2157,"name":"GHL","slug":"ghl"}],"_links":{"self":[{"href":"https:\/\/www.seaflowerstore.com\/de\/wp-json\/wp\/v2\/product\/85606","targetHints":{"allow":["GET"]}}],"collection":[{"href":"https:\/\/www.seaflowerstore.com\/de\/wp-json\/wp\/v2\/product"}],"about":[{"href":"https:\/\/www.seaflowerstore.com\/de\/wp-json\/wp\/v2\/types\/product"}],"wp:featuredmedia":[{"embeddable":true,"href":"https:\/\/www.seaflowerstore.com\/de\/wp-json\/wp\/v2\/media\/83855"}],"wp:attachment":[{"href":"https:\/\/www.seaflowerstore.com\/de\/wp-json\/wp\/v2\/media?parent=85606"}],"wp:term":[{"taxonomy":"pwb-brand","embeddable":true,"href":"https:\/\/www.seaflowerstore.com\/de\/wp-json\/wp\/v2\/pwb-brand?post=85606"},{"taxonomy":"product_cat","embeddable":true,"href":"https:\/\/www.seaflowerstore.com\/de\/wp-json\/wp\/v2\/product_cat?post=85606"},{"taxonomy":"product_tag","embeddable":true,"href":"https:\/\/www.seaflowerstore.com\/de\/wp-json\/wp\/v2\/product_tag?post=85606"}],"curies":[{"name":"wp","href":"https:\/\/api.w.org\/{rel}","templated":true}]}}