{"id":85607,"date":"2021-10-10T15:07:57","date_gmt":"2021-10-10T13:07:57","guid":{"rendered":"https:\/\/www.seaflowerstore.com\/nl\/nyos-phosphate-1000-ml\/"},"modified":"2024-03-19T15:48:33","modified_gmt":"2024-03-19T14:48:33","slug":"nyos-phosphate-1000-ml","status":"publish","type":"product","link":"https:\/\/www.seaflowerstore.com\/de\/nyos-phosphate-1000-ml\/","title":{"rendered":"Nyos Phosphate+ 1000 ml"},"content":{"rendered":"<h2>Nyos Phosphate+ 1000 ml is high purity phosphate for your reeftank<\/h2>\n<p><strong>N\u00e4hrstoffkontrolle leicht gemacht.<\/strong><\/p>\n<ul>\n<li>Erh\u00f6ht nur den Phosphatwert<\/li>\n<li>Keine unerw\u00fcnschten Zus\u00e4tze<\/li>\n<li>Hoher Reinheitsgrad<\/li>\n<\/ul>\n<p>Nyos NITRATE+ und PHOSPHATE+ bieten eine einfache, sichere und effektive M\u00f6glichkeit, den Nitrat- und Phosphatgehalt in Ihrem Aquarium zu erh\u00f6hen. Die richtigen Mengen dieser N\u00e4hrstoffe sind entscheidend f\u00fcr die Aufrechterhaltung einer gesunden Riffumgebung. Wenn die Nitrat- und Phosphatwerte sinken, k\u00f6nnen die Korallen darunter leiden, was zu Wachstumsst\u00f6rungen, verblassenden Farben und sogar Gewebeverlust f\u00fchren kann. Dar\u00fcber hinaus kann ein Ungleichgewicht zwischen Nitrat und Phosphat unerw\u00fcnschtes Algenwachstum f\u00f6rdern und die Korallen weiter belasten.<\/p>\n<p>Nach den Erfahrungen vieler Korallenliebhaber ist ein Nitratgehalt zwischen 10 und 20 ppm und ein Phosphatgehalt zwischen 0,025 und 0,05 ppm ideal. Nyos\u00ae NITRATE+ und PHOSPHATE+ erm\u00f6glichen Ihnen eine genaue Anpassung dieser Werte an die Bed\u00fcrfnisse Ihres Aquariums.<\/p>\n<h3>DOSIERUNG<\/h3>\n<ul>\n<li>1 ml NITRATE+ erh\u00f6ht den Nitratwert in einem 100 l (25 gal) Aquarium um 1 ppm<\/li>\n<li>1 ml PHOSPHATE+ erh\u00f6ht den Phosphatwert in einem 100 l (25 gal) Aquarium um 0,01 ppm<\/li>\n<\/ul>\n<p>Wir empfehlen, Ihre Nitrat- und Phosphatwerte mindestens zweimal pro Woche zu \u00fcberpr\u00fcfen. Der empfohlene Nitratwert betr\u00e4gt 10-20 ppm, w\u00e4hrend der empfohlene Phosphatwert 0,025 &#8211; 0,05 ppm betr\u00e4gt. Die Verwendung einer Dosierpumpe kann Ihnen dabei helfen, mit Nyos NITRATE+ und PHOSPHATE+ ein Gleichgewicht zwischen dem t\u00e4glichen NO3- und PO4-Verbrauch aufrechtzuerhalten.<\/p>\n","protected":false},"excerpt":{"rendered":"<p>Nyos Phosphate+ 1000 ml is high purity phosphate for your reeftank<\/p>\n","protected":false},"featured_media":83851,"template":"","meta":[],"pwb-brand":[2209],"product_cat":[1391],"product_tag":[],"class_list":{"0":"post-85607","1":"product","2":"type-product","3":"status-publish","4":"has-post-thumbnail","6":"pwb-brand-nyos","7":"product_cat-ergaenzungen","9":"first","10":"outofstock","11":"sale","12":"taxable","13":"shipping-taxable","14":"purchasable","15":"product-type-simple"},"acf":[],"brands":[{"id":2209,"name":"NYOS","slug":"nyos"}],"_links":{"self":[{"href":"https:\/\/www.seaflowerstore.com\/de\/wp-json\/wp\/v2\/product\/85607","targetHints":{"allow":["GET"]}}],"collection":[{"href":"https:\/\/www.seaflowerstore.com\/de\/wp-json\/wp\/v2\/product"}],"about":[{"href":"https:\/\/www.seaflowerstore.com\/de\/wp-json\/wp\/v2\/types\/product"}],"wp:featuredmedia":[{"embeddable":true,"href":"https:\/\/www.seaflowerstore.com\/de\/wp-json\/wp\/v2\/media\/83851"}],"wp:attachment":[{"href":"https:\/\/www.seaflowerstore.com\/de\/wp-json\/wp\/v2\/media?parent=85607"}],"wp:term":[{"taxonomy":"pwb-brand","embeddable":true,"href":"https:\/\/www.seaflowerstore.com\/de\/wp-json\/wp\/v2\/pwb-brand?post=85607"},{"taxonomy":"product_cat","embeddable":true,"href":"https:\/\/www.seaflowerstore.com\/de\/wp-json\/wp\/v2\/product_cat?post=85607"},{"taxonomy":"product_tag","embeddable":true,"href":"https:\/\/www.seaflowerstore.com\/de\/wp-json\/wp\/v2\/product_tag?post=85607"}],"curies":[{"name":"wp","href":"https:\/\/api.w.org\/{rel}","templated":true}]}}