{"id":85608,"date":"2021-10-09T14:04:29","date_gmt":"2021-10-09T12:04:29","guid":{"rendered":"https:\/\/www.seaflowerstore.com\/nl\/corals-love\/"},"modified":"2024-03-19T15:48:33","modified_gmt":"2024-03-19T14:48:33","slug":"corals-love","status":"publish","type":"product","link":"https:\/\/www.seaflowerstore.com\/de\/corals-love\/","title":{"rendered":"Coral&#8217;s Love"},"content":{"rendered":"<h2>KorallenZucht Corals Love Helps damaged corals immediately!<\/h2>\n<p><strong>Ein perfekter Probleml\u00f6ser f\u00fcr Riffaquarien: Corals Love!<\/strong> Dieses Produkt macht N\u00e4hrstoffe schnell verf\u00fcgbar, insbesondere f\u00fcr gebleichte oder besch\u00e4digte Korallen. Durch die schnelle Wirkung unterst\u00fctzt es die Regeneration und beugt N\u00e4hrstoffm\u00e4ngeln vor. Sie werden auch tiefere Farben und das Potenzial zur Heilung von Sch\u00e4den bemerken. Dar\u00fcber hinaus unterst\u00fctzt und f\u00f6rdert es die Biologie in Ihrem Riffaquarium.<\/p>\n<p><strong>Geeignet f\u00fcr alle Korallenarten, einschlie\u00dflich SPS, LPS, Weichkorallen, Hornkorallen usw.<\/strong><\/p>\n<ul>\n<li>Vertieft die F\u00e4rbung<\/li>\n<li>Erleichtert die schnelle Erholung von Sch\u00e4den<\/li>\n<li>Stabilisiert besch\u00e4digte Korallen<\/li>\n<li>Erh\u00f6ht das Wachstum<\/li>\n<li>Verhindert Unterern\u00e4hrung<\/li>\n<li>Versorgt verblasste Korallen sofort mit N\u00e4hrstoffen<\/li>\n<li>Unterst\u00fctzt und verbessert die biologische Aktivit\u00e4t<\/li>\n<\/ul>\n<p><strong>Denken Sie daran, vor Gebrauch gut zu sch\u00fctteln!<\/strong><\/p>\n<p><strong>Dosierung:<\/strong> 1 ml pro 100 l jeden zweiten Tag; bei Problemen t\u00e4glich verwenden.<\/p>\n","protected":false},"excerpt":{"rendered":"<p>KorallenZucht Corals Love Helps damaged corals immediately!<\/p>\n","protected":false},"featured_media":83850,"template":"","meta":[],"pwb-brand":[2159],"product_cat":[1391,1390,515],"product_tag":[],"class_list":{"0":"post-85608","1":"product","2":"type-product","3":"status-publish","4":"has-post-thumbnail","6":"pwb-brand-korallen-zucht","7":"product_cat-ergaenzungen","8":"product_cat-medikamente","9":"product_cat-additives","10":"pa_content-100-ml","11":"pa_content-1000-ml","12":"pa_content-250-ml","13":"pa_content-500-ml","14":"pa_inhoud-100-ml-de","15":"pa_inhoud-1000-ml-de","16":"pa_inhoud-250-ml-de","17":"pa_inhoud-500-ml-de","19":"first","20":"instock","21":"sale","22":"taxable","23":"shipping-taxable","24":"purchasable","25":"product-type-variable"},"acf":[],"brands":[{"id":2159,"name":"Korallen Zucht","slug":"korallen-zucht"}],"_links":{"self":[{"href":"https:\/\/www.seaflowerstore.com\/de\/wp-json\/wp\/v2\/product\/85608","targetHints":{"allow":["GET"]}}],"collection":[{"href":"https:\/\/www.seaflowerstore.com\/de\/wp-json\/wp\/v2\/product"}],"about":[{"href":"https:\/\/www.seaflowerstore.com\/de\/wp-json\/wp\/v2\/types\/product"}],"wp:featuredmedia":[{"embeddable":true,"href":"https:\/\/www.seaflowerstore.com\/de\/wp-json\/wp\/v2\/media\/83850"}],"wp:attachment":[{"href":"https:\/\/www.seaflowerstore.com\/de\/wp-json\/wp\/v2\/media?parent=85608"}],"wp:term":[{"taxonomy":"pwb-brand","embeddable":true,"href":"https:\/\/www.seaflowerstore.com\/de\/wp-json\/wp\/v2\/pwb-brand?post=85608"},{"taxonomy":"product_cat","embeddable":true,"href":"https:\/\/www.seaflowerstore.com\/de\/wp-json\/wp\/v2\/product_cat?post=85608"},{"taxonomy":"product_tag","embeddable":true,"href":"https:\/\/www.seaflowerstore.com\/de\/wp-json\/wp\/v2\/product_tag?post=85608"}],"curies":[{"name":"wp","href":"https:\/\/api.w.org\/{rel}","templated":true}]}}