{"id":85614,"date":"2021-10-07T15:12:04","date_gmt":"2021-10-08T06:13:47","guid":{"rendered":"https:\/\/www.seaflowerstore.com\/nl\/aqua-medic-smartdrift\/"},"modified":"2025-03-04T16:15:07","modified_gmt":"2025-03-04T15:15:07","slug":"aqua-medic-smartdrift","status":"publish","type":"product","link":"https:\/\/www.seaflowerstore.com\/de\/aqua-medic-smartdrift\/","title":{"rendered":"Aqua Medic SmartDrift"},"content":{"rendered":"<h2>Aqua Medic SmartDrift x.1 Compact current pump with App-control for adjusting the flow rate and wave frequency<\/h2>\n<p>Die Aqua Medic SmartDrift x.1 ist eine kompakte Str\u00f6mungspumpe mit komfortabler App-Steuerung, mit der Sie Durchflussmenge und Wellenfrequenz einfach anpassen k\u00f6nnen. Hier sind einige der wichtigsten Funktionen:<\/p>\n<ul>\n<li>Steuerung und Programmierung \u00fcber die App (verf\u00fcgbar im iTunes und Google Play Store) oder manuell \u00fcber den Controller.<\/li>\n<li>Gleichzeitige Steuerung mehrerer Pumpen m\u00f6glich.<\/li>\n<li>Multiprogrammierung von Pumpen durch Master-Slave- oder Cross-Flow-Konfigurationen ist m\u00f6glich.<\/li>\n<li>Sie k\u00f6nnen verschiedene Str\u00f6mungsmuster entsprechend Ihren Anforderungen einstellen.<\/li>\n<li>Die innovative Impellertechnologie bietet ein neues Str\u00f6mungsmuster, das einen extrem reibungslosen Betrieb gew\u00e4hrleistet.<\/li>\n<li>Die polierte Keramikwelle und -lager tragen zu einem leisen Betrieb und geringem Wartungsaufwand bei.<\/li>\n<li>Diese Pumpe verf\u00fcgt \u00fcber einen stromsparenden 24-V-Gleichstrommotor mit hohem Wirkungsgrad.<\/li>\n<li>F\u00fcr externe Steuerungsoptionen steht ein 0-10-V-Anschluss zur Verf\u00fcgung.<\/li>\n<li>Sie arbeitet mit einer 24-V-Sicherheitsspannung, einschlie\u00dflich eines Transformators, der 100 &#8211; 240 V \/ 50 &#8211; 60 unterst\u00fctzt. Hz.<\/li>\n<li><strong>Funktioniert nur mit WLAN 2,4 GHz<\/strong><\/li>\n<\/ul>\n<p><strong>Technische Daten:<\/strong><\/p>\n<table border=\"1\">\n<tbody>\n<tr>\n<td>Typ<\/td>\n<td><strong>SmartDrift 3.1<\/strong><\/td>\n<td><strong>SmartDrift 7.1<\/strong><\/td>\n<td><strong>SmartDrift 11.1<\/strong><\/td>\n<\/tr>\n<tr>\n<td>F\u00fcr Aquarien bis<\/td>\n<td>300 l<\/td>\n<td>800 l<\/td>\n<td>1.500 l<\/td>\n<\/tr>\n<tr>\n<td>Leistung regelbar<\/td>\n<td>bis 4.600 l\/h<\/td>\n<td>bis 10.500 l\/h<\/td>\n<td>bis 16.000 l\/h<\/td>\n<\/tr>\n<tr>\n<td>Leistungsaufnahme<\/td>\n<td>3 &#8211; 15 Watt<\/td>\n<td>8 &#8211; 25 Watt<\/td>\n<td>10 &#8211; 35 Watt<\/td>\n<\/tr>\n<tr>\n<td>Stromversorgung Pumpe<\/td>\n<td colspan=\"3\">24 V<\/td>\n<\/tr>\n<tr>\n<td>Stromversorgung Transformator<\/td>\n<td colspan=\"3\">100 &#8211; 240 V \/ 50 &#8211; 60 Hz<\/td>\n<\/tr>\n<tr>\n<td>Schutzart<\/td>\n<td colspan=\"3\">IP X8<\/td>\n<\/tr>\n<tr>\n<td>Ma\u00dfe ca.<\/td>\n<td>ca. 55 mm, \u00d8 65 mm<\/td>\n<td>ca. 65 mm, \u00d8 75 mm<\/td>\n<td>ca. 70 mm, \u00d8 85 mm<\/td>\n<\/tr>\n<tr>\n<td>Magnethalter f\u00fcr Glasdicke bis<\/td>\n<td>10 mm<\/td>\n<td>12 mm<\/td>\n<td>15 mm<\/td>\n<\/tr>\n<\/tbody>\n<\/table>\n","protected":false},"excerpt":{"rendered":"<p>Aqua Medic SmartDrift x.1 Compact current pump with App-control for adjusting the flow rate and wave frequency<\/p>\n","protected":false},"featured_media":83840,"template":"","meta":[],"pwb-brand":[2149],"product_cat":[1421,1388],"product_tag":[],"class_list":{"0":"post-85614","1":"product","2":"type-product","3":"status-publish","4":"has-post-thumbnail","6":"pwb-brand-aqua-medic","7":"product_cat-aqua-medic-de","8":"product_cat-stroemungspumpen","9":"pa_content-smartdrift-11-1","10":"pa_content-smartdrift-3-1","11":"pa_content-smartdrift-7-1","12":"pa_inhoud-smartdrift-11-1-2-de","13":"pa_inhoud-smartdrift-3-1-2-de","14":"pa_inhoud-smartdrift-7-1-2-de","16":"first","17":"outofstock","18":"taxable","19":"shipping-taxable","20":"purchasable","21":"product-type-variable"},"acf":[],"brands":[{"id":2149,"name":"Aqua Medic","slug":"aqua-medic"}],"_links":{"self":[{"href":"https:\/\/www.seaflowerstore.com\/de\/wp-json\/wp\/v2\/product\/85614","targetHints":{"allow":["GET"]}}],"collection":[{"href":"https:\/\/www.seaflowerstore.com\/de\/wp-json\/wp\/v2\/product"}],"about":[{"href":"https:\/\/www.seaflowerstore.com\/de\/wp-json\/wp\/v2\/types\/product"}],"wp:featuredmedia":[{"embeddable":true,"href":"https:\/\/www.seaflowerstore.com\/de\/wp-json\/wp\/v2\/media\/83840"}],"wp:attachment":[{"href":"https:\/\/www.seaflowerstore.com\/de\/wp-json\/wp\/v2\/media?parent=85614"}],"wp:term":[{"taxonomy":"pwb-brand","embeddable":true,"href":"https:\/\/www.seaflowerstore.com\/de\/wp-json\/wp\/v2\/pwb-brand?post=85614"},{"taxonomy":"product_cat","embeddable":true,"href":"https:\/\/www.seaflowerstore.com\/de\/wp-json\/wp\/v2\/product_cat?post=85614"},{"taxonomy":"product_tag","embeddable":true,"href":"https:\/\/www.seaflowerstore.com\/de\/wp-json\/wp\/v2\/product_tag?post=85614"}],"curies":[{"name":"wp","href":"https:\/\/api.w.org\/{rel}","templated":true}]}}