{"id":85618,"date":"2021-10-07T12:18:20","date_gmt":"2021-10-07T08:23:07","guid":{"rendered":"https:\/\/www.seaflowerstore.com\/nl\/aqua-medic-helix-max-2-0-55w\/"},"modified":"2024-11-17T14:28:19","modified_gmt":"2024-11-17T13:28:19","slug":"aqua-medic-helix-max-2-0-55w","status":"publish","type":"product","link":"https:\/\/www.seaflowerstore.com\/de\/aqua-medic-helix-max-2-0-55w\/","title":{"rendered":"Aqua Medic Helix Max 2.0 55W"},"content":{"rendered":"<h2>Aqua Medic Helix Max 2.0 55W inactivates bacteria and other aquatic parasites and thus reduces the risk of infection in your fish.<\/h2>\n<p>Der <strong>Helix Max 2.0<\/strong> wurde entwickelt, um Ihr Aquarienwasser kristallklar zu halten. Mithilfe einer UV-C-Lampe entfernt er effektiv einzellige Algen und tr\u00e4gt so dazu bei, eine gesunde Umgebung f\u00fcr Ihre Fische sowohl in Salz- als auch in S\u00fc\u00dfwasserumgebungen aufrechtzuerhalten. Der kontrollierte Wasserfluss und das ger\u00e4umige Design sorgen f\u00fcr maximale Wirksamkeit.<\/p>\n<p>Das Wasser flie\u00dft durch eine Spirale um das Quarzrohr, wodurch die Nutzung der UV-Strahlung im Vergleich zu Standardger\u00e4ten optimiert wird. Dar\u00fcber hinaus k\u00f6nnen die Schlauchanschl\u00fcsse um 360 Grad gedreht werden, was eine einfache Installation in jedem Winkel erm\u00f6glicht, was Ihnen wertvollen Platz spart.<\/p>\n<p>Die Reinigung ist dank der einfachen Demontage des Ger\u00e4ts ein Kinderspiel. Mit einem integrierten Fenster ist die Bedienung sicher und unkompliziert. Jede Version des Helix Max 2.0 ist mit einem Hochfrequenzvorschaltger\u00e4t ausgestattet, das die Lebensdauer und Effizienz der UV-Lampe verl\u00e4ngert. Im Lieferumfang sind auch Anschl\u00fcsse zum Anschlie\u00dfen des Schlauches enthalten.<\/p>\n<table style=\"width: 482px; height: 220px;\" border=\"0\">\n<tbody>\n<tr>\n<td>Typ<\/td>\n<td style=\"text-align: center;\">5 Watt<\/td>\n<td style=\"text-align: center;\">9 Watt<\/td>\n<td style=\"text-align: center;\">11 Watt<\/td>\n<\/tr>\n<tr>\n<td>Meerwasseraquarium<\/td>\n<td style=\"text-align: center;\">bis 200l<\/td>\n<td style=\"text-align: center;\">bis 300l<\/td>\n<td style=\"text-align: center;\">bis 400l<\/td>\n<\/tr>\n<tr>\n<td>Empfohlen Durchfluss<\/td>\n<td style=\"text-align: center;\">100-200 l\/h<\/td>\n<td style=\"text-align: center;\">100-200 l\/h<\/td>\n<td style=\"text-align: center;\">100-400 l\/h<\/td>\n<\/tr>\n<tr>\n<td>S\u00fc\u00dfwasseraquarium<\/td>\n<td style=\"text-align: center;\">bis 300l<\/td>\n<td style=\"text-align: center;\">bis 500l<\/td>\n<td style=\"text-align: center;\">bis 800l<\/td>\n<\/tr>\n<tr>\n<td>Empfohlener Durchfluss<\/td>\n<td style=\"text-align: center;\">100-300 l\/h<\/td>\n<td style=\"text-align: center;\">100-500 l\/h<\/td>\n<td style=\"text-align: center;\">300-800 l\/h<\/td>\n<\/tr>\n<tr>\n<td>Kabell\u00e4nge<\/td>\n<td style=\"text-align: center;\" colspan=\"3\">3,5 m<\/td>\n<\/tr>\n<tr>\n<td>Lampentyp<\/td>\n<td style=\"text-align: center;\">PL-S-5 W<\/td>\n<td style=\"text-align: center;\">PL-S-9 W<\/td>\n<td style=\"text-align: center;\">PL-S-11 W<\/td>\n<\/tr>\n<tr>\n<td>Durchmesser Schlauchanschluss in mm<\/td>\n<td style=\"text-align: center;\" colspan=\"3\">12 und 16<\/td>\n<\/tr>\n<tr>\n<td>Stromanschluss<\/td>\n<td style=\"text-align: center;\" colspan=\"3\">220-240 V \/ 50\/60 Hz<\/td>\n<\/tr>\n<tr>\n<td>Abmessungen ohne Anschl\u00fcsse (LxB in mm, ca.)<\/td>\n<td style=\"text-align: center;\">370, \u00d8 90<\/td>\n<td style=\"text-align: center;\">370, \u00d8 90<\/td>\n<td style=\"text-align: center;\">370, \u00d8 90<\/td>\n<\/tr>\n<\/tbody>\n<\/table>\n<table style=\"width: 482px; h\u00f6he: 216px;\" border=\"0\">\n<tbody>\n<tr>\n<td>Typ<\/td>\n<td style=\"text-align: center;\">18 Watt<\/td>\n<td style=\"text-align: center;\">36 Watt<\/td>\n<td style=\"text-align: center;\"><span style=\"background-color: #ffff00;\">55 Watt<\/span><\/td>\n<\/tr>\n<tr>\n<td>Salzwasseraquarium<\/td>\n<td style=\"text-align: center;\">bis 600l<\/td>\n<td style=\"text-align: center;\">bis 1000l<\/td>\n<td style=\"text-align: center;\">bis 1500l<\/td>\n<\/tr>\n<tr>\n<td>Empfohlener Durchfluss<\/td>\n<td style=\"text-align: center;\">200-600 l\/h<\/td>\n<td style=\"text-align: center;\">400-1000 l\/h<\/td>\n<td style=\"text-align: center;\">600-1500 l\/h<\/td>\n<\/tr>\n<tr>\n<td>S\u00fc\u00dfwasseraquarium<\/td>\n<td style=\"text-align: center;\">bis 1500l<\/td>\n<td style=\"text-align: center;\">bis 3000l<\/td>\n<td style=\"text-align: center;\">bis 5000l<\/td>\n<\/tr>\n<tr>\n<td>Empfohlener Durchfluss<\/td>\n<td style=\"text-align: center;\">400-1000 l\/h<\/td>\n<td style=\"text-align: center;\">500-1500 l\/h<\/td>\n<td style=\"text-align: center;\">600-1500 l\/h<\/td>\n<\/tr>\n<tr>\n<td>Kabell\u00e4nge<\/td>\n<td style=\"text-align: center;\" colspan=\"3\">3,5 m<\/td>\n<\/tr>\n<tr>\n<td>Lampentyp<\/td>\n<td style=\"text-align: center;\">PL-L-18 W<\/td>\n<td style=\"text-align: center;\">PL-L-36 W<\/td>\n<td style=\"text-align: center;\">PL-L-55 W<\/td>\n<\/tr>\n<tr>\n<td>Durchmesser Schlauchanschluss in mm<\/td>\n<td style=\"text-align: center;\" colspan=\"3\">20,25,30 or 38<\/td>\n<\/tr>\n<tr>\n<td>Stromanschluss<\/td>\n<td style=\"text-align: center;\" colspan=\"3\">220-240 V \/ 50\/60 Hz<\/td>\n<\/tr>\n<tr>\n<td>Abmessungen ohne Anschl\u00fcsse (LxB in mm, ca.)<\/td>\n<td style=\"text-align: center;\">380, \u00d8 110<\/td>\n<td style=\"text-align: center;\">540, \u00d8 110<\/td>\n<td style=\"text-align: center;\">695, \u00d8 110<\/td>\n<\/tr>\n<\/tbody>\n<\/table>\n","protected":false},"excerpt":{"rendered":"<p>Aqua Medic Helix Max 2.0 55W inactivates bacteria and other aquatic parasites and thus reduces the risk of infection in your fish.<\/p>\n","protected":false},"featured_media":83838,"template":"","meta":[],"pwb-brand":[2149],"product_cat":[1439],"product_tag":[],"class_list":{"0":"post-85618","1":"product","2":"type-product","3":"status-publish","4":"has-post-thumbnail","6":"pwb-brand-aqua-medic","7":"product_cat-uvc-lampe-de","9":"first","10":"outofstock","11":"taxable","12":"shipping-taxable","13":"purchasable","14":"product-type-simple"},"acf":[],"brands":[{"id":2149,"name":"Aqua Medic","slug":"aqua-medic"}],"_links":{"self":[{"href":"https:\/\/www.seaflowerstore.com\/de\/wp-json\/wp\/v2\/product\/85618","targetHints":{"allow":["GET"]}}],"collection":[{"href":"https:\/\/www.seaflowerstore.com\/de\/wp-json\/wp\/v2\/product"}],"about":[{"href":"https:\/\/www.seaflowerstore.com\/de\/wp-json\/wp\/v2\/types\/product"}],"wp:featuredmedia":[{"embeddable":true,"href":"https:\/\/www.seaflowerstore.com\/de\/wp-json\/wp\/v2\/media\/83838"}],"wp:attachment":[{"href":"https:\/\/www.seaflowerstore.com\/de\/wp-json\/wp\/v2\/media?parent=85618"}],"wp:term":[{"taxonomy":"pwb-brand","embeddable":true,"href":"https:\/\/www.seaflowerstore.com\/de\/wp-json\/wp\/v2\/pwb-brand?post=85618"},{"taxonomy":"product_cat","embeddable":true,"href":"https:\/\/www.seaflowerstore.com\/de\/wp-json\/wp\/v2\/product_cat?post=85618"},{"taxonomy":"product_tag","embeddable":true,"href":"https:\/\/www.seaflowerstore.com\/de\/wp-json\/wp\/v2\/product_tag?post=85618"}],"curies":[{"name":"wp","href":"https:\/\/api.w.org\/{rel}","templated":true}]}}