{"id":85619,"date":"2021-10-06T18:09:08","date_gmt":"2021-10-06T16:09:08","guid":{"rendered":"https:\/\/www.seaflowerstore.com\/nl\/aqua-medic-outlet-strainer-25-mm\/"},"modified":"2024-03-19T15:48:15","modified_gmt":"2024-03-19T14:48:15","slug":"aqua-medic-outlet-strainer-25-mm","status":"publish","type":"product","link":"https:\/\/www.seaflowerstore.com\/de\/aqua-medic-outlet-strainer-25-mm\/","title":{"rendered":"Aqua Medic Outlet Strainer 25 mm"},"content":{"rendered":"<h2>Aqua Medic Outlet Strainer 25 mm<\/h2>\n<p>Das Aqua Medic Auslasssieb ist aus robustem ABS-Material gefertigt, hat eine L\u00e4nge von 16 cm und einen Au\u00dfendurchmesser von 25 mm. Dieses Produkt l\u00e4sst sich perfekt mit einem DCP2500 kombinieren und verwandelt es in einen effektiven Kraftfilter.<\/p>\n","protected":false},"excerpt":{"rendered":"<p>Aqua Medic Outlet Strainer 25 mm Ideal in combination with a DCP2500 to turn it into a power filter<\/p>\n","protected":false},"featured_media":83837,"template":"","meta":[],"pwb-brand":[2149],"product_cat":[1537,1515],"product_tag":[],"class_list":{"0":"post-85619","1":"product","2":"type-product","3":"status-publish","4":"has-post-thumbnail","6":"pwb-brand-aqua-medic","7":"product_cat-aquarientechnik","8":"product_cat-aquarium-powerfilter-de","10":"first","11":"instock","12":"sale","13":"taxable","14":"shipping-taxable","15":"purchasable","16":"product-type-simple"},"acf":[],"brands":[{"id":2149,"name":"Aqua Medic","slug":"aqua-medic"}],"_links":{"self":[{"href":"https:\/\/www.seaflowerstore.com\/de\/wp-json\/wp\/v2\/product\/85619","targetHints":{"allow":["GET"]}}],"collection":[{"href":"https:\/\/www.seaflowerstore.com\/de\/wp-json\/wp\/v2\/product"}],"about":[{"href":"https:\/\/www.seaflowerstore.com\/de\/wp-json\/wp\/v2\/types\/product"}],"wp:featuredmedia":[{"embeddable":true,"href":"https:\/\/www.seaflowerstore.com\/de\/wp-json\/wp\/v2\/media\/83837"}],"wp:attachment":[{"href":"https:\/\/www.seaflowerstore.com\/de\/wp-json\/wp\/v2\/media?parent=85619"}],"wp:term":[{"taxonomy":"pwb-brand","embeddable":true,"href":"https:\/\/www.seaflowerstore.com\/de\/wp-json\/wp\/v2\/pwb-brand?post=85619"},{"taxonomy":"product_cat","embeddable":true,"href":"https:\/\/www.seaflowerstore.com\/de\/wp-json\/wp\/v2\/product_cat?post=85619"},{"taxonomy":"product_tag","embeddable":true,"href":"https:\/\/www.seaflowerstore.com\/de\/wp-json\/wp\/v2\/product_tag?post=85619"}],"curies":[{"name":"wp","href":"https:\/\/api.w.org\/{rel}","templated":true}]}}