{"id":85624,"date":"2021-10-03T15:29:26","date_gmt":"2021-10-03T11:31:39","guid":{"rendered":"https:\/\/www.seaflowerstore.com\/nl\/kessil-a360x-refugium\/"},"modified":"2024-03-19T15:48:10","modified_gmt":"2024-03-19T14:48:10","slug":"kessil-a360x-refugium","status":"publish","type":"product","link":"https:\/\/www.seaflowerstore.com\/de\/kessil-a360x-refugium\/","title":{"rendered":"Kessil A360X Refugium"},"content":{"rendered":"<h2>Kessil A360X Refugium<\/h2>\n<p>Die neu entwickelte Optik und die neueste Version der Dense Matrix LED-Arrays sorgen f\u00fcr eine breitere Lichtleistung und eliminieren Schatten. Dank der Dense Matrix LED-Technologie dient diese Beleuchtung als leistungsstarke und durchdringende Quelle mit umfassender Abdeckung. Dar\u00fcber hinaus k\u00f6nnen Sie die Lichtreichweite erh\u00f6hen, indem Sie mehrere Lampen nebeneinander platzieren.<\/p>\n<p>Das atemberaubende Schimmern der Lampe imitiert das Aussehen von nat\u00fcrlichem Sonnenlicht auf dem Meeresboden, w\u00e4hrend die Kombination mit UV-Licht das Korallenwachstum und lebendige Farben f\u00f6rdert. Neben dem beliebten Tuna Sun-Spektrum haben Benutzer die M\u00f6glichkeit, mithilfe des Spectral Controller X oder des Kessil WiFi-Dongles Rot und Orange hinzuzuf\u00fcgen.<\/p>\n<p><strong>Technische Daten:<\/strong><\/p>\n<ul>\n<li><strong>Reichweite:<\/strong> 60-76 cm \/ 24&#8243;-30&#8243;<\/li>\n<li><strong>Abmessungen:<\/strong> 11,0 x 5,3 cm \/ 4,3&#8243; x 2,1&#8243;<\/li>\n<li><strong>Gewicht pro St\u00fcck:<\/strong> 370 g \/ 0,8 lb<\/li>\n<li><strong>Spektrum:<\/strong> 6.000 bis 9.000 K + RY<\/li>\n<li><strong>Stromversorgung:<\/strong> 100-240 V AC (Eingang), 19 V DC (Ausgang)<\/li>\n<li><strong>Stromverbrauch:<\/strong> max. 90 W<\/li>\n<\/ul>\n<p><strong>Lieferumfang:<\/strong> 1x A360X Refugium LED, 1x Netzteil, 1x AC-Adapterkabel, 1x DC-Verl\u00e4ngerungskabel, 1x Aufh\u00e4ngering, 2x Metallschraubhaken, 2x Aufh\u00e4ngeb\u00fcgel.<\/p>\n","protected":false},"excerpt":{"rendered":"<p>Kessil A360X Refugium Die neu entwickelte Optik und die neueste Version der Dense Matrix LED-Arrays sorgen f\u00fcr eine breitere Lichtleistung und eliminieren Schatten. Dank der Dense Matrix LED-Technologie dient diese Beleuchtung als leistungsstarke und durchdringende Quelle mit umfassender Abdeckung. Dar\u00fcber hinaus k\u00f6nnen Sie die Lichtreichweite erh\u00f6hen, indem Sie mehrere Lampen nebeneinander platzieren. Das atemberaubende Schimmern [&#8230;]\n","protected":false},"featured_media":83836,"template":"","meta":[],"pwb-brand":[2185],"product_cat":[1384,1483],"product_tag":[],"class_list":{"0":"post-85624","1":"product","2":"type-product","3":"status-publish","4":"has-post-thumbnail","6":"pwb-brand-kessil","7":"product_cat-led-de","8":"product_cat-refugium-de","10":"first","11":"instock","12":"taxable","13":"shipping-taxable","14":"purchasable","15":"product-type-simple"},"acf":[],"brands":[{"id":2185,"name":"Kessil","slug":"kessil"}],"_links":{"self":[{"href":"https:\/\/www.seaflowerstore.com\/de\/wp-json\/wp\/v2\/product\/85624","targetHints":{"allow":["GET"]}}],"collection":[{"href":"https:\/\/www.seaflowerstore.com\/de\/wp-json\/wp\/v2\/product"}],"about":[{"href":"https:\/\/www.seaflowerstore.com\/de\/wp-json\/wp\/v2\/types\/product"}],"wp:featuredmedia":[{"embeddable":true,"href":"https:\/\/www.seaflowerstore.com\/de\/wp-json\/wp\/v2\/media\/83836"}],"wp:attachment":[{"href":"https:\/\/www.seaflowerstore.com\/de\/wp-json\/wp\/v2\/media?parent=85624"}],"wp:term":[{"taxonomy":"pwb-brand","embeddable":true,"href":"https:\/\/www.seaflowerstore.com\/de\/wp-json\/wp\/v2\/pwb-brand?post=85624"},{"taxonomy":"product_cat","embeddable":true,"href":"https:\/\/www.seaflowerstore.com\/de\/wp-json\/wp\/v2\/product_cat?post=85624"},{"taxonomy":"product_tag","embeddable":true,"href":"https:\/\/www.seaflowerstore.com\/de\/wp-json\/wp\/v2\/product_tag?post=85624"}],"curies":[{"name":"wp","href":"https:\/\/api.w.org\/{rel}","templated":true}]}}