{"id":85625,"date":"2021-10-03T12:59:06","date_gmt":"2021-10-03T10:59:06","guid":{"rendered":"https:\/\/www.seaflowerstore.com\/nl\/calcean-oolitic-aragonite-onyx-black\/"},"modified":"2024-03-19T15:48:11","modified_gmt":"2024-03-19T14:48:11","slug":"calcean-oolitic-aragonite-onyx-black","status":"publish","type":"product","link":"https:\/\/www.seaflowerstore.com\/de\/calcean-oolitic-aragonite-onyx-black\/","title":{"rendered":"Calcean Oolitic Aragonite Onyx Black"},"content":{"rendered":"<h2>Calcean Oolitic Aragonite Onyx Black aquarium sand<\/h2>\n<p><strong>Calciumcarbonat<\/strong> aus oolithischem Aragonit ist ein biogenes Material, das in der Natur vorkommt. Indem Sie sich f\u00fcr dieses hochwertige und langlebige Substrat entscheiden, k\u00f6nnen Sie zum Schutz der Riffe beitragen und zur Rettung der Korallenriffe der Welt beitragen, indem Sie auf die Verwendung von Korallensand verzichten.<\/p>\n<p>Bahamasand ist ein rauer und nat\u00fcrlich erneuerbarer oolithischer Aragonitsand, der bis zu <strong>98 % reines Calciumcarbonat<\/strong> enth\u00e4lt. Die K\u00f6rner sind OOLITE (eif\u00f6rmig) und glatt. Dieser Sand ist geschmacks- und geruchslos, staubfrei und unglaublich langlebig. Mit seiner nahezu chemischen Reinheit, seiner gleichbleibenden Gr\u00f6\u00dfe und seiner feink\u00f6rnigen Struktur bietet bahamaischer Aragonit zahlreiche Vorteile und ist damit eine ausgezeichnete Quelle f\u00fcr Kalziumkarbonat.<\/p>\n<ul>\n<li>Enth\u00e4lt 98 % Kalziumkarbonat und ist phosphatfrei<\/li>\n<li>Dieses Substrat wird ethisch einwandfrei aus den kristallklaren Meeren der Bahamas gewonnen<\/li>\n<li>Enth\u00e4lt keinen Teer, keine organischen Stoffe oder Verunreinigungen<\/li>\n<li>Hilft, einen nat\u00fcrlichen pH-Wert von 8,2 in Ihrem Aquarium aufrechtzuerhalten<\/li>\n<\/ul>\n","protected":false},"excerpt":{"rendered":"<p>Calcean Oolitic Aragonite Onyx Black aquarium sand<\/p>\n","protected":false},"featured_media":83829,"template":"","meta":[],"pwb-brand":[2297],"product_cat":[1534],"product_tag":[],"class_list":{"0":"post-85625","1":"product","2":"type-product","3":"status-publish","4":"has-post-thumbnail","6":"pwb-brand-calcean","7":"product_cat-verschiedene","8":"pa_content-45-kg","9":"pa_content-9-kg","10":"pa_inhoud-45-kg-de","11":"pa_inhoud-9-kg-de","13":"first","14":"outofstock","15":"taxable","16":"shipping-taxable","17":"purchasable","18":"product-type-variable"},"acf":[],"brands":[{"id":2297,"name":"Calcean","slug":"calcean"}],"_links":{"self":[{"href":"https:\/\/www.seaflowerstore.com\/de\/wp-json\/wp\/v2\/product\/85625","targetHints":{"allow":["GET"]}}],"collection":[{"href":"https:\/\/www.seaflowerstore.com\/de\/wp-json\/wp\/v2\/product"}],"about":[{"href":"https:\/\/www.seaflowerstore.com\/de\/wp-json\/wp\/v2\/types\/product"}],"wp:featuredmedia":[{"embeddable":true,"href":"https:\/\/www.seaflowerstore.com\/de\/wp-json\/wp\/v2\/media\/83829"}],"wp:attachment":[{"href":"https:\/\/www.seaflowerstore.com\/de\/wp-json\/wp\/v2\/media?parent=85625"}],"wp:term":[{"taxonomy":"pwb-brand","embeddable":true,"href":"https:\/\/www.seaflowerstore.com\/de\/wp-json\/wp\/v2\/pwb-brand?post=85625"},{"taxonomy":"product_cat","embeddable":true,"href":"https:\/\/www.seaflowerstore.com\/de\/wp-json\/wp\/v2\/product_cat?post=85625"},{"taxonomy":"product_tag","embeddable":true,"href":"https:\/\/www.seaflowerstore.com\/de\/wp-json\/wp\/v2\/product_tag?post=85625"}],"curies":[{"name":"wp","href":"https:\/\/api.w.org\/{rel}","templated":true}]}}