{"id":85628,"date":"2021-10-03T13:58:44","date_gmt":"2021-10-03T11:58:44","guid":{"rendered":"https:\/\/www.seaflowerstore.com\/nl\/vitalis-anemone-pellets-4mm-60g\/"},"modified":"2025-07-21T20:10:21","modified_gmt":"2025-07-21T18:10:21","slug":"vitalis-anemone-pellets-4mm-60g","status":"publish","type":"product","link":"https:\/\/www.seaflowerstore.com\/de\/vitalis-anemone-pellets-4mm-60g\/","title":{"rendered":"Vitalis Anemone Pellets 4mm 60g"},"content":{"rendered":"<h2>Vitalis Anemone Pellets 4mm 60g a complete food for anemones<\/h2>\n<p>Vitalis Anemonenfutter ist ein leicht verdauliches und k\u00f6stliches, ausgewogenes Futter, das als vollwertige Ern\u00e4hrung f\u00fcr Ihre Anemonen dient. Dieses Produkt wurde speziell entwickelt, um den passiven Fressgewohnheiten fleischfressender Anemonen gerecht zu werden.<\/p>\n<p>Die Pellets sind so konzipiert, dass sie gr\u00f6\u00dfere Futterpartikel oder ganze Fische imitieren, die Anemonen in der Riffumgebung nat\u00fcrlicherweise mit ihren Nesseltieren fangen w\u00fcrden. Dar\u00fcber hinaus k\u00f6nnen sie f\u00fcr kleinere Anemonen leicht zerkleinert werden.<\/p>\n<p>Jedes unserer Pelletfutter ist so formuliert, dass es schonend f\u00fcr eine einfache Verdauung ist und langsam im Wasser absinkt. Dieser Ansatz f\u00f6rdert ein nat\u00fcrliches Fresserlebnis f\u00fcr Ihre Anemonen.<\/p>\n","protected":false},"excerpt":{"rendered":"<p>Vitalis Anemone Pellets 4mm 60g a complete food for anemones<\/p>\n","protected":false},"featured_media":83828,"template":"","meta":[],"pwb-brand":[2239],"product_cat":[1402],"product_tag":[],"class_list":{"0":"post-85628","1":"product","2":"type-product","3":"status-publish","4":"has-post-thumbnail","6":"pwb-brand-vitalis","7":"product_cat-verschieden","9":"first","10":"outofstock","11":"taxable","12":"shipping-taxable","13":"purchasable","14":"product-type-simple"},"acf":[],"brands":[{"id":2239,"name":"Vitalis","slug":"vitalis"}],"_links":{"self":[{"href":"https:\/\/www.seaflowerstore.com\/de\/wp-json\/wp\/v2\/product\/85628","targetHints":{"allow":["GET"]}}],"collection":[{"href":"https:\/\/www.seaflowerstore.com\/de\/wp-json\/wp\/v2\/product"}],"about":[{"href":"https:\/\/www.seaflowerstore.com\/de\/wp-json\/wp\/v2\/types\/product"}],"wp:featuredmedia":[{"embeddable":true,"href":"https:\/\/www.seaflowerstore.com\/de\/wp-json\/wp\/v2\/media\/83828"}],"wp:attachment":[{"href":"https:\/\/www.seaflowerstore.com\/de\/wp-json\/wp\/v2\/media?parent=85628"}],"wp:term":[{"taxonomy":"pwb-brand","embeddable":true,"href":"https:\/\/www.seaflowerstore.com\/de\/wp-json\/wp\/v2\/pwb-brand?post=85628"},{"taxonomy":"product_cat","embeddable":true,"href":"https:\/\/www.seaflowerstore.com\/de\/wp-json\/wp\/v2\/product_cat?post=85628"},{"taxonomy":"product_tag","embeddable":true,"href":"https:\/\/www.seaflowerstore.com\/de\/wp-json\/wp\/v2\/product_tag?post=85628"}],"curies":[{"name":"wp","href":"https:\/\/api.w.org\/{rel}","templated":true}]}}