{"id":85629,"date":"2021-10-03T13:42:51","date_gmt":"2021-10-03T09:45:12","guid":{"rendered":"https:\/\/www.seaflowerstore.com\/nl\/vitalis-plec-pellets-8mm\/"},"modified":"2025-07-20T18:47:35","modified_gmt":"2025-07-20T16:47:35","slug":"vitalis-plec-pellets-8mm","status":"publish","type":"product","link":"https:\/\/www.seaflowerstore.com\/de\/vitalis-plec-pellets-8mm\/","title":{"rendered":"Vitalis Plec Pellets (8mm)"},"content":{"rendered":"<h2>Vitalis Plec Pellets (8mm) are specifically designed for feeding Loricariidae species<\/h2>\n<p>Vitalis Plec Pellets (8 mm) sind sorgf\u00e4ltig hergestellt, um den einzigartigen Fressgewohnheiten von Loricariidae-Fischen gerecht zu werden. Das weiche Pellet-Design und die charakteristische Textur machen diese Pellets zu einer ausgezeichneten Wahl f\u00fcr ihre Ern\u00e4hrung. Vollgepackt mit Algen, Vitaminen und Mineralien bietet diese leicht verdauliche Formel die beste Ern\u00e4hrung zur Unterst\u00fctzung ihrer Gesundheit, Farbe und Vitalit\u00e4t.<\/p>\n<ul>\n<li><strong>Geeignet f\u00fcr alle grasenden Welse, einschlie\u00dflich:<\/strong> Plecostomus, Ancistrus, Whiptails, Hill Stream Loach, Gara, Panaque<\/li>\n<li><strong>Einzigartige weiche, sinkende Pelletformulierung<\/strong><\/li>\n<li><strong>Nat\u00fcrliche Inhaltsstoffe<\/strong><\/li>\n<li><strong>Weniger Abfall \u2013 verbesserte Wasserqualit\u00e4t<\/strong><\/li>\n<li><strong>Zutaten aus nachhaltiger Gewinnung<\/strong><\/li>\n<\/ul>\n<p><strong>Zusammensetzung:<\/strong> Fisch und Fischnebenerzeugnisse, Nebenerzeugnisse pflanzlichen Ursprungs, Algen, \u00d6le und Fette, Mineralien, Weichtiere und Krebstiere.<\/p>\n<p><strong>Analytische Bestandteile:<\/strong> Protein 39,4 %, Feuchtigkeit 25 %, anorganische Stoffe 17,3 %, Fettgehalt 7 %, Ballaststoffe 1,5 %.<\/p>\n","protected":false},"excerpt":{"rendered":"<p>Vitalis Plec Pellets (8mm) are specifically designed for feeding Loricariidae species<\/p>\n","protected":false},"featured_media":83827,"template":"","meta":[],"pwb-brand":[2239],"product_cat":[1447],"product_tag":[],"class_list":{"0":"post-85629","1":"product","2":"type-product","3":"status-publish","4":"has-post-thumbnail","6":"pwb-brand-vitalis","7":"product_cat-futter-de","8":"pa_content-300-gr","9":"pa_inhoud-160-gr-de","10":"pa_inhoud-1800-gr-de","11":"pa_inhoud-300-gr-de","13":"first","14":"instock","15":"sale","16":"taxable","17":"shipping-taxable","18":"purchasable","19":"product-type-variable"},"acf":[],"brands":[{"id":2239,"name":"Vitalis","slug":"vitalis"}],"_links":{"self":[{"href":"https:\/\/www.seaflowerstore.com\/de\/wp-json\/wp\/v2\/product\/85629","targetHints":{"allow":["GET"]}}],"collection":[{"href":"https:\/\/www.seaflowerstore.com\/de\/wp-json\/wp\/v2\/product"}],"about":[{"href":"https:\/\/www.seaflowerstore.com\/de\/wp-json\/wp\/v2\/types\/product"}],"wp:featuredmedia":[{"embeddable":true,"href":"https:\/\/www.seaflowerstore.com\/de\/wp-json\/wp\/v2\/media\/83827"}],"wp:attachment":[{"href":"https:\/\/www.seaflowerstore.com\/de\/wp-json\/wp\/v2\/media?parent=85629"}],"wp:term":[{"taxonomy":"pwb-brand","embeddable":true,"href":"https:\/\/www.seaflowerstore.com\/de\/wp-json\/wp\/v2\/pwb-brand?post=85629"},{"taxonomy":"product_cat","embeddable":true,"href":"https:\/\/www.seaflowerstore.com\/de\/wp-json\/wp\/v2\/product_cat?post=85629"},{"taxonomy":"product_tag","embeddable":true,"href":"https:\/\/www.seaflowerstore.com\/de\/wp-json\/wp\/v2\/product_tag?post=85629"}],"curies":[{"name":"wp","href":"https:\/\/api.w.org\/{rel}","templated":true}]}}