{"id":85632,"date":"2021-09-28T19:56:49","date_gmt":"2021-09-28T17:56:49","guid":{"rendered":"https:\/\/www.seaflowerstore.com\/nl\/nyos-pure-salt-mix-20-kg\/"},"modified":"2024-03-19T15:48:04","modified_gmt":"2024-03-19T14:48:04","slug":"nyos-pure-salt-mix-20-kg","status":"publish","type":"product","link":"https:\/\/www.seaflowerstore.com\/de\/nyos-pure-salt-mix-20-kg\/","title":{"rendered":"NYOS Pure Salt Mix &#8211; 20 kg"},"content":{"rendered":"<h2>NYOS Pure Salt Mix &#8211; 20 kg Improves color, growth, and polyp expansion of corals<\/h2>\n<p><strong>Hauptmerkmale:<\/strong><\/p>\n<ul>\n<li>Nat\u00fcrliche Werte<\/li>\n<li>Verbessert Farbe, Wachstum und Polypenwachstum von Korallen<\/li>\n<li>Ultrareine Inhaltsstoffe in pharmazeutischer Qualit\u00e4t<\/li>\n<li>Extrem schnelle L\u00f6slichkeit<\/li>\n<li>Gleichbleibende Qualit\u00e4t dank speziellem Mischverfahren<\/li>\n<li>Transparenz durch kontinuierliche ICP-Chargenkontrollen: \u00dcberpr\u00fcfen Sie die genauen Werte Ihres Eimers mit dem QR-Code auf dem Deckel!<\/li>\n<\/ul>\n<p><strong>Nyos PURE enth\u00e4lt die reinsten Inhaltsstoffe in pharmazeutischer Qualit\u00e4t:<\/strong><\/p>\n<ul>\n<li>Nyos PURE enth\u00e4lt Natriumchlorid, das in einem mehrstufigen Prozess gereinigt wird und dadurch reiner ist als Salze, die durch Meerwasserverdunstung gewonnen werden.<\/li>\n<li>Einige Inhaltsstoffe werden auch in der Medizintechnik, beispielsweise bei der Dialyse, eingesetzt.<\/li>\n<li>Entgegen der landl\u00e4ufigen Meinung sind die teuersten Komponenten In Salzmischungen sind keine Spurenelemente, sondern Calcium- und Magnesiumverbindungen. Nyos\u00ae PURE verwendet Inhaltsstoffe in pharmazeutischer Qualit\u00e4t.<\/li>\n<li>Dank dieser ultrareinen Inhaltsstoffe weist Nyos PURE eine sehr geringe Konzentration unerw\u00fcnschter Substanzen wie Mangan, Kupfer, Aluminium und anderer Schwermetalle auf, was sich positiv auf die Entwicklung von Korallen, Fischen und Wirbellosen auswirkt.<\/li>\n<\/ul>\n<p><strong>Nyos PURE l\u00f6st sich zu einer kristallklaren L\u00f6sung auf:<\/strong><\/p>\n<ul>\n<li>Das Wasser entwickelt keinen Gelbstich durch organische Verunreinigungen.<\/li>\n<li>Nyos\u00ae PURE\u00ae enth\u00e4lt im aufgel\u00f6sten Zustand fast keine unl\u00f6slichen wei\u00dfen oder schwarzen Partikel.<\/li>\n<li>Der Mischbeh\u00e4lter bleibt \u00fcber einen l\u00e4ngeren Zeitraum sauber, sodass er aufgrund von Ablagerungen und Schmutzansammlungen nicht so oft gereinigt werden muss.<\/li>\n<\/ul>\n<h3><strong>L\u00f6st sich schnell auf und kann direkt verwendet werden<\/strong><\/h3>\n<p><strong>L\u00f6st sich schnell auf:<\/strong> Dank der Reinheit der Inhaltsstoffe und der geringen Partikelgr\u00f6\u00dfe ist Nyos\u00ae PURE\u00ae l\u00f6st sich bei Raumtemperatur in ca. 5 Minuten auf.<\/p>\n<p><strong>Zur sofortigen Verwendung:<\/strong> Mit Nyos PURE angereichertes Salzwasser kann in nur wenigen Minuten einsatzbereit sein. Der allgemeine Begriff \u201eSalzwasserreifung\u201c bedeutet normalerweise, dass Verunreinigungen in unl\u00f6sliche Verbindungen ausgef\u00e4llt werden m\u00fcssen. Mit Nyos\u00ae PURE\u00ae ist dieser Schritt aufgrund seiner Reinheit unn\u00f6tig.<\/p>\n<p><strong>Probleml\u00f6ser:<\/strong> Dank der hohen Qualit\u00e4t und Reinheit des frisch zubereiteten Salzwassers k\u00f6nnen Sie bei Problemen im Aquarium gro\u00dfe Wasserwechsel von 50 % durchf\u00fchren.<\/p>\n<p><strong>Spezielles Mischverfahren:<\/strong> Ein einzigartiges Mischverfahren, das sowohl im Lebensmittel- als auch im Pharmabereich verwendet wird, gew\u00e4hrleistet bei Nyos\u00ae PURE\u00ae eine gleichbleibende Chargenqualit\u00e4t und eine hochhomogene Mischung.<\/p>\n<p><strong>Abgestimmte Partikelgr\u00f6\u00dfe:<\/strong> Die sorgf\u00e4ltig abgestimmte Partikelgr\u00f6\u00dfe verhindert eine Entmischung im Eimer und stellt sicher, dass der Salzgehalt oben und unten bei der Verwendung nahezu identisch ist.<\/p>\n<p><strong>Nat\u00fcrliches Meerwasser als Vorbild:<\/strong> Mit der Nyos\u00ae PURE\u00ae-Salzmischung versuchen wir, die Zusammensetzung des nat\u00fcrlichen Meerwassers m\u00f6glichst genau nachzubilden, was unserer Meinung nach der beste Weg ist, ein bl\u00fchendes Meerwasseraquarium zu gew\u00e4hrleisten. Nyos\u00ae PURE\u00ae hat bei einem Salzgehalt von 35 % folgende Zielhauptwerte:<\/p>\n<ul>\n<li>Karbonath\u00e4rte\/Alkalit\u00e4t: 8,5 dHK<\/li>\n<li>Magnesium: 1.350 mg\/l<\/li>\n<li>Schwefel: 900 mg\/l<\/li>\n<li>Calcium: 435 mg\/l<\/li>\n<li>Kalium: 400 mg\/l<\/li>\n<li>Brom: 62 mg\/l<\/li>\n<li>Bor: 4,5 mg\/l<\/li>\n<li>Strontium: 8 mg\/l<\/li>\n<\/ul>\n<p><strong>Keine \u00fcberm\u00e4\u00dfig hohen Werte erforderlich:<\/strong> Nyos PURE enth\u00e4lt keine \u00fcberm\u00e4\u00dfig hohen Werte an Calcium, Magnesium und Karbonath\u00e4rte. Auch nach gr\u00f6\u00dferen Wasserwechseln bleiben die Hauptwerte im Aquarium stabil.<\/p>\n<p><strong>Langzeitstabil:<\/strong> Bei Salzmischungen mit zu hohen Werten k\u00f6nnen bei der Lagerung von frisch zubereitetem Salzwasser Calcium, Karbonath\u00e4rte und Magnesium als unl\u00f6sliche Verbindungen ausfallen und zu unerw\u00fcnschten Niederschl\u00e4gen f\u00fchren. Da Nyos\u00ae PURE\u00ae die Werte im Normbereich einh\u00e4lt, tritt dies nicht ein und das Salzwasser kann l\u00e4nger gelagert werden.<\/p>\n<p><strong style=\"color: #555555; font-size: 14.4px\">Ein Salz f\u00fcr alles:<\/strong> Nyos\u00ae PURE\u00ae ist sowohl f\u00fcr kleine als auch f\u00fcr gro\u00dfe Wasserwechsel konzipiert und eignet sich daher sowohl f\u00fcr Neuanlagen als auch zur regelm\u00e4\u00dfigen Pflege.<\/p>\n<p><strong>Keine F\u00f6rderung von Algenwachstum und Cyanobakterien:<\/strong> Organische Zus\u00e4tze im Salz k\u00f6nnen bei gro\u00dfen Wasserwechseln oder Neuanlagen zu unerw\u00fcnschtem Algenwachstum und Cyanobakterien f\u00fchren. Nyos\u00ae PURE\u00ae enth\u00e4lt daher keine organischen Zus\u00e4tze.<\/p>\n<p><strong>F\u00fcr Korallen optimiert:<\/strong> Langzeittests in Korallenfarmen haben gezeigt, dass sich die hohe Reinheit und die naturnahen Gehalte von Nyos\u00ae PURE\u00ae positiv auf das Korallenwachstum auswirken.<\/p>\n<p><strong style=\"color: #555555; font-size: 14.4px\">ICP-Chargenkontrolle:<\/strong> Jede Charge Nyos\u00ae PURE\u00ae wird anhand einer ICP-Analyse kontrolliert und dokumentiert. Die wichtigsten Werte zu jedem Salzeimer finden Sie auf dessen Deckel und die komplette ICP-Analyse ist online durch Scannen des QR-Codes abrufbar.<\/p>\n<p><strong>Verbesserte Polypenausdehnung:<\/strong> Die Polypenausdehnung von SPS, LPS und Weichkorallen verbessert sich sowohl tags\u00fcber als auch nachts.<\/p>\n<p><strong>Verbesserte Farbentwicklung:<\/strong> Korallen weisen verbesserte Farben und eine sch\u00e4rfere Farbabgrenzung auf.<\/p>\n<p><strong>Wachstumsf\u00f6rdernd:<\/strong> Die Verwendung von Nyos PURE\u00ae f\u00f6rdert die vermehrte Bildung von Wachstumsspitzen und beeinflusst das Gesamtwachstum positiv. Acropora-Steinkorallen entwickeln in bemerkenswert kurzer Zeit basale Disks.<\/p>\n<p><strong>Ehrlichkeit: Was drin ist, ist auch drauf:<\/strong> Mit Nyos PURE bekommen Sie genau das, was Sie erwarten: Um einen Salzgehalt von 34 %o (35%o) zu erreichen, ben\u00f6tigen Sie 39 Gramm (40 Gramm) Nyos\u00ae PURE\u00ae pro Liter. Nicht weniger und auf keinen Fall mehr.<\/p>\n","protected":false},"excerpt":{"rendered":"<p>NYOS Pure Salt Mix &#8211; 20 kg Improves color, growth, and polyp expansion of corals<\/p>\n","protected":false},"featured_media":83824,"template":"","meta":[],"pwb-brand":[2209],"product_cat":[1443],"product_tag":[],"class_list":{"0":"post-85632","1":"product","2":"type-product","3":"status-publish","4":"has-post-thumbnail","6":"pwb-brand-nyos","7":"product_cat-salzig","9":"first","10":"outofstock","11":"taxable","12":"shipping-taxable","13":"purchasable","14":"product-type-simple"},"acf":[],"brands":[{"id":2209,"name":"NYOS","slug":"nyos"}],"_links":{"self":[{"href":"https:\/\/www.seaflowerstore.com\/de\/wp-json\/wp\/v2\/product\/85632","targetHints":{"allow":["GET"]}}],"collection":[{"href":"https:\/\/www.seaflowerstore.com\/de\/wp-json\/wp\/v2\/product"}],"about":[{"href":"https:\/\/www.seaflowerstore.com\/de\/wp-json\/wp\/v2\/types\/product"}],"wp:featuredmedia":[{"embeddable":true,"href":"https:\/\/www.seaflowerstore.com\/de\/wp-json\/wp\/v2\/media\/83824"}],"wp:attachment":[{"href":"https:\/\/www.seaflowerstore.com\/de\/wp-json\/wp\/v2\/media?parent=85632"}],"wp:term":[{"taxonomy":"pwb-brand","embeddable":true,"href":"https:\/\/www.seaflowerstore.com\/de\/wp-json\/wp\/v2\/pwb-brand?post=85632"},{"taxonomy":"product_cat","embeddable":true,"href":"https:\/\/www.seaflowerstore.com\/de\/wp-json\/wp\/v2\/product_cat?post=85632"},{"taxonomy":"product_tag","embeddable":true,"href":"https:\/\/www.seaflowerstore.com\/de\/wp-json\/wp\/v2\/product_tag?post=85632"}],"curies":[{"name":"wp","href":"https:\/\/api.w.org\/{rel}","templated":true}]}}