{"id":85633,"date":"2021-09-28T15:44:10","date_gmt":"2021-09-28T13:44:10","guid":{"rendered":"https:\/\/www.seaflowerstore.com\/nl\/new-life-spectrum-marine-formula\/"},"modified":"2024-03-19T15:48:05","modified_gmt":"2024-03-19T14:48:05","slug":"new-life-spectrum-marine-formula","status":"publish","type":"product","link":"https:\/\/www.seaflowerstore.com\/de\/new-life-spectrum-marine-formula\/","title":{"rendered":"New Life Spectrum Marine Formula"},"content":{"rendered":"<h2>New Life Spectrum Marine Formula A balanced daily diet for all types of marine fish<\/h2>\n<p>Eine ausgewogene t\u00e4gliche Ern\u00e4hrung f\u00fcr alle Arten von Meeresfischen ist in unserem beliebten 1-mm-Mikrogranulatformat erh\u00e4ltlich.<\/p>\n<p><strong>F\u00fcr:<\/strong> Meeresfische<\/p>\n<p><strong>Typ:<\/strong> <strong>1 mm sinkende Pellets<\/strong><\/p>\n<p>New Life Spectrum-Futter verwendet hochwertige Zutaten wie Krill und Hering anstelle von einfachem Fischmehl. Dieser Ansatz stellt sicher, dass Ihre Meeresfische alle wichtigen N\u00e4hrstoffe erhalten, die sie f\u00fcr Wachstum und Vitalit\u00e4t ben\u00f6tigen. Die hochwertigen Rohstoffe machen das Futter auch f\u00fcr eine breite Palette von Fischen attraktiver, selbst f\u00fcr diejenigen, die haupts\u00e4chlich gefrorene Nahrung zu sich genommen haben.<\/p>\n<p>Unsere Formel enth\u00e4lt vier nat\u00fcrliche Farbverst\u00e4rker, darunter Algenmehl und Spirulina, die eine leuchtende F\u00e4rbung f\u00f6rdern. Dar\u00fcber hinaus tragen hochwertige Fisch\u00f6le und Knoblauch zu optimaler Gesundheit und Krankheitsresistenz der Fische bei. Alle unsere Futter <strong>*<\/strong> enthalten Knoblauch, um ein gesundes Immunsystem zu unterst\u00fctzen und Schutz vor Parasiten zu bieten. (<strong>*<\/strong>Mit Ausnahme der Algendi\u00e4ten, die von einer Vielzahl anderer nat\u00fcrlicher Inhaltsstoffe profitieren.)<\/p>\n<p>Probieren Sie es aus und beobachten Sie den positiven Unterschied bei Ihren Fischen.<\/p>\n","protected":false},"excerpt":{"rendered":"<p class=\"views-field views-field-nothing\"><span class=\"field-content\">New Life Spectrum <\/span><span class=\"field-content\">Marine Formula A balanced daily diet for all types of marine fish<\/span><\/p>\n","protected":false},"featured_media":83823,"template":"","meta":[],"pwb-brand":[2303],"product_cat":[1438,1424],"product_tag":[],"class_list":{"0":"post-85633","1":"product","2":"type-product","3":"status-publish","4":"has-post-thumbnail","6":"pwb-brand-new-life-spectrum","7":"product_cat-fischfutter","8":"product_cat-futter","9":"pa_content-125-gr","10":"pa_content-250-gr","11":"pa_content-60-gr","12":"pa_inhoud-125-gr-2-de","13":"pa_inhoud-250-gr-de","14":"pa_inhoud-60-gr-de","16":"first","17":"instock","18":"taxable","19":"shipping-taxable","20":"product-type-variable"},"acf":[],"brands":[{"id":2303,"name":"New Life Spectrum","slug":"new-life-spectrum"}],"_links":{"self":[{"href":"https:\/\/www.seaflowerstore.com\/de\/wp-json\/wp\/v2\/product\/85633","targetHints":{"allow":["GET"]}}],"collection":[{"href":"https:\/\/www.seaflowerstore.com\/de\/wp-json\/wp\/v2\/product"}],"about":[{"href":"https:\/\/www.seaflowerstore.com\/de\/wp-json\/wp\/v2\/types\/product"}],"wp:featuredmedia":[{"embeddable":true,"href":"https:\/\/www.seaflowerstore.com\/de\/wp-json\/wp\/v2\/media\/83823"}],"wp:attachment":[{"href":"https:\/\/www.seaflowerstore.com\/de\/wp-json\/wp\/v2\/media?parent=85633"}],"wp:term":[{"taxonomy":"pwb-brand","embeddable":true,"href":"https:\/\/www.seaflowerstore.com\/de\/wp-json\/wp\/v2\/pwb-brand?post=85633"},{"taxonomy":"product_cat","embeddable":true,"href":"https:\/\/www.seaflowerstore.com\/de\/wp-json\/wp\/v2\/product_cat?post=85633"},{"taxonomy":"product_tag","embeddable":true,"href":"https:\/\/www.seaflowerstore.com\/de\/wp-json\/wp\/v2\/product_tag?post=85633"}],"curies":[{"name":"wp","href":"https:\/\/api.w.org\/{rel}","templated":true}]}}