{"id":85637,"date":"2021-09-28T16:31:45","date_gmt":"2021-09-28T14:31:45","guid":{"rendered":"https:\/\/www.seaflowerstore.com\/nl\/nyos-floating-fish-trap\/"},"modified":"2024-03-19T15:47:56","modified_gmt":"2024-03-19T14:47:56","slug":"nyos-floating-fish-trap","status":"publish","type":"product","link":"https:\/\/www.seaflowerstore.com\/de\/nyos-floating-fish-trap\/","title":{"rendered":"Nyos Floating Fish Trap"},"content":{"rendered":"<h2>Nyos Floating Fish Trap An air body at the opening of the trap provides a quick 90 degree turn and buoyancy of the trap and the fish<\/h2>\n<p>Mit herk\u00f6mmlichen Fallen kann das Fangen von Fischen eine ziemliche Herausforderung sein, da sie oft auf einem Mechanismus basieren, der durch eine Leine aktiviert werden muss. Die <strong>SCHWIMMENDE FISCHFALLE von Nyos<\/strong> vereinfacht diesen Vorgang jedoch erheblich. Sie funktioniert, indem sie einfach die magnetische Verbindung l\u00f6st, sobald ein Fisch gefangen ist. Der Luftk\u00f6rper an der \u00d6ffnung der Falle erm\u00f6glicht eine schnelle 90-Grad-Drehung und sorgt so f\u00fcr Auftrieb sowohl f\u00fcr die Falle als auch f\u00fcr den Fisch.<\/p>\n<h3>Flexibilit\u00e4t dank magnetischer Halterung<\/h3>\n<p>Die Fischfalle verf\u00fcgt \u00fcber eine magnetische Halterung, wodurch sie leicht an der Aquarienscheibe befestigt werden kann. Dieses Design bietet Flexibilit\u00e4t bei der Positionierung im Aquarium. Sie k\u00f6nnen die Falle nahe der Wasseroberfl\u00e4che platzieren, sodass Sie mit der mitgelieferten Pipette ganz einfach Futter hinzuf\u00fcgen k\u00f6nnen.<\/p>\n<h3>Kompakte Abmessungen<\/h3>\n<p>Die schwimmende Fischfalle Nyos ist kompakt, misst <strong>16 cm x 16 cm<\/strong>, und ihr rundes, transparentes Design wird von den Fischen schnell angenommen.<\/p>\n<h3>Tipps zum Fangen von Aquarienfischen<\/h3>\n<ul>\n<li>Die Fische brauchen Zeit, um sich an die Falle zu gew\u00f6hnen.<\/li>\n<li>F\u00fcttern Sie sie nach der Gew\u00f6hnung einfach durch die Falle.<\/li>\n<li>Befestigen Sie Algenbl\u00e4tter bei Fischen, die Algen m\u00f6gen, mit dem mitgelieferten Magneten.<\/li>\n<li>Die Pipette kann verwendet werden, um das Futter in Bewegung zu halten, da viele Fische gut auf Bewegung reagieren.<\/li>\n<li>Warten Sie bei kleineren und schnelleren Fischen, bis sie vollst\u00e4ndig in die Falle eingedrungen sind.<\/li>\n<li>Vermeiden Sie es, mit der Falle mehrere gro\u00dfe Fische gleichzeitig zu fangen.<\/li>\n<li>Wenn Sie scheue Fische haben, befestigen Sie eine Schnur an der Magnethalterung, um sie per Fernzugriff freizugeben.<\/li>\n<li>Ziehen Sie in Erw\u00e4gung, dominante Fische vorher aus dem Aquarium zu entfernen, um die scheuen Fische zu sch\u00fctzen.<\/li>\n<li>Schalten Sie bei Bedarf alle Stromquellen aus, damit das Futter in der Falle bleibt.<\/li>\n<\/ul>\n<p>Diese Falle ist f\u00fcr Glasst\u00e4rken von 8 mm bis 15 mm ausgelegt.<\/p>\n","protected":false},"excerpt":{"rendered":"<p>Nyos Floating Fish Trap An air body at the opening of the trap provides a quick 90 degree turn and buoyancy of the trap and the fish<\/p>\n","protected":false},"featured_media":83818,"template":"","meta":[],"pwb-brand":[2209],"product_cat":[1431],"product_tag":[],"class_list":{"0":"post-85637","1":"product","2":"type-product","3":"status-publish","4":"has-post-thumbnail","6":"pwb-brand-nyos","7":"product_cat-nuetzliche-artikel","9":"first","10":"instock","11":"sale","12":"taxable","13":"shipping-taxable","14":"purchasable","15":"product-type-simple"},"acf":[],"brands":[{"id":2209,"name":"NYOS","slug":"nyos"}],"_links":{"self":[{"href":"https:\/\/www.seaflowerstore.com\/de\/wp-json\/wp\/v2\/product\/85637","targetHints":{"allow":["GET"]}}],"collection":[{"href":"https:\/\/www.seaflowerstore.com\/de\/wp-json\/wp\/v2\/product"}],"about":[{"href":"https:\/\/www.seaflowerstore.com\/de\/wp-json\/wp\/v2\/types\/product"}],"wp:featuredmedia":[{"embeddable":true,"href":"https:\/\/www.seaflowerstore.com\/de\/wp-json\/wp\/v2\/media\/83818"}],"wp:attachment":[{"href":"https:\/\/www.seaflowerstore.com\/de\/wp-json\/wp\/v2\/media?parent=85637"}],"wp:term":[{"taxonomy":"pwb-brand","embeddable":true,"href":"https:\/\/www.seaflowerstore.com\/de\/wp-json\/wp\/v2\/pwb-brand?post=85637"},{"taxonomy":"product_cat","embeddable":true,"href":"https:\/\/www.seaflowerstore.com\/de\/wp-json\/wp\/v2\/product_cat?post=85637"},{"taxonomy":"product_tag","embeddable":true,"href":"https:\/\/www.seaflowerstore.com\/de\/wp-json\/wp\/v2\/product_tag?post=85637"}],"curies":[{"name":"wp","href":"https:\/\/api.w.org\/{rel}","templated":true}]}}