{"id":85638,"date":"2021-09-26T15:46:34","date_gmt":"2021-09-26T13:46:34","guid":{"rendered":"https:\/\/www.seaflowerstore.com\/nl\/wave-vacuum-cleaner-xlarge-48cm\/"},"modified":"2024-03-19T15:47:55","modified_gmt":"2024-03-19T14:47:55","slug":"wave-vacuum-cleaner-xlarge-48cm","status":"publish","type":"product","link":"https:\/\/www.seaflowerstore.com\/de\/wave-vacuum-cleaner-xlarge-48cm\/","title":{"rendered":"Wave Vacuum Cleaner XLarge &#8211; 48cm"},"content":{"rendered":"<h2>Wave Vacuum Cleaner &#8211; XLarge 48cm Enable easy water changes and effective bottom and gravel cleaning<\/h2>\n<p>Der selbstausl\u00f6sende <strong>Wave-Staubsauger<\/strong> f\u00fcr Aquarien wird komplett mit einem Rohr geliefert, sodass Sie problemlos Wasserwechsel durchf\u00fchren und den Boden und Kies Ihres Aquariums effektiv reinigen k\u00f6nnen. Er entfernt effizient Abfall und Detritus, und der selbstansaugende Siphon erm\u00f6glicht einen unkomplizierten und dennoch schnellen Saugvorgang.<\/p>\n<p><strong>So aktivieren Sie die Selbstansaugung:<\/strong><\/p>\n<ul>\n<li>Halten Sie das Rohr 10\u201315 cm \u00fcber den Siphon.<\/li>\n<li>Stecken Sie das Rohrende in einen Eimer.<\/li>\n<li>Tauchen Sie den Siphon vollst\u00e4ndig in das Aquarium ein und sch\u00fctteln Sie ihn mit einer Bewegung von oben nach unten.<\/li>\n<li>Sobald das Wasser zu flie\u00dfen beginnt, f\u00fchren Sie den Staubsauger in den Kies ein.<\/li>\n<li>Wenn F\u00e4ulnis und Abfall aufsteigen, flie\u00dfen sie durch den Siphon heraus.<\/li>\n<\/ul>\n<p>Sein cleveres Design sorgt daf\u00fcr, dass das Substrat im Staubsaugerrohr in der Schwebe bleibt. Wiederholen Sie diesen Vorgang im gesamten Aquarium, um organische Ablagerungen im Kies effektiv zu beseitigen. Denken Sie daran, nicht mehr als 50 % des Wassers auf einmal zu entfernen. Es ist ratsam, regelm\u00e4\u00dfig bis zu 25 % pro Sitzung zu reinigen.<\/p>\n","protected":false},"excerpt":{"rendered":"<p>Wave Vacuum Cleaner &#8211; XLarge 48cm Enable easy water changes and effective bottom and gravel cleaning<\/p>\n","protected":false},"featured_media":83814,"template":"","meta":[],"pwb-brand":[2167],"product_cat":[1430],"product_tag":[],"class_list":{"0":"post-85638","1":"product","2":"type-product","3":"status-publish","4":"has-post-thumbnail","6":"pwb-brand-wave","7":"product_cat-reinigungsmittel","9":"first","10":"instock","11":"taxable","12":"shipping-taxable","13":"purchasable","14":"product-type-simple"},"acf":[],"brands":[{"id":2167,"name":"Wave","slug":"wave"}],"_links":{"self":[{"href":"https:\/\/www.seaflowerstore.com\/de\/wp-json\/wp\/v2\/product\/85638","targetHints":{"allow":["GET"]}}],"collection":[{"href":"https:\/\/www.seaflowerstore.com\/de\/wp-json\/wp\/v2\/product"}],"about":[{"href":"https:\/\/www.seaflowerstore.com\/de\/wp-json\/wp\/v2\/types\/product"}],"wp:featuredmedia":[{"embeddable":true,"href":"https:\/\/www.seaflowerstore.com\/de\/wp-json\/wp\/v2\/media\/83814"}],"wp:attachment":[{"href":"https:\/\/www.seaflowerstore.com\/de\/wp-json\/wp\/v2\/media?parent=85638"}],"wp:term":[{"taxonomy":"pwb-brand","embeddable":true,"href":"https:\/\/www.seaflowerstore.com\/de\/wp-json\/wp\/v2\/pwb-brand?post=85638"},{"taxonomy":"product_cat","embeddable":true,"href":"https:\/\/www.seaflowerstore.com\/de\/wp-json\/wp\/v2\/product_cat?post=85638"},{"taxonomy":"product_tag","embeddable":true,"href":"https:\/\/www.seaflowerstore.com\/de\/wp-json\/wp\/v2\/product_tag?post=85638"}],"curies":[{"name":"wp","href":"https:\/\/api.w.org\/{rel}","templated":true}]}}