{"id":85640,"date":"2021-09-26T14:59:21","date_gmt":"2021-09-26T12:59:21","guid":{"rendered":"https:\/\/www.seaflowerstore.com\/nl\/wave-vacuum-cleaner-small-21cm\/"},"modified":"2024-03-19T15:47:51","modified_gmt":"2024-03-19T14:47:51","slug":"wave-vacuum-cleaner-small-21cm","status":"publish","type":"product","link":"https:\/\/www.seaflowerstore.com\/de\/wave-vacuum-cleaner-small-21cm\/","title":{"rendered":"Wave Vacuum Cleaner &#8211; Small 21cm"},"content":{"rendered":"<h2>Wave Vacuum Cleaner &#8211; Small 21cm Enable easy water changes and effective bottom and gravel cleaning<\/h2>\n<p>Der <strong>Wave-Staubsauger<\/strong> ist ein selbstausl\u00f6sendes Werkzeug f\u00fcr Aquarien, komplett mit einem Rohr. Es macht den Wasserwechsel zum Kinderspiel und reinigt effektiv den Boden und den Kies Ihres Aquariums. Dieses praktische Ger\u00e4t entfernt Abfall und Detritus mit Leichtigkeit. Dank seines selbstansaugenden Siphons k\u00f6nnen Sie einfaches und dennoch schnelles Saugen genie\u00dfen.<\/p>\n<p><strong>So aktivieren Sie die Selbstansaugung<\/strong><\/p>\n<p>Halten Sie zun\u00e4chst das Rohr 10\u201315 cm \u00fcber den Siphon und legen Sie das Ende des Rohrs in einen Eimer. Tauchen Sie den Siphon vollst\u00e4ndig in das Aquarium ein und sch\u00fctteln Sie ihn von oben nach unten. Sobald das Wasser zu flie\u00dfen beginnt, f\u00fchren Sie den Staubsauger in den Kies ein. Dadurch werden F\u00e4ulnis und Abfall angehoben, sodass sie durch den Siphon abflie\u00dfen k\u00f6nnen. Sein cleveres Design sorgt daf\u00fcr, dass das Substrat im Staubsaugerrohr schwebt.<\/p>\n<p>Wiederholen Sie diesen Vorgang im gesamten Aquarium, um organische Ablagerungen im Kies zu entfernen. Bitte denken Sie daran, nicht mehr als 50 % des Wassers auf einmal zu entfernen. F\u00fcr optimale Ergebnisse wird eine regelm\u00e4\u00dfige Reinigung von bis zu 25 % pro Sitzung empfohlen.<\/p>\n","protected":false},"excerpt":{"rendered":"<p>Wave Vacuum Cleaner &#8211; Small 21cm Enable easy water changes and effective bottom and gravel cleaning<\/p>\n","protected":false},"featured_media":83812,"template":"","meta":[],"pwb-brand":[2167],"product_cat":[1430],"product_tag":[],"class_list":{"0":"post-85640","1":"product","2":"type-product","3":"status-publish","4":"has-post-thumbnail","6":"pwb-brand-wave","7":"product_cat-reinigungsmittel","9":"first","10":"outofstock","11":"taxable","12":"shipping-taxable","13":"purchasable","14":"product-type-simple"},"acf":[],"brands":[{"id":2167,"name":"Wave","slug":"wave"}],"_links":{"self":[{"href":"https:\/\/www.seaflowerstore.com\/de\/wp-json\/wp\/v2\/product\/85640","targetHints":{"allow":["GET"]}}],"collection":[{"href":"https:\/\/www.seaflowerstore.com\/de\/wp-json\/wp\/v2\/product"}],"about":[{"href":"https:\/\/www.seaflowerstore.com\/de\/wp-json\/wp\/v2\/types\/product"}],"wp:featuredmedia":[{"embeddable":true,"href":"https:\/\/www.seaflowerstore.com\/de\/wp-json\/wp\/v2\/media\/83812"}],"wp:attachment":[{"href":"https:\/\/www.seaflowerstore.com\/de\/wp-json\/wp\/v2\/media?parent=85640"}],"wp:term":[{"taxonomy":"pwb-brand","embeddable":true,"href":"https:\/\/www.seaflowerstore.com\/de\/wp-json\/wp\/v2\/pwb-brand?post=85640"},{"taxonomy":"product_cat","embeddable":true,"href":"https:\/\/www.seaflowerstore.com\/de\/wp-json\/wp\/v2\/product_cat?post=85640"},{"taxonomy":"product_tag","embeddable":true,"href":"https:\/\/www.seaflowerstore.com\/de\/wp-json\/wp\/v2\/product_tag?post=85640"}],"curies":[{"name":"wp","href":"https:\/\/api.w.org\/{rel}","templated":true}]}}