{"id":85641,"date":"2021-09-21T07:19:22","date_gmt":"2021-09-21T05:19:22","guid":{"rendered":"https:\/\/www.seaflowerstore.com\/nl\/aqua-medic-refill-2-0-pump\/"},"modified":"2024-03-19T15:47:50","modified_gmt":"2024-03-19T14:47:50","slug":"aqua-medic-refill-2-0-pump","status":"publish","type":"product","link":"https:\/\/www.seaflowerstore.com\/de\/aqua-medic-refill-2-0-pump\/","title":{"rendered":"Aqua Medic refill 2.0 pump"},"content":{"rendered":"<h2>Aqua Medic refill 2.0 replaceable pump<\/h2>\n<p>Dies ist die perfekte Pumpe als Ersatz f\u00fcr Ihr Aqua Medic Refill 2.0 Verdunstungswasser-Nachf\u00fcllsystem. Bitte beachten Sie, dass R\u00fccksendungen aufgrund von Tests an m\u00f6glicherweise fehlerhaften Nachf\u00fclleinheiten nicht akzeptiert werden.<\/p>\n","protected":false},"excerpt":{"rendered":"<p>Pump to replace the Aqua Medic refill 2.0 evaporation water refill system<\/p>\n","protected":false},"featured_media":83806,"template":"","meta":[],"pwb-brand":[2149],"product_cat":[1537],"product_tag":[],"class_list":{"0":"post-85641","1":"product","2":"type-product","3":"status-publish","4":"has-post-thumbnail","6":"pwb-brand-aqua-medic","7":"product_cat-aquarientechnik","9":"first","10":"outofstock","11":"taxable","12":"shipping-taxable","13":"purchasable","14":"product-type-simple"},"acf":[],"brands":[{"id":2149,"name":"Aqua Medic","slug":"aqua-medic"}],"_links":{"self":[{"href":"https:\/\/www.seaflowerstore.com\/de\/wp-json\/wp\/v2\/product\/85641","targetHints":{"allow":["GET"]}}],"collection":[{"href":"https:\/\/www.seaflowerstore.com\/de\/wp-json\/wp\/v2\/product"}],"about":[{"href":"https:\/\/www.seaflowerstore.com\/de\/wp-json\/wp\/v2\/types\/product"}],"wp:featuredmedia":[{"embeddable":true,"href":"https:\/\/www.seaflowerstore.com\/de\/wp-json\/wp\/v2\/media\/83806"}],"wp:attachment":[{"href":"https:\/\/www.seaflowerstore.com\/de\/wp-json\/wp\/v2\/media?parent=85641"}],"wp:term":[{"taxonomy":"pwb-brand","embeddable":true,"href":"https:\/\/www.seaflowerstore.com\/de\/wp-json\/wp\/v2\/pwb-brand?post=85641"},{"taxonomy":"product_cat","embeddable":true,"href":"https:\/\/www.seaflowerstore.com\/de\/wp-json\/wp\/v2\/product_cat?post=85641"},{"taxonomy":"product_tag","embeddable":true,"href":"https:\/\/www.seaflowerstore.com\/de\/wp-json\/wp\/v2\/product_tag?post=85641"}],"curies":[{"name":"wp","href":"https:\/\/api.w.org\/{rel}","templated":true}]}}